{"id":693618,"date":"2025-08-27T14:15:14","date_gmt":"2025-08-27T11:15:14","guid":{"rendered":"https:\/\/roveyayinevi.com.tr\/index.php\/urun\/bogazici-singir-mingir-salah-bey-tarihi-3\/"},"modified":"2026-04-16T02:03:12","modified_gmt":"2026-04-15T23:03:12","slug":"bogazici-singir-mingir-salah-bey-tarihi-3","status":"publish","type":"product","link":"https:\/\/roveyayinevi.com.tr\/index.php\/urun\/bogazici-singir-mingir-salah-bey-tarihi-3\/","title":{"rendered":"Bo\u011fazi\u00e7i \u015e\u0131ng\u0131r M\u0131ng\u0131r (Salah Bey Tarihi 3)"},"content":{"rendered":"<p>Bo\u011fazi\u00e7i, D\u00fcnya Co\u011frafyas\u0131n\u0131n en g\u00fczel kesitlerinden biri. Do\u011fan\u0131n, Tarihin ve \u015eimdiki Zaman\u2019\u0131n benzersiz bir ala\u015f\u0131m\u0131. \u00dczerine \u00e7ok \u015fey yaz\u0131ld\u0131 iki bin y\u0131ld\u0131r, ama Salah Birsel\u2019in &#8220;Bo\u011fazi\u00e7i \u015e\u0131ng\u0131r M\u0131ng\u0131r&#8221;\u0131 ba\u015fka: G\u00fcn\u00fcn her saatinde nas\u0131l renk de\u011fi\u015ftiriyorsa, Birsel\u2019 in \u00fcslubu da \u00f6yle.Enis Batur<\/p>\n","protected":false},"excerpt":{"rendered":"<p>Bo\u011fazi\u00e7i, D\u00fcnya Co\u011frafyas\u0131n\u0131n en g\u00fczel kesitlerinden biri. Do\u011fan\u0131n, Tarihin ve \u015eimdiki Zaman\u2019\u0131n benzersiz bir ala\u015f\u0131m\u0131. \u00dczerine \u00e7ok \u015fey yaz\u0131ld\u0131 iki bin y\u0131ld\u0131r, ama Salah Birsel\u2019in &#8220;Bo\u011fazi\u00e7i<span class=\"excerpt-hellip\"> [\u2026]<\/span><\/p>\n","protected":false},"featured_media":0,"template":"","meta":{"_monsterinsights_skip_tracking":false,"_monsterinsights_sitenote_active":false,"_monsterinsights_sitenote_note":"","_monsterinsights_sitenote_category":0},"product_brand":[],"product_cat":[12777,12291],"product_tag":[],"class_list":{"0":"post-693618","1":"product","2":"type-product","3":"status-publish","5":"product_cat-deneme","6":"product_cat-edebiyat","7":"pa_cilt-ciltsiz","8":"pa_tur-kitap","9":"pa_yayinevi-sel-yayincilik","10":"pa_yazar-salah-birsel","12":"first","13":"instock","14":"sale","15":"shipping-taxable","16":"purchasable","17":"product-type-simple"},"_links":{"self":[{"href":"https:\/\/roveyayinevi.com.tr\/index.php\/wp-json\/wp\/v2\/product\/693618","targetHints":{"allow":["GET"]}}],"collection":[{"href":"https:\/\/roveyayinevi.com.tr\/index.php\/wp-json\/wp\/v2\/product"}],"about":[{"href":"https:\/\/roveyayinevi.com.tr\/index.php\/wp-json\/wp\/v2\/types\/product"}],"wp:attachment":[{"href":"https:\/\/roveyayinevi.com.tr\/index.php\/wp-json\/wp\/v2\/media?parent=693618"}],"wp:term":[{"taxonomy":"product_brand","embeddable":true,"href":"https:\/\/roveyayinevi.com.tr\/index.php\/wp-json\/wp\/v2\/product_brand?post=693618"},{"taxonomy":"product_cat","embeddable":true,"href":"https:\/\/roveyayinevi.com.tr\/index.php\/wp-json\/wp\/v2\/product_cat?post=693618"},{"taxonomy":"product_tag","embeddable":true,"href":"https:\/\/roveyayinevi.com.tr\/index.php\/wp-json\/wp\/v2\/product_tag?post=693618"}],"curies":[{"name":"wp","href":"https:\/\/api.w.org\/{rel}","templated":true}]}}