{"id":693616,"date":"2025-08-27T14:15:13","date_gmt":"2025-08-27T11:15:13","guid":{"rendered":"https:\/\/roveyayinevi.com.tr\/index.php\/urun\/bir-dakikalik-oykuler\/"},"modified":"2026-04-16T02:03:12","modified_gmt":"2026-04-15T23:03:12","slug":"bir-dakikalik-oykuler","status":"publish","type":"product","link":"https:\/\/roveyayinevi.com.tr\/index.php\/urun\/bir-dakikalik-oykuler\/","title":{"rendered":"Bir Dakikal\u0131k \u00d6yk\u00fcler"},"content":{"rendered":"<p>\u00c7a\u011fda\u015f Macar edebiyat\u0131n\u0131n \u00f6nemli isimlerinden \u0130stv\u00e1n \u00d6rk\u00e9ny taraf\u0131ndan ustal\u0131kla kaleme al\u0131nm\u0131\u015f bir kara mizah \u00f6rne\u011fi olan Bir Dakikal\u0131k \u00d6yk\u00fcler, \u00f6ncelikle okura zaman kazand\u0131rd\u0131\u011f\u0131 i\u00e7in k\u0131sa olmakla birlikte \u00e7ok de\u011ferlidir. \u00d6yk\u00fcler, oturarak ya da ayakta, r\u00fczg\u00e2rda, ya\u011fmurda, karda, bal\u0131k istifi bir otob\u00fcste hatta yolda y\u00fcr\u00fcrken bile okunabilir.   \u00d6nerilen okuma bi\u00e7imi: \u00f6nce ba\u015fl\u0131k, sonra \u00f6yk\u00fc. Anla\u015f\u0131lmayan \u00f6yk\u00fc tekrar okunacak, yine anla\u015f\u0131lam\u0131yorsa sorun okurda de\u011fil \u00f6yk\u00fcdedir.   Okur aptal olamaz, olsa olsa \u00f6yk\u00fcler k\u00f6t\u00fcd\u00fcr. <\/p>\n","protected":false},"excerpt":{"rendered":"<p>\u00c7a\u011fda\u015f Macar edebiyat\u0131n\u0131n \u00f6nemli isimlerinden \u0130stv\u00e1n \u00d6rk\u00e9ny taraf\u0131ndan ustal\u0131kla kaleme al\u0131nm\u0131\u015f bir kara mizah \u00f6rne\u011fi olan Bir Dakikal\u0131k \u00d6yk\u00fcler, \u00f6ncelikle okura zaman kazand\u0131rd\u0131\u011f\u0131 i\u00e7in k\u0131sa olmakla<span class=\"excerpt-hellip\"> [\u2026]<\/span><\/p>\n","protected":false},"featured_media":0,"template":"","meta":{"_monsterinsights_skip_tracking":false,"_monsterinsights_sitenote_active":false,"_monsterinsights_sitenote_note":"","_monsterinsights_sitenote_category":0},"product_brand":[],"product_cat":[13661,12291],"product_tag":[],"class_list":{"0":"post-693616","1":"product","2":"type-product","3":"status-publish","5":"product_cat-diger-ulke-edebiyatlari","6":"product_cat-edebiyat","7":"pa_cilt-ciltsiz","8":"pa_tur-kitap","9":"pa_yayinevi-sel-yayincilik","10":"pa_yazar-istvan-orkeny","12":"first","13":"instock","14":"sale","15":"shipping-taxable","16":"purchasable","17":"product-type-simple"},"_links":{"self":[{"href":"https:\/\/roveyayinevi.com.tr\/index.php\/wp-json\/wp\/v2\/product\/693616","targetHints":{"allow":["GET"]}}],"collection":[{"href":"https:\/\/roveyayinevi.com.tr\/index.php\/wp-json\/wp\/v2\/product"}],"about":[{"href":"https:\/\/roveyayinevi.com.tr\/index.php\/wp-json\/wp\/v2\/types\/product"}],"wp:attachment":[{"href":"https:\/\/roveyayinevi.com.tr\/index.php\/wp-json\/wp\/v2\/media?parent=693616"}],"wp:term":[{"taxonomy":"product_brand","embeddable":true,"href":"https:\/\/roveyayinevi.com.tr\/index.php\/wp-json\/wp\/v2\/product_brand?post=693616"},{"taxonomy":"product_cat","embeddable":true,"href":"https:\/\/roveyayinevi.com.tr\/index.php\/wp-json\/wp\/v2\/product_cat?post=693616"},{"taxonomy":"product_tag","embeddable":true,"href":"https:\/\/roveyayinevi.com.tr\/index.php\/wp-json\/wp\/v2\/product_tag?post=693616"}],"curies":[{"name":"wp","href":"https:\/\/api.w.org\/{rel}","templated":true}]}}