{"id":693614,"date":"2025-08-27T14:15:13","date_gmt":"2025-08-27T11:15:13","guid":{"rendered":"https:\/\/roveyayinevi.com.tr\/index.php\/urun\/beyaz-kupun-icinde\/"},"modified":"2026-04-16T02:03:12","modified_gmt":"2026-04-15T23:03:12","slug":"beyaz-kupun-icinde","status":"publish","type":"product","link":"https:\/\/roveyayinevi.com.tr\/index.php\/urun\/beyaz-kupun-icinde\/","title":{"rendered":"Beyaz K\u00fcp\u00fcn \u0130\u00e7inde"},"content":{"rendered":"<p>\u0130rlandal\u0131 sanat\u00e7\u0131\/ele\u015ftirmen Brian O\u2019Doherty\u2019nin i\u015faret etti\u011fi gibi biraz kilise kutsiyeti, biraz mahkeme salonu resmiyeti, biraz deney laboratuar\u0131 gizemiyle \u015f\u0131k bir tasar\u0131m\u0131 bulu\u015fturan modern sanat galerisi, benzersiz bir estetik mek\u00e2n olarak 20. Y\u00fczy\u0131l sanat\u0131n\u0131n kendine has kabu\u011fu dur. 1976\u2019da yay\u0131mlanan Beyaz K\u00fcp\u00fcn \u0130\u00e7inde &#8211; Galeri Mek\u00e2n\u0131n\u0131n \u0130deolojisi, bu kabu\u011fu yap\u0131s\u00f6k\u00fcme u\u011fratan ilk ve h\u00e2l\u00e2 ba\u015fl\u0131ca metindir. \ufffc<\/p>\n","protected":false},"excerpt":{"rendered":"<p>\u0130rlandal\u0131 sanat\u00e7\u0131\/ele\u015ftirmen Brian O\u2019Doherty\u2019nin i\u015faret etti\u011fi gibi biraz kilise kutsiyeti, biraz mahkeme salonu resmiyeti, biraz deney laboratuar\u0131 gizemiyle \u015f\u0131k bir tasar\u0131m\u0131 bulu\u015fturan modern sanat galerisi, benzersiz<span class=\"excerpt-hellip\"> [\u2026]<\/span><\/p>\n","protected":false},"featured_media":0,"template":"","meta":{"_monsterinsights_skip_tracking":false,"_monsterinsights_sitenote_active":false,"_monsterinsights_sitenote_note":"","_monsterinsights_sitenote_category":0},"product_brand":[],"product_cat":[12408],"product_tag":[],"class_list":{"0":"post-693614","1":"product","2":"type-product","3":"status-publish","5":"product_cat-sanat","6":"pa_cilt-ciltsiz","7":"pa_tur-kitap","8":"pa_yayinevi-sel-yayincilik","9":"pa_yazar-brian-odoherty","11":"first","12":"instock","13":"sale","14":"shipping-taxable","15":"purchasable","16":"product-type-simple"},"_links":{"self":[{"href":"https:\/\/roveyayinevi.com.tr\/index.php\/wp-json\/wp\/v2\/product\/693614","targetHints":{"allow":["GET"]}}],"collection":[{"href":"https:\/\/roveyayinevi.com.tr\/index.php\/wp-json\/wp\/v2\/product"}],"about":[{"href":"https:\/\/roveyayinevi.com.tr\/index.php\/wp-json\/wp\/v2\/types\/product"}],"wp:attachment":[{"href":"https:\/\/roveyayinevi.com.tr\/index.php\/wp-json\/wp\/v2\/media?parent=693614"}],"wp:term":[{"taxonomy":"product_brand","embeddable":true,"href":"https:\/\/roveyayinevi.com.tr\/index.php\/wp-json\/wp\/v2\/product_brand?post=693614"},{"taxonomy":"product_cat","embeddable":true,"href":"https:\/\/roveyayinevi.com.tr\/index.php\/wp-json\/wp\/v2\/product_cat?post=693614"},{"taxonomy":"product_tag","embeddable":true,"href":"https:\/\/roveyayinevi.com.tr\/index.php\/wp-json\/wp\/v2\/product_tag?post=693614"}],"curies":[{"name":"wp","href":"https:\/\/api.w.org\/{rel}","templated":true}]}}