{"id":693611,"date":"2025-08-27T14:15:12","date_gmt":"2025-08-27T11:15:12","guid":{"rendered":"https:\/\/roveyayinevi.com.tr\/index.php\/urun\/aynalar\/"},"modified":"2026-04-16T02:03:12","modified_gmt":"2026-04-15T23:03:12","slug":"aynalar","status":"publish","type":"product","link":"https:\/\/roveyayinevi.com.tr\/index.php\/urun\/aynalar\/","title":{"rendered":"Aynalar"},"content":{"rendered":"<p>Eserleri ve duru\u015fuyla &#8220;d\u00fcnyan\u0131n vicdan\u0131&#8221; olarak an\u0131lmay\u0131 hak eden Eduardo Galeano, alternatif tarih yaz\u0131m\u0131n\u0131n en g\u00fczel \u00f6rneklerinden biri olan Aynalar&#8217;da, insanl\u0131\u011f\u0131n g\u00f6rkemli oldu\u011fu kadar ac\u0131 veren ser\u00fcveninin umut dolu b\u00fct\u00fcn ayr\u0131nt\u0131lar\u0131nda soluk ald\u0131rarak, hayata bak\u0131\u015f a\u00e7\u0131n\u0131z\u0131 de\u011fi\u015ftirmeyi vaat ediyor.Yerk\u00fcrenin b\u00fct\u00fcn co\u011frafyalar\u0131n\u0131 ad\u0131mlayarak, fiziki oldu\u011fu kadar zihinlerdeki s\u0131n\u0131rlar\u0131n da \u00f6tesine ge\u00e7ip, unutturulmu\u015f ya da \u00f6\u011fretilmemi\u015f bamba\u015fka ger\u00e7eklikleri hat\u0131rlat\u0131yor Galeano. Her \u015feyin \u00f6z\u00fcne inmeye \u00e7al\u0131\u015fan minimalist ve n\u00fcktedan diliyle, fazladan tek bir kelime kullanmayarak; eski \u00e7a\u011flardan g\u00fcn\u00fcm\u00fcze edebi, k\u00fclt\u00fcrel ve politik anekdotlarla &#8220;Neredeyse Evrensel Bir Tarih.&#8221;<\/p>\n","protected":false},"excerpt":{"rendered":"<p>Eserleri ve duru\u015fuyla &#8220;d\u00fcnyan\u0131n vicdan\u0131&#8221; olarak an\u0131lmay\u0131 hak eden Eduardo Galeano, alternatif tarih yaz\u0131m\u0131n\u0131n en g\u00fczel \u00f6rneklerinden biri olan Aynalar&#8217;da, insanl\u0131\u011f\u0131n g\u00f6rkemli oldu\u011fu kadar ac\u0131 veren<span class=\"excerpt-hellip\"> [\u2026]<\/span><\/p>\n","protected":false},"featured_media":0,"template":"","meta":{"_monsterinsights_skip_tracking":false,"_monsterinsights_sitenote_active":false,"_monsterinsights_sitenote_note":"","_monsterinsights_sitenote_category":0},"product_brand":[],"product_cat":[12291,12711],"product_tag":[],"class_list":{"0":"post-693611","1":"product","2":"type-product","3":"status-publish","5":"product_cat-edebiyat","6":"product_cat-roman-oyku","7":"pa_cilt-ciltsiz","8":"pa_tur-kitap","9":"pa_yayinevi-sel-yayincilik","10":"pa_yazar-eduardo-galeano","12":"first","13":"instock","14":"sale","15":"shipping-taxable","16":"purchasable","17":"product-type-simple"},"_links":{"self":[{"href":"https:\/\/roveyayinevi.com.tr\/index.php\/wp-json\/wp\/v2\/product\/693611","targetHints":{"allow":["GET"]}}],"collection":[{"href":"https:\/\/roveyayinevi.com.tr\/index.php\/wp-json\/wp\/v2\/product"}],"about":[{"href":"https:\/\/roveyayinevi.com.tr\/index.php\/wp-json\/wp\/v2\/types\/product"}],"wp:attachment":[{"href":"https:\/\/roveyayinevi.com.tr\/index.php\/wp-json\/wp\/v2\/media?parent=693611"}],"wp:term":[{"taxonomy":"product_brand","embeddable":true,"href":"https:\/\/roveyayinevi.com.tr\/index.php\/wp-json\/wp\/v2\/product_brand?post=693611"},{"taxonomy":"product_cat","embeddable":true,"href":"https:\/\/roveyayinevi.com.tr\/index.php\/wp-json\/wp\/v2\/product_cat?post=693611"},{"taxonomy":"product_tag","embeddable":true,"href":"https:\/\/roveyayinevi.com.tr\/index.php\/wp-json\/wp\/v2\/product_tag?post=693611"}],"curies":[{"name":"wp","href":"https:\/\/api.w.org\/{rel}","templated":true}]}}