{"id":693603,"date":"2025-08-27T14:15:10","date_gmt":"2025-08-27T11:15:10","guid":{"rendered":"https:\/\/roveyayinevi.com.tr\/index.php\/urun\/illuminati-entrika-cemberi\/"},"modified":"2026-04-16T02:03:11","modified_gmt":"2026-04-15T23:03:11","slug":"illuminati-entrika-cemberi","status":"publish","type":"product","link":"https:\/\/roveyayinevi.com.tr\/index.php\/urun\/illuminati-entrika-cemberi\/","title":{"rendered":"\u0130lluminati &#8211; Entrika \u00c7emberi"},"content":{"rendered":"<p>S\u00fcper zenginlerin idare etti\u011fi bir D\u00fcnya Komplosu var m\u0131?  Bu zenginlerin olu\u015fturdu\u011fu kuvvet sahibi grup, gizemli \u201c\u0130lluminati\u201d olu\u015fumunun adamlar\u0131 m\u0131? D\u00fcnyay\u0131 h\u00e2kimiyet alt\u0131na alma iddias\u0131ndaki bu g\u00fcc\u00fcn, \u00fclkemizi, evlerimizi ve hatta hayat\u0131m\u0131z\u0131 tehlikeye atacak gizli g\u00fcndemleri var m\u0131?  Bankac\u0131, sanayici ve medya patronlar\u0131ndan olu\u015fan ve t\u00fcm d\u00fcnyan\u0131n servetini ve y\u00f6netimini ele ge\u00e7irmeyi ama\u00e7layan gizemli olu\u015fumun pe\u015fine d\u00fc\u015fen Texe Marrs, sekiz y\u0131ll\u0131k bir ara\u015ft\u0131rmadan sonra bu \u201cgizli \u00f6\u011freti\u201dnin s\u0131r perdesini aralad\u0131. \u201cOrdo ab chao \/ kaostan kaynaklanan d\u00fczen\u201d plan\u0131 \u00e7er\u00e7evesinde, d\u00fcnya \u00fczerinde sahnelenen b\u00fcy\u00fck oyunun fark\u0131na varmak ve senaryoyu kimlerin haz\u0131rlad\u0131\u011f\u0131n\u0131 bilmek istiyorsan\u0131z, bir sabah uyand\u0131\u011f\u0131n\u0131zda kendinizi bu Yeni D\u00fcnya D\u00fczeni&#8217;nin kurban\u0131 olarak bulmak istemiyorsanaz \u0130lluminati: Entrika \u00c7emberi&#8217;yle tan\u0131\u015f\u0131n! <\/p>\n","protected":false},"excerpt":{"rendered":"<p>S\u00fcper zenginlerin idare etti\u011fi bir D\u00fcnya Komplosu var m\u0131? Bu zenginlerin olu\u015fturdu\u011fu kuvvet sahibi grup, gizemli \u201c\u0130lluminati\u201d olu\u015fumunun adamlar\u0131 m\u0131? D\u00fcnyay\u0131 h\u00e2kimiyet alt\u0131na alma iddias\u0131ndaki bu<span class=\"excerpt-hellip\"> [\u2026]<\/span><\/p>\n","protected":false},"featured_media":0,"template":"","meta":{"_monsterinsights_skip_tracking":false,"_monsterinsights_sitenote_active":false,"_monsterinsights_sitenote_note":"","_monsterinsights_sitenote_category":0},"product_brand":[],"product_cat":[13059,12337],"product_tag":[],"class_list":{"0":"post-693603","1":"product","2":"type-product","3":"status-publish","5":"product_cat-diger-politika-siyaset","6":"product_cat-politika-siyaset","7":"pa_cilt-ciltsiz","8":"pa_tur-kitap","9":"pa_yayinevi-timas-yayinlari","10":"pa_yazar-texe-marrs","12":"first","13":"instock","14":"sale","15":"shipping-taxable","16":"purchasable","17":"product-type-simple"},"_links":{"self":[{"href":"https:\/\/roveyayinevi.com.tr\/index.php\/wp-json\/wp\/v2\/product\/693603","targetHints":{"allow":["GET"]}}],"collection":[{"href":"https:\/\/roveyayinevi.com.tr\/index.php\/wp-json\/wp\/v2\/product"}],"about":[{"href":"https:\/\/roveyayinevi.com.tr\/index.php\/wp-json\/wp\/v2\/types\/product"}],"wp:attachment":[{"href":"https:\/\/roveyayinevi.com.tr\/index.php\/wp-json\/wp\/v2\/media?parent=693603"}],"wp:term":[{"taxonomy":"product_brand","embeddable":true,"href":"https:\/\/roveyayinevi.com.tr\/index.php\/wp-json\/wp\/v2\/product_brand?post=693603"},{"taxonomy":"product_cat","embeddable":true,"href":"https:\/\/roveyayinevi.com.tr\/index.php\/wp-json\/wp\/v2\/product_cat?post=693603"},{"taxonomy":"product_tag","embeddable":true,"href":"https:\/\/roveyayinevi.com.tr\/index.php\/wp-json\/wp\/v2\/product_tag?post=693603"}],"curies":[{"name":"wp","href":"https:\/\/api.w.org\/{rel}","templated":true}]}}