{"id":693599,"date":"2025-08-27T14:15:10","date_gmt":"2025-08-27T11:15:10","guid":{"rendered":"https:\/\/roveyayinevi.com.tr\/index.php\/urun\/esrar-ve-rumuz\/"},"modified":"2026-04-16T02:03:11","modified_gmt":"2026-04-15T23:03:11","slug":"esrar-ve-rumuz","status":"publish","type":"product","link":"https:\/\/roveyayinevi.com.tr\/index.php\/urun\/esrar-ve-rumuz\/","title":{"rendered":"Esrar ve Rumuz"},"content":{"rendered":"<p>M\u00fcsl\u00fcmanl\u0131\u011f\u0131n ruhundaki b\u00fcy\u00fck faziletlerin bir destan\u0131&#8230; \u0130kbal\u2019in \u00f6ne \u00e7\u0131kan tarafl ar\u0131ndan biri de \u2018ben felsefesi\u2019 denebilecek g\u00f6r\u00fc\u015f\u00fcd\u00fcr. Tasavvuftaki fena d\u00fc\u015f\u00fcncesi daha \u00e7ok \u2018ben\u2019in yoklu\u011funa, nefsi yok etmeye kadar giderken, \u0130kbal bunun aksine bir \u015fey s\u00f6yler. Ona g\u00f6re manevi kurtulu\u015f ve olgunla\u015fma, \u2018ben\u2019in yok olmas\u0131nda de\u011fil, kendini \u201cA\u015fk\u0131n olan\u201d ile yeniden tan\u0131mlamas\u0131nda yatar. \u2018Ben\u2019i \u00f6zellikle vurgular, diri ve dinamik bir \u2018ben\u2019in kuruculu\u011fundan bahis a\u00e7ar. \u0130slam\u2019\u0131n diri ve aktif bir \u015fahsiyet \u00f6ng\u00f6rd\u00fc\u011f\u00fcn\u00fc, bu \u015fahsiyetin de dinamik bir toplum kuraca\u011f\u0131n\u0131 s\u00f6yler. M\u00fcsl\u00fcman bireye ve toplumlara, kendi benlerini ke\u015ffetme \u00e7a\u011fr\u0131s\u0131nda bulunur. \u0130stedi\u011fi, k\u00e2mil bir insan ve toplumdur. \u0130kbal, yazd\u0131\u011f\u0131 ilk mesnevi olan Esrar ve Rumuz\u2019da, i\u015fte bu \u2018ben felsefesi\u2019ni anlat\u0131r. Prof. Dr. Ali Nihat Tarlan\u2019\u0131n titizlikle \u00e7evirdi\u011fi kitap, \u201cBenli\u011fin S\u0131rlar\u0131\u201d ve \u201cBenlikten Ge\u00e7menin Remizleri\u201d isimli iki b\u00f6l\u00fcmden olu\u015fur. \u0130lk b\u00f6l\u00fcmde M\u00fcsl\u00fcman \u2018ben\u2019in nas\u0131l bir \u015fey oldu\u011funu izah eder, bu \u2018ben\u2019in d\u00fcnyas\u0131n\u0131 anlat\u0131r. Hayat\u0131n dinamik bir \u015fey oldu\u011funu, bu sebeple ancak var olabilmi\u015f bir \u2018ben\u2019le hayatta kal\u0131nabilece\u011fini s\u00f6yler. \u0130kinci b\u00f6l\u00fcmde ise bu \u2018ben\u2019den ge\u00e7i\u015fin remizlerini aktar\u0131r. \u00c7\u00fcnk\u00fc o, var olabilmi\u015f bir \u2018ben\u2019i i\u015faret etse de, bu \u2018ben\u2019in kuraca\u011f\u0131 bir d\u00fcnyay\u0131 \u00f6nemser <\/p>\n","protected":false},"excerpt":{"rendered":"<p>M\u00fcsl\u00fcmanl\u0131\u011f\u0131n ruhundaki b\u00fcy\u00fck faziletlerin bir destan\u0131&#8230; \u0130kbal\u2019in \u00f6ne \u00e7\u0131kan tarafl ar\u0131ndan biri de \u2018ben felsefesi\u2019 denebilecek g\u00f6r\u00fc\u015f\u00fcd\u00fcr. Tasavvuftaki fena d\u00fc\u015f\u00fcncesi daha \u00e7ok \u2018ben\u2019in yoklu\u011funa, nefsi yok<span class=\"excerpt-hellip\"> [\u2026]<\/span><\/p>\n","protected":false},"featured_media":0,"template":"","meta":{"_monsterinsights_skip_tracking":false,"_monsterinsights_sitenote_active":false,"_monsterinsights_sitenote_note":"","_monsterinsights_sitenote_category":0},"product_brand":[],"product_cat":[12291,12509],"product_tag":[],"class_list":{"0":"post-693599","1":"product","2":"type-product","3":"status-publish","5":"product_cat-edebiyat","6":"product_cat-siir","7":"pa_cilt-ciltsiz","8":"pa_tur-kitap","9":"pa_yayinevi-timas-yayinlari","10":"pa_yazar-muhammed-ikbal","12":"first","13":"instock","14":"sale","15":"shipping-taxable","16":"purchasable","17":"product-type-simple"},"_links":{"self":[{"href":"https:\/\/roveyayinevi.com.tr\/index.php\/wp-json\/wp\/v2\/product\/693599","targetHints":{"allow":["GET"]}}],"collection":[{"href":"https:\/\/roveyayinevi.com.tr\/index.php\/wp-json\/wp\/v2\/product"}],"about":[{"href":"https:\/\/roveyayinevi.com.tr\/index.php\/wp-json\/wp\/v2\/types\/product"}],"wp:attachment":[{"href":"https:\/\/roveyayinevi.com.tr\/index.php\/wp-json\/wp\/v2\/media?parent=693599"}],"wp:term":[{"taxonomy":"product_brand","embeddable":true,"href":"https:\/\/roveyayinevi.com.tr\/index.php\/wp-json\/wp\/v2\/product_brand?post=693599"},{"taxonomy":"product_cat","embeddable":true,"href":"https:\/\/roveyayinevi.com.tr\/index.php\/wp-json\/wp\/v2\/product_cat?post=693599"},{"taxonomy":"product_tag","embeddable":true,"href":"https:\/\/roveyayinevi.com.tr\/index.php\/wp-json\/wp\/v2\/product_tag?post=693599"}],"curies":[{"name":"wp","href":"https:\/\/api.w.org\/{rel}","templated":true}]}}