{"id":693596,"date":"2025-08-27T14:15:09","date_gmt":"2025-08-27T11:15:09","guid":{"rendered":"https:\/\/roveyayinevi.com.tr\/index.php\/urun\/eglenceli-bilgi-cesur-pilotlar\/"},"modified":"2026-04-16T02:03:11","modified_gmt":"2026-04-15T23:03:11","slug":"eglenceli-bilgi-cesur-pilotlar","status":"publish","type":"product","link":"https:\/\/roveyayinevi.com.tr\/index.php\/urun\/eglenceli-bilgi-cesur-pilotlar\/","title":{"rendered":"E\u011flenceli Bilgi Cesur Pilotlar"},"content":{"rendered":"<p>Bilim gereksiz ayr\u0131nt\u0131lardan kurtuldu! Cesur Pilotlar seni havaya u\u00e7uracak! Kalbin ke\u015ffedeceklerin i\u00e7in \u00e7arp\u0131yor mu? * Para\u015f\u00fct\u00fcn i\u00e7ine minik k\u00f6pek yavrusunu kim koydu? * Bilim adamlar\u0131 \u00f6l\u00fc ku\u015flar\u0131 ne i\u00e7in kullan\u0131yor?* D\u00fcnyan\u0131n ilk u\u00e7an koyununa ne oldu?Bilimin keyifsiz taraflar\u0131na katlanabilece\u011finizi d\u00fc\u015f\u00fcn\u00fcyorsan\u0131z, okumaya ba\u015flay\u0131n. Sonunda siz de bir u\u00e7u\u015f delisi olabilirsiniz. Sa\u00e7ma sapan u\u00e7u\u015f g\u00f6sterileriyle kahkahaya bo\u011fulacak, hangi bilim adamlar\u0131n\u0131n patlayan bir balonla havaya u\u00e7tu\u011funu \u00f6\u011frenecek ve d\u00fcnyaya meydan okuyan bir u\u00e7a\u011f\u0131n nas\u0131l yap\u0131ld\u0131\u011f\u0131n\u0131 ke\u015ffedeceksin. Masal gibi u\u00e7u\u015f dosyalar\u0131yla, kafa kar\u0131\u015ft\u0131ran sorular\u0131yla ve \u00e7\u0131lg\u0131n resimleriyle Cesur Pilotlar ayaklar\u0131n\u0131 yerden kesecek! Bilim hi\u00e7 bu kadar e\u011flenceli olmam\u0131\u015ft\u0131.<\/p>\n","protected":false},"excerpt":{"rendered":"<p>Bilim gereksiz ayr\u0131nt\u0131lardan kurtuldu! Cesur Pilotlar seni havaya u\u00e7uracak! Kalbin ke\u015ffedeceklerin i\u00e7in \u00e7arp\u0131yor mu? * Para\u015f\u00fct\u00fcn i\u00e7ine minik k\u00f6pek yavrusunu kim koydu? * Bilim adamlar\u0131 \u00f6l\u00fc<span class=\"excerpt-hellip\"> [\u2026]<\/span><\/p>\n","protected":false},"featured_media":0,"template":"","meta":{"_monsterinsights_skip_tracking":false,"_monsterinsights_sitenote_active":false,"_monsterinsights_sitenote_note":"","_monsterinsights_sitenote_category":0},"product_brand":[],"product_cat":[12274,14573],"product_tag":[],"class_list":{"0":"post-693596","1":"product","2":"type-product","3":"status-publish","5":"product_cat-cocuk-ve-genclik-kitaplari","6":"product_cat-referans-kitaplar-cocuk-ve-genclik-kitaplari","7":"pa_cilt-ciltsiz","8":"pa_tur-kitap","9":"pa_yayinevi-timas-yayinlari","10":"pa_yazar-nick-arnold","12":"first","13":"instock","14":"sale","15":"shipping-taxable","16":"purchasable","17":"product-type-simple"},"_links":{"self":[{"href":"https:\/\/roveyayinevi.com.tr\/index.php\/wp-json\/wp\/v2\/product\/693596","targetHints":{"allow":["GET"]}}],"collection":[{"href":"https:\/\/roveyayinevi.com.tr\/index.php\/wp-json\/wp\/v2\/product"}],"about":[{"href":"https:\/\/roveyayinevi.com.tr\/index.php\/wp-json\/wp\/v2\/types\/product"}],"wp:attachment":[{"href":"https:\/\/roveyayinevi.com.tr\/index.php\/wp-json\/wp\/v2\/media?parent=693596"}],"wp:term":[{"taxonomy":"product_brand","embeddable":true,"href":"https:\/\/roveyayinevi.com.tr\/index.php\/wp-json\/wp\/v2\/product_brand?post=693596"},{"taxonomy":"product_cat","embeddable":true,"href":"https:\/\/roveyayinevi.com.tr\/index.php\/wp-json\/wp\/v2\/product_cat?post=693596"},{"taxonomy":"product_tag","embeddable":true,"href":"https:\/\/roveyayinevi.com.tr\/index.php\/wp-json\/wp\/v2\/product_tag?post=693596"}],"curies":[{"name":"wp","href":"https:\/\/api.w.org\/{rel}","templated":true}]}}