{"id":693595,"date":"2025-08-27T14:15:09","date_gmt":"2025-08-27T11:15:09","guid":{"rendered":"https:\/\/roveyayinevi.com.tr\/index.php\/urun\/dusunceler\/"},"modified":"2026-04-16T02:03:11","modified_gmt":"2026-04-15T23:03:11","slug":"dusunceler","status":"publish","type":"product","link":"https:\/\/roveyayinevi.com.tr\/index.php\/urun\/dusunceler\/","title":{"rendered":"D\u00fc\u015f\u00fcnceler"},"content":{"rendered":"<p>Kainat\u0131 yaratan Allah, \u0130slamiyet\u2018i g\u00f6ndermi\u015f, bunlar\u0131n ikisini ruhla ceset gibi yapm\u0131\u015ft\u0131r. Biri giderse di\u011feri de gider; b\u00f6ylece \u0130slamiyet, kayamete kadar devam edecektir. \u0130slamiyet\u2018in k\u0131yamete kadar devam edebilmesi i\u00e7in, \u0130slam\u2018a hizmet eden M\u00fcsl\u00fcmanlar olmal\u0131d\u0131r. \u00c7\u00fcnk\u00fc \u0130slamiyet deyince akla: Kur\u2018an, Hadisler ve M\u00fcsl\u00fcmanlar gelir. Bunlardan biri devreden \u00e7\u0131karsa, \u0130slamiyet nazariyede kal\u0131r. <\/p>\n","protected":false},"excerpt":{"rendered":"<p>Kainat\u0131 yaratan Allah, \u0130slamiyet\u2018i g\u00f6ndermi\u015f, bunlar\u0131n ikisini ruhla ceset gibi yapm\u0131\u015ft\u0131r. Biri giderse di\u011feri de gider; b\u00f6ylece \u0130slamiyet, kayamete kadar devam edecektir. \u0130slamiyet\u2018in k\u0131yamete kadar devam<span class=\"excerpt-hellip\"> [\u2026]<\/span><\/p>\n","protected":false},"featured_media":0,"template":"","meta":{"_monsterinsights_skip_tracking":false,"_monsterinsights_sitenote_active":false,"_monsterinsights_sitenote_note":"","_monsterinsights_sitenote_category":0},"product_brand":[],"product_cat":[16789,12718,12719],"product_tag":[],"class_list":{"0":"post-693595","1":"product","2":"type-product","3":"status-publish","5":"product_cat-diger-islam","6":"product_cat-din","7":"product_cat-islam","8":"pa_tur-kitap","9":"pa_yayinevi-timas-yayinlari","10":"pa_yazar-hekimoglu-ismail","12":"first","13":"instock","14":"sale","15":"shipping-taxable","16":"purchasable","17":"product-type-simple"},"_links":{"self":[{"href":"https:\/\/roveyayinevi.com.tr\/index.php\/wp-json\/wp\/v2\/product\/693595","targetHints":{"allow":["GET"]}}],"collection":[{"href":"https:\/\/roveyayinevi.com.tr\/index.php\/wp-json\/wp\/v2\/product"}],"about":[{"href":"https:\/\/roveyayinevi.com.tr\/index.php\/wp-json\/wp\/v2\/types\/product"}],"wp:attachment":[{"href":"https:\/\/roveyayinevi.com.tr\/index.php\/wp-json\/wp\/v2\/media?parent=693595"}],"wp:term":[{"taxonomy":"product_brand","embeddable":true,"href":"https:\/\/roveyayinevi.com.tr\/index.php\/wp-json\/wp\/v2\/product_brand?post=693595"},{"taxonomy":"product_cat","embeddable":true,"href":"https:\/\/roveyayinevi.com.tr\/index.php\/wp-json\/wp\/v2\/product_cat?post=693595"},{"taxonomy":"product_tag","embeddable":true,"href":"https:\/\/roveyayinevi.com.tr\/index.php\/wp-json\/wp\/v2\/product_tag?post=693595"}],"curies":[{"name":"wp","href":"https:\/\/api.w.org\/{rel}","templated":true}]}}