{"id":693594,"date":"2025-08-27T14:15:08","date_gmt":"2025-08-27T11:15:08","guid":{"rendered":"https:\/\/roveyayinevi.com.tr\/index.php\/urun\/dunya-savas-tarihi-cilt-2-erken-modern-cag-1500-1763\/"},"modified":"2026-04-16T02:03:11","modified_gmt":"2026-04-15T23:03:11","slug":"dunya-savas-tarihi-cilt-2-erken-modern-cag-1500-1763","status":"publish","type":"product","link":"https:\/\/roveyayinevi.com.tr\/index.php\/urun\/dunya-savas-tarihi-cilt-2-erken-modern-cag-1500-1763\/","title":{"rendered":"D\u00fcnya Sava\u015f Tarihi Cilt 2 &#8211; Erken Modern \u00c7a\u011f  (1500-1763)"},"content":{"rendered":"<p>Viyana&#8217;nm stratejik konumu; Osmanl\u0131lara Orta Avrupa i\u00e7lerine d\u00fczenleyebilecekleri yeni seferler i\u00e7in tehdit edici birk\u00f6pr\u00fcba\u015f\u0131 vazifesi sa\u011flayacakt\u0131&#8230; Bir tarafta, K\u0131r\u0131m Tatarlar\u0131 ve Sadrazam Kara Mustafa Pa\u015fa komutas\u0131ndaki Osmanl\u0131ordusu, di\u011fer tarafta Kutsal Roma \u0130mparatorlu\u011fu arazisine yay\u0131lm\u0131\u015f prenslerin yollad\u0131\u011f\u0131 Alman k\u0131talar\u0131 ile III. JanSobieski komutas\u0131ndaki Leh ordusu&#8230; Tarihe en kanl\u0131 ve \u015fiddetli sava\u015flardan biri olarak ge\u00e7ecekKahlenberg Sava\u015f\u0131 ile sona eren II. Viyana Ku\u015fatmas\u0131 ba\u015fl\u0131yordu&#8230;ERKEN MODERN \u00c7A\u011e1500&#8217;den 1763&#8217;e muharebe y\u00f6ntemlerini anlat\u0131yor. Kitap, hafif ate\u015fli silahlar\u0131nsava\u015f meydanlar\u0131n\u0131 ele ge\u00e7irdi\u011fi bir \u00e7a\u011fda m\u00fccadeleyi kazanabitmek i\u00e7in gerek duyulane\u015fsiz taktikleri inceleyip, sava\u015f sanat\u0131nda, bir bak\u0131ma ne kadar az \u015feyinde\u011fi\u015fti\u011fini g\u00f6zler \u00f6n\u00fcne seriyor.UZMANLAR TARAFINDAN HAZIRLANAN BU K\u0130TAPTA BULACAKLARIN\u0130Z&#8230;\u2022 \u00d6zenle se\u00e7ilmi\u015f 20 sava\u015fa dair renkli haritalar; Malta Ku\u015fatmas\u0131, Viyana Ku\u015fatmas\u0131, \u0130nebaht\u0131 DenizSava\u015f\u0131 gibi Osmanl\u0131 Tarihi&#8217;nin d\u00f6n\u00fcm noktalar\u0131&#8230;\u2022 Kanuni Sultan S\u00fcleyman, B\u00fcy\u00fck Friedrich, Vauban, Turgut Reis, Kara Mustafa Pa\u015fa, K\u0131l\u0131\u00e7 Ali Pa\u015fa, Yedi Y\u0131l Sava\u015flar\u0131, \u0130ngiliz \u0130\u00e7 Sava\u015f\u0131, Ha\u00e7l\u0131 Donanmas\u0131, \u0130spanyol Armadas\u0131, Hospitalier \u015e\u00f6valyeleri,Yeni\u00e7eriler vb. Erken Modern \u00c7a\u011f&#8217;a damga vurmu\u015f ki\u015filer, \u00f6zel birlikler, olaylar&#8230;<\/p>\n","protected":false},"excerpt":{"rendered":"<p>Viyana&#8217;nm stratejik konumu; Osmanl\u0131lara Orta Avrupa i\u00e7lerine d\u00fczenleyebilecekleri yeni seferler i\u00e7in tehdit edici birk\u00f6pr\u00fcba\u015f\u0131 vazifesi sa\u011flayacakt\u0131&#8230; Bir tarafta, K\u0131r\u0131m Tatarlar\u0131 ve Sadrazam Kara Mustafa Pa\u015fa komutas\u0131ndaki<span class=\"excerpt-hellip\"> [\u2026]<\/span><\/p>\n","protected":false},"featured_media":0,"template":"","meta":{"_monsterinsights_skip_tracking":false,"_monsterinsights_sitenote_active":false,"_monsterinsights_sitenote_note":"","_monsterinsights_sitenote_category":0},"product_brand":[],"product_cat":[12305,12304],"product_tag":[],"class_list":{"0":"post-693594","1":"product","2":"type-product","3":"status-publish","5":"product_cat-dunya-tarihi","6":"product_cat-tarih","7":"pa_cilt-ciltli","8":"pa_tur-kitap","9":"pa_yayinevi-timas-yayinlari","10":"pa_yazar-christer-jorgensen","12":"first","13":"instock","14":"sale","15":"shipping-taxable","16":"purchasable","17":"product-type-simple"},"_links":{"self":[{"href":"https:\/\/roveyayinevi.com.tr\/index.php\/wp-json\/wp\/v2\/product\/693594","targetHints":{"allow":["GET"]}}],"collection":[{"href":"https:\/\/roveyayinevi.com.tr\/index.php\/wp-json\/wp\/v2\/product"}],"about":[{"href":"https:\/\/roveyayinevi.com.tr\/index.php\/wp-json\/wp\/v2\/types\/product"}],"wp:attachment":[{"href":"https:\/\/roveyayinevi.com.tr\/index.php\/wp-json\/wp\/v2\/media?parent=693594"}],"wp:term":[{"taxonomy":"product_brand","embeddable":true,"href":"https:\/\/roveyayinevi.com.tr\/index.php\/wp-json\/wp\/v2\/product_brand?post=693594"},{"taxonomy":"product_cat","embeddable":true,"href":"https:\/\/roveyayinevi.com.tr\/index.php\/wp-json\/wp\/v2\/product_cat?post=693594"},{"taxonomy":"product_tag","embeddable":true,"href":"https:\/\/roveyayinevi.com.tr\/index.php\/wp-json\/wp\/v2\/product_tag?post=693594"}],"curies":[{"name":"wp","href":"https:\/\/api.w.org\/{rel}","templated":true}]}}