{"id":693593,"date":"2025-08-27T14:15:08","date_gmt":"2025-08-27T11:15:08","guid":{"rendered":"https:\/\/roveyayinevi.com.tr\/index.php\/urun\/dort-dortluk-islemler\/"},"modified":"2026-04-16T02:03:11","modified_gmt":"2026-04-15T23:03:11","slug":"dort-dortluk-islemler","status":"publish","type":"product","link":"https:\/\/roveyayinevi.com.tr\/index.php\/urun\/dort-dortluk-islemler\/","title":{"rendered":"D\u00f6rt D\u00f6rtl\u00fck \u0130\u015flemler"},"content":{"rendered":"<p>Kendi uzay roketini tasarlamak, efsanevi bir ticaret imparatorlu\u011fu kurmak, kendine ait bir g\u00f6kdelene sahip olmak ve hatta daha \u00f6nce hi\u00e7 kimsenin akl\u0131na gelmeyen bir say\u0131y\u0131 bulmak m\u0131 istiyorsun? Bunlar\u0131n hepsine sahip olmak \u00e7ok kolay! Ama \u00f6nce zor olan\u0131 yapman gerekiyor; matemati\u011fin d\u00f6rt temel \u00f6\u011fesi seni bekliyor! <\/p>\n","protected":false},"excerpt":{"rendered":"<p>Kendi uzay roketini tasarlamak, efsanevi bir ticaret imparatorlu\u011fu kurmak, kendine ait bir g\u00f6kdelene sahip olmak ve hatta daha \u00f6nce hi\u00e7 kimsenin akl\u0131na gelmeyen bir say\u0131y\u0131 bulmak<span class=\"excerpt-hellip\"> [\u2026]<\/span><\/p>\n","protected":false},"featured_media":0,"template":"","meta":{"_monsterinsights_skip_tracking":false,"_monsterinsights_sitenote_active":false,"_monsterinsights_sitenote_note":"","_monsterinsights_sitenote_category":0},"product_brand":[],"product_cat":[12492,12274],"product_tag":[],"class_list":{"0":"post-693593","1":"product","2":"type-product","3":"status-publish","5":"product_cat-bilmece-bulmaca","6":"product_cat-cocuk-ve-genclik-kitaplari","7":"pa_cilt-ciltsiz","8":"pa_tur-kitap","9":"pa_yayinevi-timas-yayinlari","10":"pa_yazar-kjartan-poskitt","12":"first","13":"instock","14":"sale","15":"shipping-taxable","16":"purchasable","17":"product-type-simple"},"_links":{"self":[{"href":"https:\/\/roveyayinevi.com.tr\/index.php\/wp-json\/wp\/v2\/product\/693593","targetHints":{"allow":["GET"]}}],"collection":[{"href":"https:\/\/roveyayinevi.com.tr\/index.php\/wp-json\/wp\/v2\/product"}],"about":[{"href":"https:\/\/roveyayinevi.com.tr\/index.php\/wp-json\/wp\/v2\/types\/product"}],"wp:attachment":[{"href":"https:\/\/roveyayinevi.com.tr\/index.php\/wp-json\/wp\/v2\/media?parent=693593"}],"wp:term":[{"taxonomy":"product_brand","embeddable":true,"href":"https:\/\/roveyayinevi.com.tr\/index.php\/wp-json\/wp\/v2\/product_brand?post=693593"},{"taxonomy":"product_cat","embeddable":true,"href":"https:\/\/roveyayinevi.com.tr\/index.php\/wp-json\/wp\/v2\/product_cat?post=693593"},{"taxonomy":"product_tag","embeddable":true,"href":"https:\/\/roveyayinevi.com.tr\/index.php\/wp-json\/wp\/v2\/product_tag?post=693593"}],"curies":[{"name":"wp","href":"https:\/\/api.w.org\/{rel}","templated":true}]}}