{"id":693592,"date":"2025-08-27T14:15:08","date_gmt":"2025-08-27T11:15:08","guid":{"rendered":"https:\/\/roveyayinevi.com.tr\/index.php\/urun\/din-psikolojisi\/"},"modified":"2026-04-16T02:03:11","modified_gmt":"2026-04-15T23:03:11","slug":"din-psikolojisi","status":"publish","type":"product","link":"https:\/\/roveyayinevi.com.tr\/index.php\/urun\/din-psikolojisi\/","title":{"rendered":"Din Psikolojisi"},"content":{"rendered":"<p>Prof. Dr. Ali K\u00f6se ile Do\u00e7. Dr. Ali Ayten&#8217;in birlikte kaleme ald\u0131klar\u0131 &#8220;Din Psikolojisi&#8221;, din ile psikoloji ili\u015fkisini kapsaml\u0131 bir bak\u0131\u015f a\u00e7\u0131s\u0131yla ele al\u0131yor. Kitapta, psikoloji biliminin kurucu isimlerinin bilimsel d\u00fczeyde dine bak\u0131\u015flar\u0131 \u00f6zetleniyor. \u0130slam filozoflar\u0131n\u0131n ruh ve nefsle ilgili g\u00f6r\u00fc\u015fleri hakk\u0131nda kayda de\u011fer bilgiler veriliyor. Akabinde erken \u00e7a\u011flardan bug\u00fcne insano\u011flunun dinle ili\u015fkisi, inan\u00e7s\u0131zl\u0131k, dine d\u00f6n\u00fc\u015f, din de\u011fi\u015ftirme, parapsikoloji gibi olgular irdeleniyor.Din Psikolojisi, \u0130lahiyat ve Psikoloji disiplinleri ile herhangi bir y\u00f6n\u00fcyle alakadar olan, din ve maneviyat kavramlar\u0131na psikolojik y\u00f6nden de bakmak isteyen herkese hitap eden, bilimsel kesafetten s\u0131yr\u0131lm\u0131\u015f, ar\u0131-duru bir kitap.<\/p>\n","protected":false},"excerpt":{"rendered":"<p>Prof. Dr. Ali K\u00f6se ile Do\u00e7. Dr. Ali Ayten&#8217;in birlikte kaleme ald\u0131klar\u0131 &#8220;Din Psikolojisi&#8221;, din ile psikoloji ili\u015fkisini kapsaml\u0131 bir bak\u0131\u015f a\u00e7\u0131s\u0131yla ele al\u0131yor. Kitapta, psikoloji<span class=\"excerpt-hellip\"> [\u2026]<\/span><\/p>\n","protected":false},"featured_media":0,"template":"","meta":{"_monsterinsights_skip_tracking":false,"_monsterinsights_sitenote_active":false,"_monsterinsights_sitenote_note":"","_monsterinsights_sitenote_category":0},"product_brand":[],"product_cat":[16789,12718,12719],"product_tag":[],"class_list":{"0":"post-693592","1":"product","2":"type-product","3":"status-publish","5":"product_cat-diger-islam","6":"product_cat-din","7":"product_cat-islam","8":"pa_cilt-ciltsiz","9":"pa_tur-kitap","10":"pa_yayinevi-timas-yayinlari","11":"pa_yazar-ali-ayten","13":"first","14":"instock","15":"sale","16":"shipping-taxable","17":"purchasable","18":"product-type-simple"},"_links":{"self":[{"href":"https:\/\/roveyayinevi.com.tr\/index.php\/wp-json\/wp\/v2\/product\/693592","targetHints":{"allow":["GET"]}}],"collection":[{"href":"https:\/\/roveyayinevi.com.tr\/index.php\/wp-json\/wp\/v2\/product"}],"about":[{"href":"https:\/\/roveyayinevi.com.tr\/index.php\/wp-json\/wp\/v2\/types\/product"}],"wp:attachment":[{"href":"https:\/\/roveyayinevi.com.tr\/index.php\/wp-json\/wp\/v2\/media?parent=693592"}],"wp:term":[{"taxonomy":"product_brand","embeddable":true,"href":"https:\/\/roveyayinevi.com.tr\/index.php\/wp-json\/wp\/v2\/product_brand?post=693592"},{"taxonomy":"product_cat","embeddable":true,"href":"https:\/\/roveyayinevi.com.tr\/index.php\/wp-json\/wp\/v2\/product_cat?post=693592"},{"taxonomy":"product_tag","embeddable":true,"href":"https:\/\/roveyayinevi.com.tr\/index.php\/wp-json\/wp\/v2\/product_tag?post=693592"}],"curies":[{"name":"wp","href":"https:\/\/api.w.org\/{rel}","templated":true}]}}