{"id":693590,"date":"2025-08-27T14:15:08","date_gmt":"2025-08-27T11:15:08","guid":{"rendered":"https:\/\/roveyayinevi.com.tr\/index.php\/urun\/davam\/"},"modified":"2026-04-16T02:03:11","modified_gmt":"2026-04-15T23:03:11","slug":"davam","status":"publish","type":"product","link":"https:\/\/roveyayinevi.com.tr\/index.php\/urun\/davam\/","title":{"rendered":"Davam"},"content":{"rendered":"<p>Onlar inand\u0131klar\u0131 dava ad\u0131na m\u00fccadele vermenin a\u011f\u0131r bedellerine g\u00f6\u011f\u00fcs geren iman dolu nesillerdi. Evinde dini kitap bulundurman\u0131n, hadis-i \u015ferif meali, Kur\u2019an-\u0131 Kerim tefsiri okuman\u0131n laikli\u011fe ayk\u0131r\u0131 hareket say\u0131ld\u0131\u011f\u0131 g\u00fcnleri g\u00f6rd\u00fcler. Sadece bu sebeplerle on binlerce M\u00fcsl\u00fcman\u0131n mahk\u00fbm edildi\u011fi, vazifelerinden uzakla\u015ft\u0131r\u0131ld\u0131\u011f\u0131 d\u00f6nemleri ya\u015fad\u0131lar. Ama vazge\u00e7mediler. Bu insanlar\u0131n hepsinin \u201csu\u00e7 aleti\u201d ayn\u0131yd\u0131: Dini kitap, tespih, takke, Kur\u2019\u00e2n, , c\u00fcbbe, sar\u0131k\u2026 Sadece Kur\u2019\u00e2n-\u0131 Kerim tefsiri ve dini kitaplar okuduklar\u0131 i\u00e7in o zamanki TCK\u2019n\u0131n 163. Maddesine dayan\u0131larak \u015fik\u00e2yet edilen, tevkif edilen, lehte bilirki\u015fi raporlar\u0131 olmas\u0131na ra\u011fmen mahk\u00fbm edilen bir neslin verdi\u011fi hukuk m\u00fccadelesini, hayattaki son \u015fahitleri aktar\u0131yor. Davam, geni\u015fletilmi\u015f yeni bask\u0131s\u0131yla yeniden raflarda. T\u00fcrkiye\u2019nin zor y\u0131llar\u0131n\u0131 daha iyi anlamak isteyenler i\u00e7in\u2026 <\/p>\n","protected":false},"excerpt":{"rendered":"<p>Onlar inand\u0131klar\u0131 dava ad\u0131na m\u00fccadele vermenin a\u011f\u0131r bedellerine g\u00f6\u011f\u00fcs geren iman dolu nesillerdi. Evinde dini kitap bulundurman\u0131n, hadis-i \u015ferif meali, Kur\u2019an-\u0131 Kerim tefsiri okuman\u0131n laikli\u011fe ayk\u0131r\u0131<span class=\"excerpt-hellip\"> [\u2026]<\/span><\/p>\n","protected":false},"featured_media":0,"template":"","meta":{"_monsterinsights_skip_tracking":false,"_monsterinsights_sitenote_active":false,"_monsterinsights_sitenote_note":"","_monsterinsights_sitenote_category":0},"product_brand":[],"product_cat":[12718,12719],"product_tag":[],"class_list":{"0":"post-693590","1":"product","2":"type-product","3":"status-publish","5":"product_cat-din","6":"product_cat-islam","7":"pa_cilt-ciltsiz","8":"pa_tur-kitap","9":"pa_yayinevi-timas-yayinlari","10":"pa_yazar-a-rahmi-erdem","12":"first","13":"instock","14":"sale","15":"shipping-taxable","16":"purchasable","17":"product-type-simple"},"_links":{"self":[{"href":"https:\/\/roveyayinevi.com.tr\/index.php\/wp-json\/wp\/v2\/product\/693590","targetHints":{"allow":["GET"]}}],"collection":[{"href":"https:\/\/roveyayinevi.com.tr\/index.php\/wp-json\/wp\/v2\/product"}],"about":[{"href":"https:\/\/roveyayinevi.com.tr\/index.php\/wp-json\/wp\/v2\/types\/product"}],"wp:attachment":[{"href":"https:\/\/roveyayinevi.com.tr\/index.php\/wp-json\/wp\/v2\/media?parent=693590"}],"wp:term":[{"taxonomy":"product_brand","embeddable":true,"href":"https:\/\/roveyayinevi.com.tr\/index.php\/wp-json\/wp\/v2\/product_brand?post=693590"},{"taxonomy":"product_cat","embeddable":true,"href":"https:\/\/roveyayinevi.com.tr\/index.php\/wp-json\/wp\/v2\/product_cat?post=693590"},{"taxonomy":"product_tag","embeddable":true,"href":"https:\/\/roveyayinevi.com.tr\/index.php\/wp-json\/wp\/v2\/product_tag?post=693590"}],"curies":[{"name":"wp","href":"https:\/\/api.w.org\/{rel}","templated":true}]}}