{"id":693588,"date":"2025-08-27T14:15:07","date_gmt":"2025-08-27T11:15:07","guid":{"rendered":"https:\/\/roveyayinevi.com.tr\/index.php\/urun\/sakincali-asker\/"},"modified":"2026-04-16T02:03:11","modified_gmt":"2026-04-15T23:03:11","slug":"sakincali-asker","status":"publish","type":"product","link":"https:\/\/roveyayinevi.com.tr\/index.php\/urun\/sakincali-asker\/","title":{"rendered":"Sak\u0131ncal\u0131 Asker"},"content":{"rendered":"<p>Bu \u00fclkenin 28 \u015eubat\u2019la hesapla\u015fmas\u0131 hen\u00fcz bitmedi. Asl\u0131nda belki de yeni\/den ba\u015fl\u0131yor. Son g\u00fcnlerde Meclis Ara\u015ft\u0131rma Komisyonu\u2019nun g\u00fcndeminde de 28 \u015eubat var. Peki bu s\u00fcre\u00e7te subay, astsubay ve askeri \u00f6\u011frencilerin maruz kald\u0131\u011f\u0131   y\u0131ld\u0131rma   ve   bezdirme   giri\u015fimleri asl\u0131nda neye tekab\u00fcl ediyor? Fi\u015flemeler, zorunlu istifaya veya emeklili\u011fe yol a\u00e7an uygulamalar   psikolojik ter\u00f6r   yani   mobbing   olarak adland\u0131r\u0131labilir mi? <\/p>\n","protected":false},"excerpt":{"rendered":"<p>Bu \u00fclkenin 28 \u015eubat\u2019la hesapla\u015fmas\u0131 hen\u00fcz bitmedi. Asl\u0131nda belki de yeni\/den ba\u015fl\u0131yor. Son g\u00fcnlerde Meclis Ara\u015ft\u0131rma Komisyonu\u2019nun g\u00fcndeminde de 28 \u015eubat var. Peki bu s\u00fcre\u00e7te subay,<span class=\"excerpt-hellip\"> [\u2026]<\/span><\/p>\n","protected":false},"featured_media":0,"template":"","meta":{"_monsterinsights_skip_tracking":false,"_monsterinsights_sitenote_active":false,"_monsterinsights_sitenote_note":"","_monsterinsights_sitenote_category":0},"product_brand":[],"product_cat":[13059,12337],"product_tag":[],"class_list":{"0":"post-693588","1":"product","2":"type-product","3":"status-publish","5":"product_cat-diger-politika-siyaset","6":"product_cat-politika-siyaset","7":"pa_tur-kitap","8":"pa_yayinevi-timas-yayinlari","9":"pa_yazar-saban-cobanoglu","11":"first","12":"instock","13":"sale","14":"shipping-taxable","15":"purchasable","16":"product-type-simple"},"_links":{"self":[{"href":"https:\/\/roveyayinevi.com.tr\/index.php\/wp-json\/wp\/v2\/product\/693588","targetHints":{"allow":["GET"]}}],"collection":[{"href":"https:\/\/roveyayinevi.com.tr\/index.php\/wp-json\/wp\/v2\/product"}],"about":[{"href":"https:\/\/roveyayinevi.com.tr\/index.php\/wp-json\/wp\/v2\/types\/product"}],"wp:attachment":[{"href":"https:\/\/roveyayinevi.com.tr\/index.php\/wp-json\/wp\/v2\/media?parent=693588"}],"wp:term":[{"taxonomy":"product_brand","embeddable":true,"href":"https:\/\/roveyayinevi.com.tr\/index.php\/wp-json\/wp\/v2\/product_brand?post=693588"},{"taxonomy":"product_cat","embeddable":true,"href":"https:\/\/roveyayinevi.com.tr\/index.php\/wp-json\/wp\/v2\/product_cat?post=693588"},{"taxonomy":"product_tag","embeddable":true,"href":"https:\/\/roveyayinevi.com.tr\/index.php\/wp-json\/wp\/v2\/product_tag?post=693588"}],"curies":[{"name":"wp","href":"https:\/\/api.w.org\/{rel}","templated":true}]}}