{"id":693586,"date":"2025-08-27T14:15:07","date_gmt":"2025-08-27T11:15:07","guid":{"rendered":"https:\/\/roveyayinevi.com.tr\/index.php\/urun\/kayi-3-haremeyn-hizmetinde\/"},"modified":"2026-04-16T02:03:11","modified_gmt":"2026-04-15T23:03:11","slug":"kayi-3-haremeyn-hizmetinde","status":"publish","type":"product","link":"https:\/\/roveyayinevi.com.tr\/index.php\/urun\/kayi-3-haremeyn-hizmetinde\/","title":{"rendered":"Kay\u0131 3 &#8211; Haremeyn Hizmetinde"},"content":{"rendered":"<p>Y\u00fcce Allah beni atalar\u0131m\u0131n oca\u011f\u0131na padi\u015fah yap\u0131nca, \u015feriki ve benzeri olmayan Hakk Teala hazretlerine tazarru ve niyaz ile m\u00fcnacaatlar eyledim. Ey asuman u zeminin yarat\u0131c\u0131s\u0131 ve ey ins \u00fc cinin ve hayvanlar\u0131n r\u0131z\u0131k vericisi Kerim ve Rahim olan Rabbim, Harem-i hass\u0131n olan Beytullah\u2019\u0131n \u2013ki o K\u00e2be-i saadet-pen\u00e2hd\u0131r- bulundu\u011fu Mekke-i M\u00fckerreme ile iki cihan fahri habibin Muhammed Mustafa\u2019n\u0131n mezarlar\u0131, saadetl\u00fc merkad-i h\u00fcmayunlar\u0131n\u0131n oldu\u011fu Medine-i M\u00fcnevvere\u2019nin s\u00fcp\u00fcrgecili\u011fini bana nasip eyle!Yavuz Sultan SelimOsmanl\u0131 Tarihi\u2019ni herkese sevdiren Prof. Dr. Ahmet \u015eim\u015firgil, Osmanl\u0131 Devleti\u2019nin soluk solu\u011fa devam eden ser\u00fcvenine KAYI III: Haremeyn Hizmetinde ile devam ediyor. Fatih Sultan Mehmed\u2019in bir cihan devleti h\u00e2line getirdi\u011fi imparatorluk, onun \u00f6l\u00fcm\u00fcyle ba\u015fa ge\u00e7en o\u011flu II. Bayezid devrinde iki b\u00fcy\u00fck \u00e7eki\u015fmeye sahne olacakt\u0131r. Sultan Bayezid Han\u2019\u0131n saltanat\u0131n\u0131n ba\u015flang\u0131c\u0131nda karde\u015fi Cem Sultan\u2019la m\u00fccadelesi sonunda ise o\u011fullar\u0131 aras\u0131nda ba\u015f g\u00f6steren taht kavgalar\u0131 d\u00f6neme damgas\u0131n\u0131 vuracakt\u0131r. Karde\u015f kavgalar\u0131n\u0131n neden oldu\u011fu kaostan istifade eden Safeviler ise, Anadolu\u2019yu bir yang\u0131n yerine \u00e7evirecektir. \u015eahkulu Baba Tekeli ve Nur Ali Halife isyanlar\u0131nda binlerce Anadolu insan\u0131 hayat\u0131n\u0131 kaybetmi\u015ftir.\u0130\u015fte b\u00f6yle bir zamanda saltanat\u0131 babas\u0131 II. Bayezid\u2019den devralan Selim Han\u2019\u0131n imparatorlukta yeniden birlik ve beraberli\u011fi sa\u011flama m\u00fccadelesine ve cihangir padi\u015fah\u0131n k\u0131sa zamandaki ak\u0131l almaz fetihlerine KAYI III: Haremeyn Hizmetinde kitab\u0131nda yakinen tan\u0131k olacaks\u0131n\u0131z. Ayn\u0131 zamanda yine II. Bayezid ve Yavuz Sultan Selim d\u00f6nemindeki sava\u015flar\u0131, imar faaliyetleri ve ad\u0131 ge\u00e7en padi\u015fahlar\u0131n manevi ve \u00f6zel ya\u015famlar\u0131na dair bir\u00e7ok bilinmeyen bilgi keyifli bir tarih sohbeti tad\u0131ndaki bu eserde sizleri bekliyor.<\/p>\n","protected":false},"excerpt":{"rendered":"<p>Y\u00fcce Allah beni atalar\u0131m\u0131n oca\u011f\u0131na padi\u015fah yap\u0131nca, \u015feriki ve benzeri olmayan Hakk Teala hazretlerine tazarru ve niyaz ile m\u00fcnacaatlar eyledim. Ey asuman u zeminin yarat\u0131c\u0131s\u0131 ve<span class=\"excerpt-hellip\"> [\u2026]<\/span><\/p>\n","protected":false},"featured_media":0,"template":"","meta":{"_monsterinsights_skip_tracking":false,"_monsterinsights_sitenote_active":false,"_monsterinsights_sitenote_note":"","_monsterinsights_sitenote_category":0},"product_brand":[],"product_cat":[13517,12304],"product_tag":[],"class_list":{"0":"post-693586","1":"product","2":"type-product","3":"status-publish","5":"product_cat-osmanli-tarihi","6":"product_cat-tarih","7":"pa_cilt-ciltsiz","8":"pa_tur-kitap","9":"pa_yayinevi-timas-yayinlari","10":"pa_yazar-ahmet-simsirgil","12":"first","13":"instock","14":"sale","15":"shipping-taxable","16":"purchasable","17":"product-type-simple"},"_links":{"self":[{"href":"https:\/\/roveyayinevi.com.tr\/index.php\/wp-json\/wp\/v2\/product\/693586","targetHints":{"allow":["GET"]}}],"collection":[{"href":"https:\/\/roveyayinevi.com.tr\/index.php\/wp-json\/wp\/v2\/product"}],"about":[{"href":"https:\/\/roveyayinevi.com.tr\/index.php\/wp-json\/wp\/v2\/types\/product"}],"wp:attachment":[{"href":"https:\/\/roveyayinevi.com.tr\/index.php\/wp-json\/wp\/v2\/media?parent=693586"}],"wp:term":[{"taxonomy":"product_brand","embeddable":true,"href":"https:\/\/roveyayinevi.com.tr\/index.php\/wp-json\/wp\/v2\/product_brand?post=693586"},{"taxonomy":"product_cat","embeddable":true,"href":"https:\/\/roveyayinevi.com.tr\/index.php\/wp-json\/wp\/v2\/product_cat?post=693586"},{"taxonomy":"product_tag","embeddable":true,"href":"https:\/\/roveyayinevi.com.tr\/index.php\/wp-json\/wp\/v2\/product_tag?post=693586"}],"curies":[{"name":"wp","href":"https:\/\/api.w.org\/{rel}","templated":true}]}}