{"id":693580,"date":"2025-08-27T14:15:05","date_gmt":"2025-08-27T11:15:05","guid":{"rendered":"https:\/\/roveyayinevi.com.tr\/index.php\/urun\/kadin-sultanlar\/"},"modified":"2026-04-16T02:03:11","modified_gmt":"2026-04-15T23:03:11","slug":"kadin-sultanlar","status":"publish","type":"product","link":"https:\/\/roveyayinevi.com.tr\/index.php\/urun\/kadin-sultanlar\/","title":{"rendered":"Kad\u0131n Sultanlar"},"content":{"rendered":"<p>Onlar, bir r\u00fcyadan devlet \u00e7\u0131karan milletin, bir devleti r\u00fcya ile ayakta tutmaya \u00e7al\u0131\u015fan anneleriydiler&#8230; As\u0131rlarca yedi iklime, adaleti, bar\u0131\u015f\u0131, insana sayg\u0131y\u0131 ve onuru, refah\u0131 ve dayan\u0131\u015fmay\u0131 g\u00f6t\u00fcren, Osmanl\u0131\u2018y\u0131 bir medeniyet m\u00fchr\u00fc k\u0131lan ruh, onlar\u0131n tezg\u00e2h\u0131nda dokundu. \u00c7o\u011fu kez tarihin solgun, eskimi\u015f ve \u00f6ne \u00e7\u0131kar\u0131lmayan sayfalar\u0131nda kald\u0131lar, \u00f6ne \u00e7\u0131kanlar\u0131n ise kad\u0131nl\u0131k, e\u015f ve annelik hisleri ya yads\u0131nd\u0131 ya da ba\u015fka t\u00fcrl\u00fc yorumland\u0131&#8230; G\u00fczelliklerinin \u00f6tesinde, pek \u00e7ok meziyetlere sahip, cihana h\u00fckmeden devletli padi\u015fahlara e\u015f olan, anne olan Sultanlar, Hasekiler kendi hik\u00e2yelerini anlatmak i\u00e7in geliyorlar Sibel Eraslan\u2018\u0131n yaz\u0131 masas\u0131na bu defa. Osmanl\u0131 Devleti\u2018nin kurulu\u015f, y\u00fckseli\u015f, duraklama ve \u00e7\u00f6k\u00fc\u015f d\u00f6nemlerinden se\u00e7ilmi\u015f padi\u015fah e\u015flerinin, k\u0131zlar\u0131n\u0131n ger\u00e7ek hik\u00e2yeleri, ya\u015fad\u0131klar\u0131 d\u00f6nemlerin kayda de\u011fer olaylar\u0131 \u00e7er\u00e7evesinde dile geliyor. <\/p>\n","protected":false},"excerpt":{"rendered":"<p>Onlar, bir r\u00fcyadan devlet \u00e7\u0131karan milletin, bir devleti r\u00fcya ile ayakta tutmaya \u00e7al\u0131\u015fan anneleriydiler&#8230; As\u0131rlarca yedi iklime, adaleti, bar\u0131\u015f\u0131, insana sayg\u0131y\u0131 ve onuru, refah\u0131 ve dayan\u0131\u015fmay\u0131<span class=\"excerpt-hellip\"> [\u2026]<\/span><\/p>\n","protected":false},"featured_media":0,"template":"","meta":{"_monsterinsights_skip_tracking":false,"_monsterinsights_sitenote_active":false,"_monsterinsights_sitenote_note":"","_monsterinsights_sitenote_category":0},"product_brand":[],"product_cat":[12291,12745],"product_tag":[],"class_list":{"0":"post-693580","1":"product","2":"type-product","3":"status-publish","5":"product_cat-edebiyat","6":"product_cat-tarihi-roman","7":"pa_cilt-ciltsiz","8":"pa_tur-kitap","9":"pa_yayinevi-timas-yayinlari","10":"pa_yazar-sibel-eraslan","12":"first","13":"instock","14":"sale","15":"shipping-taxable","16":"purchasable","17":"product-type-simple"},"_links":{"self":[{"href":"https:\/\/roveyayinevi.com.tr\/index.php\/wp-json\/wp\/v2\/product\/693580","targetHints":{"allow":["GET"]}}],"collection":[{"href":"https:\/\/roveyayinevi.com.tr\/index.php\/wp-json\/wp\/v2\/product"}],"about":[{"href":"https:\/\/roveyayinevi.com.tr\/index.php\/wp-json\/wp\/v2\/types\/product"}],"wp:attachment":[{"href":"https:\/\/roveyayinevi.com.tr\/index.php\/wp-json\/wp\/v2\/media?parent=693580"}],"wp:term":[{"taxonomy":"product_brand","embeddable":true,"href":"https:\/\/roveyayinevi.com.tr\/index.php\/wp-json\/wp\/v2\/product_brand?post=693580"},{"taxonomy":"product_cat","embeddable":true,"href":"https:\/\/roveyayinevi.com.tr\/index.php\/wp-json\/wp\/v2\/product_cat?post=693580"},{"taxonomy":"product_tag","embeddable":true,"href":"https:\/\/roveyayinevi.com.tr\/index.php\/wp-json\/wp\/v2\/product_tag?post=693580"}],"curies":[{"name":"wp","href":"https:\/\/api.w.org\/{rel}","templated":true}]}}