{"id":693578,"date":"2025-08-27T14:15:05","date_gmt":"2025-08-27T11:15:05","guid":{"rendered":"https:\/\/roveyayinevi.com.tr\/index.php\/urun\/james-joyce-buyuk-yazarin-gizli-evreni\/"},"modified":"2026-04-16T02:03:11","modified_gmt":"2026-04-15T23:03:11","slug":"james-joyce-buyuk-yazarin-gizli-evreni","status":"publish","type":"product","link":"https:\/\/roveyayinevi.com.tr\/index.php\/urun\/james-joyce-buyuk-yazarin-gizli-evreni\/","title":{"rendered":"James Joyce B\u00fcy\u00fck Yazar\u0131n Gizli Evreni"},"content":{"rendered":"<p>Bir dostlu\u011fun hikayesini okuyoruz bu kitapta. \u0130rlanda\u2018y\u0131 terk etmi\u015f, Paris\u2018te yeni heyecanlar\u0131n pe\u015fine d\u00fc\u015fm\u00fc\u015f, sanat\u0131n ard\u0131nda yolunu bulmaya \u00e7al\u0131\u015fan gen\u00e7 bir ressam Arthur Power ile \u00fclkesi \u0130rlanda\u2018dan yine ayn\u0131 \u015fehre, fakat farkl\u0131 bir \u015feyler bulmaya gelmi\u015f James Joyce\u2018un dostlu\u011fu. Bu iki farkl\u0131 karakter, sohbetlerinde edebiyat okurlar\u0131n\u0131n hep merak etti\u011fi ancak izine pek rastlayamad\u0131klar\u0131 pek \u00e7ok sorunun cevab\u0131n\u0131 veriyor. <\/p>\n","protected":false},"excerpt":{"rendered":"<p>Bir dostlu\u011fun hikayesini okuyoruz bu kitapta. \u0130rlanda\u2018y\u0131 terk etmi\u015f, Paris\u2018te yeni heyecanlar\u0131n pe\u015fine d\u00fc\u015fm\u00fc\u015f, sanat\u0131n ard\u0131nda yolunu bulmaya \u00e7al\u0131\u015fan gen\u00e7 bir ressam Arthur Power ile \u00fclkesi<span class=\"excerpt-hellip\"> [\u2026]<\/span><\/p>\n","protected":false},"featured_media":0,"template":"","meta":{"_monsterinsights_skip_tracking":false,"_monsterinsights_sitenote_active":false,"_monsterinsights_sitenote_note":"","_monsterinsights_sitenote_category":0},"product_brand":[],"product_cat":[14009,12291],"product_tag":[],"class_list":{"0":"post-693578","1":"product","2":"type-product","3":"status-publish","5":"product_cat-biyografi-otobiyografi-edebiyat","6":"product_cat-edebiyat","7":"pa_tur-kitap","8":"pa_yayinevi-timas-yayinlari","9":"pa_yazar-arthur-power","11":"first","12":"instock","13":"sale","14":"shipping-taxable","15":"purchasable","16":"product-type-simple"},"_links":{"self":[{"href":"https:\/\/roveyayinevi.com.tr\/index.php\/wp-json\/wp\/v2\/product\/693578","targetHints":{"allow":["GET"]}}],"collection":[{"href":"https:\/\/roveyayinevi.com.tr\/index.php\/wp-json\/wp\/v2\/product"}],"about":[{"href":"https:\/\/roveyayinevi.com.tr\/index.php\/wp-json\/wp\/v2\/types\/product"}],"wp:attachment":[{"href":"https:\/\/roveyayinevi.com.tr\/index.php\/wp-json\/wp\/v2\/media?parent=693578"}],"wp:term":[{"taxonomy":"product_brand","embeddable":true,"href":"https:\/\/roveyayinevi.com.tr\/index.php\/wp-json\/wp\/v2\/product_brand?post=693578"},{"taxonomy":"product_cat","embeddable":true,"href":"https:\/\/roveyayinevi.com.tr\/index.php\/wp-json\/wp\/v2\/product_cat?post=693578"},{"taxonomy":"product_tag","embeddable":true,"href":"https:\/\/roveyayinevi.com.tr\/index.php\/wp-json\/wp\/v2\/product_tag?post=693578"}],"curies":[{"name":"wp","href":"https:\/\/api.w.org\/{rel}","templated":true}]}}