{"id":693577,"date":"2025-08-27T14:15:05","date_gmt":"2025-08-27T11:15:05","guid":{"rendered":"https:\/\/roveyayinevi.com.tr\/index.php\/urun\/istanbul-dedektifleri-kayip-haritanin-pesinde\/"},"modified":"2026-04-16T02:03:11","modified_gmt":"2026-04-15T23:03:11","slug":"istanbul-dedektifleri-kayip-haritanin-pesinde","status":"publish","type":"product","link":"https:\/\/roveyayinevi.com.tr\/index.php\/urun\/istanbul-dedektifleri-kayip-haritanin-pesinde\/","title":{"rendered":"\u0130stanbul Dedektifleri &#8211; Kay\u0131p Haritan\u0131n Pe\u015finde"},"content":{"rendered":"<p>Bilgin, Bilge ve Bora&#8230; \u00dc\u00e7 karde\u015f, \u0130stanbul\u2019un tarih\u00ee g\u00fczelliklerini g\u00f6rmek i\u00e7in gittikleri \u0130stanbul\u2019da kendilerini, heyecanl\u0131 ve bir o kadar da tehlikeli bir maceran\u0131n i\u00e7inde bulurlar. Y\u0131ld\u0131z ad\u0131nda birinden Bilgin\u2019e gelen bir mail, onlar\u0131 ne oldu\u011funu bilmedikleri bir haritan\u0131n pe\u015fine d\u00fc\u015f\u00fcrecek ve sonras\u0131nda olaylar hi\u00e7 beklemedikleri \u015fekilde geli\u015fecektir. Tabii, \u0130stanbul\u2019un e\u015fsiz g\u00fczelli\u011fi e\u015fli\u011finde!.. \ufffcTan\u0131t\u0131m Metni<\/p>\n","protected":false},"excerpt":{"rendered":"<p>Bilgin, Bilge ve Bora&#8230; \u00dc\u00e7 karde\u015f, \u0130stanbul\u2019un tarih\u00ee g\u00fczelliklerini g\u00f6rmek i\u00e7in gittikleri \u0130stanbul\u2019da kendilerini, heyecanl\u0131 ve bir o kadar da tehlikeli bir maceran\u0131n i\u00e7inde bulurlar. Y\u0131ld\u0131z<span class=\"excerpt-hellip\"> [\u2026]<\/span><\/p>\n","protected":false},"featured_media":0,"template":"","meta":{"_monsterinsights_skip_tracking":false,"_monsterinsights_sitenote_active":false,"_monsterinsights_sitenote_note":"","_monsterinsights_sitenote_category":0},"product_brand":[],"product_cat":[12291,12711],"product_tag":[],"class_list":{"0":"post-693577","1":"product","2":"type-product","3":"status-publish","5":"product_cat-edebiyat","6":"product_cat-roman-oyku","7":"pa_cilt-ciltsiz","8":"pa_tur-kitap","9":"pa_yayinevi-timas-yayinlari","10":"pa_yazar-mustafa-orakci","12":"first","13":"instock","14":"sale","15":"shipping-taxable","16":"purchasable","17":"product-type-simple"},"_links":{"self":[{"href":"https:\/\/roveyayinevi.com.tr\/index.php\/wp-json\/wp\/v2\/product\/693577","targetHints":{"allow":["GET"]}}],"collection":[{"href":"https:\/\/roveyayinevi.com.tr\/index.php\/wp-json\/wp\/v2\/product"}],"about":[{"href":"https:\/\/roveyayinevi.com.tr\/index.php\/wp-json\/wp\/v2\/types\/product"}],"wp:attachment":[{"href":"https:\/\/roveyayinevi.com.tr\/index.php\/wp-json\/wp\/v2\/media?parent=693577"}],"wp:term":[{"taxonomy":"product_brand","embeddable":true,"href":"https:\/\/roveyayinevi.com.tr\/index.php\/wp-json\/wp\/v2\/product_brand?post=693577"},{"taxonomy":"product_cat","embeddable":true,"href":"https:\/\/roveyayinevi.com.tr\/index.php\/wp-json\/wp\/v2\/product_cat?post=693577"},{"taxonomy":"product_tag","embeddable":true,"href":"https:\/\/roveyayinevi.com.tr\/index.php\/wp-json\/wp\/v2\/product_tag?post=693577"}],"curies":[{"name":"wp","href":"https:\/\/api.w.org\/{rel}","templated":true}]}}