{"id":693575,"date":"2025-08-27T14:15:04","date_gmt":"2025-08-27T11:15:04","guid":{"rendered":"https:\/\/roveyayinevi.com.tr\/index.php\/urun\/istanbul-dedektifleri-karalti-cetesinin-pesinde\/"},"modified":"2026-04-16T02:03:11","modified_gmt":"2026-04-15T23:03:11","slug":"istanbul-dedektifleri-karalti-cetesinin-pesinde","status":"publish","type":"product","link":"https:\/\/roveyayinevi.com.tr\/index.php\/urun\/istanbul-dedektifleri-karalti-cetesinin-pesinde\/","title":{"rendered":"\u0130stanbul Dedektifleri &#8211; Karalt\u0131 \u00c7etesinin Pe\u015finde"},"content":{"rendered":"<p>\u0130lk kitapta haritay\u0131 ararken kendilerini Karalt\u0131 \u00c7etesi\u2019nin kirli oyununun i\u00e7inde bulan Bilgin, Bilge ve Bora, bu kez onlar\u0131n pe\u015finden gidiyor! Ancak \u00e7etenin yapaca\u011f\u0131 b\u00fcy\u00fck h\u0131rs\u0131zl\u0131\u011f\u0131 \u00f6nleyebilmek i\u00e7in \u00e7\u00f6zmeleri gereken bilmeceler var. Acaba \u0130stanbul Dedektifleri, \u0130stanbul\u2019un tarih\u00ee yar\u0131madas\u0131nda zamanla yar\u0131\u015f\u0131rken bu i\u015fi ba\u015farabilecekler midir? <\/p>\n","protected":false},"excerpt":{"rendered":"<p>\u0130lk kitapta haritay\u0131 ararken kendilerini Karalt\u0131 \u00c7etesi\u2019nin kirli oyununun i\u00e7inde bulan Bilgin, Bilge ve Bora, bu kez onlar\u0131n pe\u015finden gidiyor! Ancak \u00e7etenin yapaca\u011f\u0131 b\u00fcy\u00fck h\u0131rs\u0131zl\u0131\u011f\u0131 \u00f6nleyebilmek<span class=\"excerpt-hellip\"> [\u2026]<\/span><\/p>\n","protected":false},"featured_media":0,"template":"","meta":{"_monsterinsights_skip_tracking":false,"_monsterinsights_sitenote_active":false,"_monsterinsights_sitenote_note":"","_monsterinsights_sitenote_category":0},"product_brand":[],"product_cat":[12291,12711],"product_tag":[],"class_list":{"0":"post-693575","1":"product","2":"type-product","3":"status-publish","5":"product_cat-edebiyat","6":"product_cat-roman-oyku","7":"pa_cilt-ciltsiz","8":"pa_tur-kitap","9":"pa_yayinevi-timas-yayinlari","10":"pa_yazar-mustafa-orakci","12":"first","13":"instock","14":"sale","15":"shipping-taxable","16":"purchasable","17":"product-type-simple"},"_links":{"self":[{"href":"https:\/\/roveyayinevi.com.tr\/index.php\/wp-json\/wp\/v2\/product\/693575","targetHints":{"allow":["GET"]}}],"collection":[{"href":"https:\/\/roveyayinevi.com.tr\/index.php\/wp-json\/wp\/v2\/product"}],"about":[{"href":"https:\/\/roveyayinevi.com.tr\/index.php\/wp-json\/wp\/v2\/types\/product"}],"wp:attachment":[{"href":"https:\/\/roveyayinevi.com.tr\/index.php\/wp-json\/wp\/v2\/media?parent=693575"}],"wp:term":[{"taxonomy":"product_brand","embeddable":true,"href":"https:\/\/roveyayinevi.com.tr\/index.php\/wp-json\/wp\/v2\/product_brand?post=693575"},{"taxonomy":"product_cat","embeddable":true,"href":"https:\/\/roveyayinevi.com.tr\/index.php\/wp-json\/wp\/v2\/product_cat?post=693575"},{"taxonomy":"product_tag","embeddable":true,"href":"https:\/\/roveyayinevi.com.tr\/index.php\/wp-json\/wp\/v2\/product_tag?post=693575"}],"curies":[{"name":"wp","href":"https:\/\/api.w.org\/{rel}","templated":true}]}}