{"id":693574,"date":"2025-08-27T14:15:04","date_gmt":"2025-08-27T11:15:04","guid":{"rendered":"https:\/\/roveyayinevi.com.tr\/index.php\/urun\/islamin-siyasallasmasi\/"},"modified":"2026-04-16T02:03:11","modified_gmt":"2026-04-15T23:03:11","slug":"islamin-siyasallasmasi","status":"publish","type":"product","link":"https:\/\/roveyayinevi.com.tr\/index.php\/urun\/islamin-siyasallasmasi\/","title":{"rendered":"\u0130slam\u2019\u0131n Siyasalla\u015fmas\u0131"},"content":{"rendered":"<p>\u0130sl\u00e2m\u2019\u0131n Siyasalla\u015fmas\u0131, T\u00fcrkiye\u2019nin yeti\u015ftirdi\u011fi en k\u0131ymetli bilim adamlar\u0131ndan; y\u0131llarca yapt\u0131\u011f\u0131 \u00e7al\u0131\u015fmalarla \u00fclkemizin siyaset ve sosyal bilimlerine m\u00fchim katk\u0131larda bulunmu\u015f Kemal H. Karpat\u2019\u0131n kendi ifadesiyle \u201cmeslek\u00ee hayat\u0131m boyunca zihnimde yo\u011furdu\u011fum\u201d dedi\u011fi en \u00f6nemli eseridir.Kitapta, bilhassa imparatorlu\u011fun son d\u00f6nemlerinde II. Abd\u00fclhamid\u2019in d\u0131\u015f siyasetinin devletin b\u00fct\u00fcnl\u00fc\u011f\u00fcn\u00fc koruyucu anlay\u0131\u015f\u0131na, e\u011fitim sisteminin yeniden bi\u00e7imlendirilmesine, saltanat\u0131n siyasi ve sosyal g\u00fcc\u00fcn\u00fcn att\u0131r\u0131lmas\u0131 i\u00e7in yap\u0131lan \u00e7al\u0131\u015fmalara yer verilmi\u015ftir. Karpat, padi\u015fah\u0131n saltanat\u0131n\u0131n son y\u0131llar\u0131nda ya\u015fanan de\u011fi\u015fmelerle birlikte, istibdata y\u00f6nelik hareketlerin nas\u0131l bir rejim de\u011fi\u015fikli\u011fine ve \u201ch\u00fcrriyet\u201d, \u201ce\u015fitlik\u201d ve \u201ckarde\u015flik\u201d \u00f6zlemlerine kaynakl\u0131k etti\u011fini de geni\u015f bir bak\u0131\u015f a\u00e7\u0131s\u0131yla analiz etmektedir. G\u00fcn\u00fcm\u00fczde T\u00fcrkiye\u2019de ya\u015fayan T\u00fcrklerin \u00e7o\u011funlu\u011funun \u201corta yolda\u201d, modernist, ilerici ve demokrat oldu\u011funu s\u00f6yleyen, fakat ayn\u0131 zamanda dinin emirlerine uysun ya da uymas\u0131n M\u00fcsl\u00fcman olduklar\u0131n\u0131 savunan Kemal H. Karpat, bu \u00e7al\u0131\u015fmas\u0131nda, T\u00fcrkiye\u2019de modernlik, demokrasi ve \u0130sl\u00e2m\u2019\u0131n birbiriyle \u00e7at\u0131\u015fan de\u011fil, birbirini tamamlayan kavramlar oldu\u011funa dikkatleri \u00e7ekmektedir. \u201cOsmanl\u0131 \u0130mparatorlu\u011fu\u2019nun d\u00fcnya sistemine dahil oldu\u011fu 19. y\u00fczy\u0131lda kapitalizmin imparatorluk \u00fczerine etkilerini de ele alan bu kitap, d\u00f6nemin ekonomisi ve toplumunu temel alan birinci s\u0131n\u0131f bir entelekt\u00fcel tarih \u00e7al\u0131\u015fmas\u0131d\u0131r.\u201d Feroz Ahmad \u201cKemal Karpat bu kitapta, Osmanl\u0131 \u0130mparatorlu\u011fu\u2019nun \u0130sl\u00e2m ve modernite aras\u0131nda s\u00fcrd\u00fcrd\u00fc\u011f\u00fc \u00f6l\u00fcmc\u00fcl ve baki d\u00f6n\u00fc\u015f\u00fcm\u00fc b\u00fct\u00fcnl\u00fckl\u00fc bir \u015fekilde resmeden bilindik yakla\u015f\u0131m\u0131n aksini g\u00f6stermekle kalm\u0131yor, bu de\u011fi\u015fimin 19. y\u00fczy\u0131l ve erken 20. y\u00fczy\u0131l boyunca nas\u0131l ger\u00e7ekle\u015fti\u011fini derinlikli bir tahlilden ge\u00e7iriyor; devletin in\u015fas\u0131, \u0130sl\u00e2m\u2019\u0131n siyasalla\u015fmas\u0131 ve gelene\u011fin ke\u015ffini ustaca \u00e7\u00f6z\u00fcml\u00fcyor.\u201d M. \u015e\u00fckr\u00fc Hanio\u011flu<\/p>\n","protected":false},"excerpt":{"rendered":"<p>\u0130sl\u00e2m\u2019\u0131n Siyasalla\u015fmas\u0131, T\u00fcrkiye\u2019nin yeti\u015ftirdi\u011fi en k\u0131ymetli bilim adamlar\u0131ndan; y\u0131llarca yapt\u0131\u011f\u0131 \u00e7al\u0131\u015fmalarla \u00fclkemizin siyaset ve sosyal bilimlerine m\u00fchim katk\u0131larda bulunmu\u015f Kemal H. Karpat\u2019\u0131n kendi ifadesiyle \u201cmeslek\u00ee hayat\u0131m<span class=\"excerpt-hellip\"> [\u2026]<\/span><\/p>\n","protected":false},"featured_media":0,"template":"","meta":{"_monsterinsights_skip_tracking":false,"_monsterinsights_sitenote_active":false,"_monsterinsights_sitenote_note":"","_monsterinsights_sitenote_category":0},"product_brand":[],"product_cat":[12718,12719,18109],"product_tag":[],"class_list":{"0":"post-693574","1":"product","2":"type-product","3":"status-publish","5":"product_cat-din","6":"product_cat-islam","7":"product_cat-islam-tarihi","8":"pa_cilt-ciltsiz","9":"pa_tur-kitap","10":"pa_yayinevi-timas-yayinlari","11":"pa_yazar-kemal-h-karpat","13":"first","14":"instock","15":"sale","16":"shipping-taxable","17":"purchasable","18":"product-type-simple"},"_links":{"self":[{"href":"https:\/\/roveyayinevi.com.tr\/index.php\/wp-json\/wp\/v2\/product\/693574","targetHints":{"allow":["GET"]}}],"collection":[{"href":"https:\/\/roveyayinevi.com.tr\/index.php\/wp-json\/wp\/v2\/product"}],"about":[{"href":"https:\/\/roveyayinevi.com.tr\/index.php\/wp-json\/wp\/v2\/types\/product"}],"wp:attachment":[{"href":"https:\/\/roveyayinevi.com.tr\/index.php\/wp-json\/wp\/v2\/media?parent=693574"}],"wp:term":[{"taxonomy":"product_brand","embeddable":true,"href":"https:\/\/roveyayinevi.com.tr\/index.php\/wp-json\/wp\/v2\/product_brand?post=693574"},{"taxonomy":"product_cat","embeddable":true,"href":"https:\/\/roveyayinevi.com.tr\/index.php\/wp-json\/wp\/v2\/product_cat?post=693574"},{"taxonomy":"product_tag","embeddable":true,"href":"https:\/\/roveyayinevi.com.tr\/index.php\/wp-json\/wp\/v2\/product_tag?post=693574"}],"curies":[{"name":"wp","href":"https:\/\/api.w.org\/{rel}","templated":true}]}}