{"id":693573,"date":"2025-08-27T14:15:04","date_gmt":"2025-08-27T11:15:04","guid":{"rendered":"https:\/\/roveyayinevi.com.tr\/index.php\/urun\/canakkalenin-kadin-kahramani-safiye-huseyin\/"},"modified":"2026-04-16T02:03:11","modified_gmt":"2026-04-15T23:03:11","slug":"canakkalenin-kadin-kahramani-safiye-huseyin","status":"publish","type":"product","link":"https:\/\/roveyayinevi.com.tr\/index.php\/urun\/canakkalenin-kadin-kahramani-safiye-huseyin\/","title":{"rendered":"\u00c7anakkale\u2019nin Kad\u0131n Kahraman\u0131 Safiye H\u00fcseyin"},"content":{"rendered":"<p>Tarihin en kanl\u0131 sava\u015flar\u0131ndan birinde, \u00c7anakkale\u2018de kahraman askerlerimizin yan\u0131nda g\u00f6rev yapan bir T\u00fcrk kad\u0131n\u0131, ilk T\u00fcrk Hem\u015firesi Safiye H\u00fcseyin. Bu memleketin evl\u00e2tlar\u0131, vatan i\u00e7in hi\u00e7 sak\u0131nmadan en onulmaz yaralar\u0131 al\u0131rken, onlara var g\u00fcc\u00fcyle destek olan bir kad\u0131n kahraman do\u011fuyor; Safiye H\u00fcseyin&#8230; G\u00f6zlerini k\u0131rpmadan cepheye ko\u015fan kahraman Mehmetlere, Bekir \u00c7avu\u015flara cephe gerisinde destek olan y\u00fcce g\u00f6n\u00fcll\u00fc kad\u0131nlar\u0131m\u0131zdan biri. Bir an bile teredd\u00fct etmeden vatan u\u011fruna topra\u011fa d\u00fc\u015fmeyi g\u00f6ze alan, vazifelerini yerine getirmeyi her \u015feyden aziz bilen ceng\u00e2verlerin, yaral\u0131 yi\u011fitlerin \u00f6zledi\u011fi anne \u015fefkati Safiye H\u00fcseyin\u2018in inan\u00e7 dolu y\u00fcre\u011finde cisimle\u015fiyor. Osmanl\u0131\u2018n\u0131n \u0130ngiltere Deniz Ata\u015fesi Ahmet Pa\u015fa\u2018n\u0131n son derece iyi bir e\u011fitim alm\u0131\u015f k\u0131z\u0131 Safiye H\u00fcseyin, ilk olarak Balkan Harbi\u2018nde g\u00f6z\u00fcn\u00fc k\u0131rpmadan cepheye gidip askerlerimizin yaras\u0131n\u0131 sarm\u0131\u015ft\u0131. Tarihin en kanl\u0131 sava\u015flar\u0131ndan biri olan \u00c7anakkale Muhabereleri ya\u015fan\u0131rken de, cepheden uzak kalamazd\u0131. \u0130stanbul\u2018dan kalkan Re\u015fitpa\u015fa vapuruyla Mehmet\u00e7iklerin yaralar\u0131n\u0131 sarmaya ko\u015ftu. Besim \u00d6mer Pa\u015fam, yi\u011fitlerimizin yaras\u0131n\u0131 sarmak gibi bir ulvi g\u00f6revi yerine getirme saadetini tecr\u00fcbe etmeme izin veriniz. \u0130yile\u015ftirdi\u011fim her yara benim i\u00e7in k\u00fc\u00e7\u00fck bir madalya olacak&#8230; Bu hizmete ko\u015farken hi\u00e7bir \u00f6d\u00fcl beklemedi\u011fimi a\u00e7\u0131k ve kesin bir dille ifade etmek isterim. G\u00f6revimiz efendim&#8230; G\u00f6revden de hangi \u015fartlar alt\u0131nda olursa olsun ka\u00e7mam. Ka\u00e7amam. Canlar\u0131n\u0131 sak\u0131nmayan bunca yi\u011fidin yaras\u0131n\u0131 sarmak i\u00e7in gitmekten ben neden imtina edeyim? Yolumuzda denizalt\u0131lar olsa bile. Ne fark eder? Ne gam ki Besim \u00d6mer Pa\u015fam?&#8230; \u015eunu iyi biliniz Pa\u015fam, i\u00e7ime do\u011fmaktad\u0131r ki, Rabbim bizi bu g\u00f6revimizin aciliyetinden, \u00f6neminden dolay\u0131 in\u015fallah koruyacak ve esirgeyecektir. G\u00f6zetecektir. Oraya sa\u011f salim gidece\u011fiz ve yaral\u0131lar\u0131m\u0131z\u0131 al\u0131p \u0130stanbul\u2018a yine sa\u011f salim d\u00f6nece\u011fiz&#8230; <\/p>\n","protected":false},"excerpt":{"rendered":"<p>Tarihin en kanl\u0131 sava\u015flar\u0131ndan birinde, \u00c7anakkale\u2018de kahraman askerlerimizin yan\u0131nda g\u00f6rev yapan bir T\u00fcrk kad\u0131n\u0131, ilk T\u00fcrk Hem\u015firesi Safiye H\u00fcseyin. Bu memleketin evl\u00e2tlar\u0131, vatan i\u00e7in hi\u00e7 sak\u0131nmadan<span class=\"excerpt-hellip\"> [\u2026]<\/span><\/p>\n","protected":false},"featured_media":0,"template":"","meta":{"_monsterinsights_skip_tracking":false,"_monsterinsights_sitenote_active":false,"_monsterinsights_sitenote_note":"","_monsterinsights_sitenote_category":0},"product_brand":[],"product_cat":[12291,12745],"product_tag":[],"class_list":{"0":"post-693573","1":"product","2":"type-product","3":"status-publish","5":"product_cat-edebiyat","6":"product_cat-tarihi-roman","7":"pa_cilt-ciltsiz","8":"pa_tur-kitap","9":"pa_yayinevi-timas-yayinlari","10":"pa_yazar-ismail-bilgin","12":"first","13":"instock","14":"sale","15":"shipping-taxable","16":"purchasable","17":"product-type-simple"},"_links":{"self":[{"href":"https:\/\/roveyayinevi.com.tr\/index.php\/wp-json\/wp\/v2\/product\/693573","targetHints":{"allow":["GET"]}}],"collection":[{"href":"https:\/\/roveyayinevi.com.tr\/index.php\/wp-json\/wp\/v2\/product"}],"about":[{"href":"https:\/\/roveyayinevi.com.tr\/index.php\/wp-json\/wp\/v2\/types\/product"}],"wp:attachment":[{"href":"https:\/\/roveyayinevi.com.tr\/index.php\/wp-json\/wp\/v2\/media?parent=693573"}],"wp:term":[{"taxonomy":"product_brand","embeddable":true,"href":"https:\/\/roveyayinevi.com.tr\/index.php\/wp-json\/wp\/v2\/product_brand?post=693573"},{"taxonomy":"product_cat","embeddable":true,"href":"https:\/\/roveyayinevi.com.tr\/index.php\/wp-json\/wp\/v2\/product_cat?post=693573"},{"taxonomy":"product_tag","embeddable":true,"href":"https:\/\/roveyayinevi.com.tr\/index.php\/wp-json\/wp\/v2\/product_tag?post=693573"}],"curies":[{"name":"wp","href":"https:\/\/api.w.org\/{rel}","templated":true}]}}