{"id":693571,"date":"2025-08-27T14:15:04","date_gmt":"2025-08-27T11:15:04","guid":{"rendered":"https:\/\/roveyayinevi.com.tr\/index.php\/urun\/insan-ne-ile-yasar-6\/"},"modified":"2026-03-23T02:03:11","modified_gmt":"2026-03-22T23:03:11","slug":"insan-ne-ile-yasar-6","status":"publish","type":"product","link":"https:\/\/roveyayinevi.com.tr\/index.php\/urun\/insan-ne-ile-yasar-6\/","title":{"rendered":"\u0130nsan Ne ile Ya\u015far?"},"content":{"rendered":"<p>Stefan Zweig\u2019in deyimiyle \u201ckendi hayat\u0131n\u0131n \u015fiirini yazanlar\u201ddan biri olan Tolstoy, \u0130nsan Ne ile Ya\u015far kitab\u0131yla okurun kar\u015f\u0131s\u0131na \u00e7\u0131k\u0131yor. Bilindi\u011fi gibi Tolstoy, elli ya\u015f\u0131ndan sonra bir aray\u0131\u015f i\u00e7erisine girer. Kendisi de bir soylu olan Tolstoy, safl\u0131k ve sadeli\u011fi, k\u00f6yl\u00fcler veya fakir halk\u0131n aras\u0131nda aramaya ba\u015flar. Yoksulluklar\u0131na ra\u011fmen onlar\u0131 mutlu eden s\u0131rr\u0131n, inan\u00e7lar\u0131 oldu\u011funu ke\u015ffeder. Kat\u0131\u015f\u0131ks\u0131z olanda gizli erdemleri, eserinin oda\u011f\u0131na yerle\u015ftirir. \u0130\u015fte \u0130nsan Ne ile Ya\u015far, Tolstoy\u2019un erdemlerle bezedi\u011fi felsefesinden dam\u0131t\u0131lm\u0131\u015f bir demet \u00f6yk\u00fc sunuyor bize.<\/p>\n","protected":false},"excerpt":{"rendered":"<p>Stefan Zweig\u2019in deyimiyle \u201ckendi hayat\u0131n\u0131n \u015fiirini yazanlar\u201ddan biri olan Tolstoy, \u0130nsan Ne ile Ya\u015far kitab\u0131yla okurun kar\u015f\u0131s\u0131na \u00e7\u0131k\u0131yor. Bilindi\u011fi gibi Tolstoy, elli ya\u015f\u0131ndan sonra bir aray\u0131\u015f<span class=\"excerpt-hellip\"> [\u2026]<\/span><\/p>\n","protected":false},"featured_media":0,"template":"","meta":{"_monsterinsights_skip_tracking":false,"_monsterinsights_sitenote_active":false,"_monsterinsights_sitenote_note":"","_monsterinsights_sitenote_category":0},"product_brand":[],"product_cat":[12291,13570],"product_tag":[],"class_list":{"0":"post-693571","1":"product","2":"type-product","3":"status-publish","5":"product_cat-edebiyat","6":"product_cat-rus-edebiyati","7":"pa_cilt-ciltsiz","8":"pa_tur-kitap","9":"pa_yayinevi-timas-yayinlari","10":"pa_yazar-lev-nikolayevic-tolstoy","12":"first","13":"instock","14":"sale","15":"shipping-taxable","16":"purchasable","17":"product-type-simple"},"_links":{"self":[{"href":"https:\/\/roveyayinevi.com.tr\/index.php\/wp-json\/wp\/v2\/product\/693571","targetHints":{"allow":["GET"]}}],"collection":[{"href":"https:\/\/roveyayinevi.com.tr\/index.php\/wp-json\/wp\/v2\/product"}],"about":[{"href":"https:\/\/roveyayinevi.com.tr\/index.php\/wp-json\/wp\/v2\/types\/product"}],"wp:attachment":[{"href":"https:\/\/roveyayinevi.com.tr\/index.php\/wp-json\/wp\/v2\/media?parent=693571"}],"wp:term":[{"taxonomy":"product_brand","embeddable":true,"href":"https:\/\/roveyayinevi.com.tr\/index.php\/wp-json\/wp\/v2\/product_brand?post=693571"},{"taxonomy":"product_cat","embeddable":true,"href":"https:\/\/roveyayinevi.com.tr\/index.php\/wp-json\/wp\/v2\/product_cat?post=693571"},{"taxonomy":"product_tag","embeddable":true,"href":"https:\/\/roveyayinevi.com.tr\/index.php\/wp-json\/wp\/v2\/product_tag?post=693571"}],"curies":[{"name":"wp","href":"https:\/\/api.w.org\/{rel}","templated":true}]}}