{"id":693570,"date":"2025-08-27T14:15:03","date_gmt":"2025-08-27T11:15:03","guid":{"rendered":"https:\/\/roveyayinevi.com.tr\/index.php\/urun\/imparatorlugun-sonu-1914\/"},"modified":"2026-04-16T02:03:11","modified_gmt":"2026-04-15T23:03:11","slug":"imparatorlugun-sonu-1914","status":"publish","type":"product","link":"https:\/\/roveyayinevi.com.tr\/index.php\/urun\/imparatorlugun-sonu-1914\/","title":{"rendered":"\u0130mparatorlu\u011fun Sonu 1914"},"content":{"rendered":"<p>Birinci D\u00fcnya Sava\u015f\u0131\u2019n\u0131n 100. y\u0131l\u0131na girdi\u011fimiz \u015fu g\u00fcnlerde mutlaka okunmas\u0131 gereken bir ba\u015fvuru eseri: \u0130mparatorlu\u011fun Sonu 1914.  Birinci D\u00fcnya Sava\u015f\u0131 s\u00fcresince Osmanl\u0131 ordusunda g\u00f6rev alan Liman von Sanders Pa\u015fa\u2019n\u0131n emir subay\u0131 Carl M\u00fchlman, Alman Devlet Ar\u015fivi (Reichsarchiv), Deniz Kuvvetleri Ar\u015fivi (Marine-Archiv) ve D\u0131\u015fi\u015fleri Siyasi Ar\u015fivi\u2019ndeki (Politisches Archiv des Ausv\u00e4rtiges Amtes) belgeleri ve tan\u0131k oldu\u011fu olaylar\u0131 birle\u015ftirerek Osmanl\u0131 \u0130mparatorlu\u011fu\u2019nun sava\u015fa giri\u015f s\u00fcrecini, sava\u015f s\u00fcresince imparatorlukta ya\u015fananlar\u0131 ve imparatorlu\u011fun sonunu getiren sava\u015f\u0131n sonu\u00e7lar\u0131n\u0131 ilk defa yay\u0131nlanan belgelerle anlat\u0131yor. <\/p>\n","protected":false},"excerpt":{"rendered":"<p>Birinci D\u00fcnya Sava\u015f\u0131\u2019n\u0131n 100. y\u0131l\u0131na girdi\u011fimiz \u015fu g\u00fcnlerde mutlaka okunmas\u0131 gereken bir ba\u015fvuru eseri: \u0130mparatorlu\u011fun Sonu 1914. Birinci D\u00fcnya Sava\u015f\u0131 s\u00fcresince Osmanl\u0131 ordusunda g\u00f6rev alan Liman<span class=\"excerpt-hellip\"> [\u2026]<\/span><\/p>\n","protected":false},"featured_media":0,"template":"","meta":{"_monsterinsights_skip_tracking":false,"_monsterinsights_sitenote_active":false,"_monsterinsights_sitenote_note":"","_monsterinsights_sitenote_category":0},"product_brand":[],"product_cat":[12370,12304],"product_tag":[],"class_list":{"0":"post-693570","1":"product","2":"type-product","3":"status-publish","5":"product_cat-arastirma-inceleme","6":"product_cat-tarih","7":"pa_cilt-ciltsiz","8":"pa_tur-kitap","9":"pa_yayinevi-timas-yayinlari","10":"pa_yazar-carl-muhlman","12":"first","13":"instock","14":"sale","15":"shipping-taxable","16":"purchasable","17":"product-type-simple"},"_links":{"self":[{"href":"https:\/\/roveyayinevi.com.tr\/index.php\/wp-json\/wp\/v2\/product\/693570","targetHints":{"allow":["GET"]}}],"collection":[{"href":"https:\/\/roveyayinevi.com.tr\/index.php\/wp-json\/wp\/v2\/product"}],"about":[{"href":"https:\/\/roveyayinevi.com.tr\/index.php\/wp-json\/wp\/v2\/types\/product"}],"wp:attachment":[{"href":"https:\/\/roveyayinevi.com.tr\/index.php\/wp-json\/wp\/v2\/media?parent=693570"}],"wp:term":[{"taxonomy":"product_brand","embeddable":true,"href":"https:\/\/roveyayinevi.com.tr\/index.php\/wp-json\/wp\/v2\/product_brand?post=693570"},{"taxonomy":"product_cat","embeddable":true,"href":"https:\/\/roveyayinevi.com.tr\/index.php\/wp-json\/wp\/v2\/product_cat?post=693570"},{"taxonomy":"product_tag","embeddable":true,"href":"https:\/\/roveyayinevi.com.tr\/index.php\/wp-json\/wp\/v2\/product_tag?post=693570"}],"curies":[{"name":"wp","href":"https:\/\/api.w.org\/{rel}","templated":true}]}}