{"id":693564,"date":"2025-08-27T14:15:02","date_gmt":"2025-08-27T11:15:02","guid":{"rendered":"https:\/\/roveyayinevi.com.tr\/index.php\/urun\/ekinler-yeserdikce\/"},"modified":"2026-04-16T02:03:11","modified_gmt":"2026-04-15T23:03:11","slug":"ekinler-yeserdikce","status":"publish","type":"product","link":"https:\/\/roveyayinevi.com.tr\/index.php\/urun\/ekinler-yeserdikce\/","title":{"rendered":"Ekinler Ye\u015ferdik\u00e7e"},"content":{"rendered":"<p>Ekinlere bakt\u0131 bakt\u0131 kibriti \u00e7akmadan \u00f6nce&#8230; Buhar buhar kayna\u015fan topra\u011f\u0131n sinesinden, sihirli bir kokuyu soluklanarak filizlenmi\u015fler. Ye\u015filin insan ruhunu b\u00fcy\u00fcleyen tonlar\u0131yla hayk\u0131r\u0131p a\u00e7\u0131\u011fa \u00e7\u0131km\u0131\u015f hepsi de&#8230; \u015eimdi k\u00f6y\u00fcn eteklerindeki tarlalar, ye\u015feren ekinlerle bir ba\u015fka endamda&#8230; Seyirde bekleyen g\u00f6zleri kama\u015ft\u0131ran sihirli bir tablo g\u00f6r\u00fcn\u00fcm\u00fcnde&#8230; \u0130\u015fte a\u015fk, i\u015fte bu e\u015fsiz sanat\u0131n sevdaya d\u00fc\u015ft\u00fc\u011f\u00fc y\u00fcrekleri sahibine g\u00f6t\u00fcren yollar&#8230;<\/p>\n","protected":false},"excerpt":{"rendered":"<p>Ekinlere bakt\u0131 bakt\u0131 kibriti \u00e7akmadan \u00f6nce&#8230; Buhar buhar kayna\u015fan topra\u011f\u0131n sinesinden, sihirli bir kokuyu soluklanarak filizlenmi\u015fler. Ye\u015filin insan ruhunu b\u00fcy\u00fcleyen tonlar\u0131yla hayk\u0131r\u0131p a\u00e7\u0131\u011fa \u00e7\u0131km\u0131\u015f hepsi de&#8230;<span class=\"excerpt-hellip\"> [\u2026]<\/span><\/p>\n","protected":false},"featured_media":0,"template":"","meta":{"_monsterinsights_skip_tracking":false,"_monsterinsights_sitenote_active":false,"_monsterinsights_sitenote_note":"","_monsterinsights_sitenote_category":0},"product_brand":[],"product_cat":[12291,12292],"product_tag":[],"class_list":{"0":"post-693564","1":"product","2":"type-product","3":"status-publish","5":"product_cat-edebiyat","6":"product_cat-turk-edebiyati","7":"pa_cilt-ciltsiz","8":"pa_tur-kitap","9":"pa_yayinevi-timas-yayinlari","10":"pa_yazar-ahmed-gunbay-yildiz","12":"first","13":"instock","14":"sale","15":"shipping-taxable","16":"purchasable","17":"product-type-simple"},"_links":{"self":[{"href":"https:\/\/roveyayinevi.com.tr\/index.php\/wp-json\/wp\/v2\/product\/693564","targetHints":{"allow":["GET"]}}],"collection":[{"href":"https:\/\/roveyayinevi.com.tr\/index.php\/wp-json\/wp\/v2\/product"}],"about":[{"href":"https:\/\/roveyayinevi.com.tr\/index.php\/wp-json\/wp\/v2\/types\/product"}],"wp:attachment":[{"href":"https:\/\/roveyayinevi.com.tr\/index.php\/wp-json\/wp\/v2\/media?parent=693564"}],"wp:term":[{"taxonomy":"product_brand","embeddable":true,"href":"https:\/\/roveyayinevi.com.tr\/index.php\/wp-json\/wp\/v2\/product_brand?post=693564"},{"taxonomy":"product_cat","embeddable":true,"href":"https:\/\/roveyayinevi.com.tr\/index.php\/wp-json\/wp\/v2\/product_cat?post=693564"},{"taxonomy":"product_tag","embeddable":true,"href":"https:\/\/roveyayinevi.com.tr\/index.php\/wp-json\/wp\/v2\/product_tag?post=693564"}],"curies":[{"name":"wp","href":"https:\/\/api.w.org\/{rel}","templated":true}]}}