{"id":693562,"date":"2025-08-27T14:15:02","date_gmt":"2025-08-27T11:15:02","guid":{"rendered":"https:\/\/roveyayinevi.com.tr\/index.php\/urun\/dunya-savas-tarihi-cilt-3-imparatorluk-cagi-1776-1914\/"},"modified":"2026-04-16T02:03:11","modified_gmt":"2026-04-15T23:03:11","slug":"dunya-savas-tarihi-cilt-3-imparatorluk-cagi-1776-1914","status":"publish","type":"product","link":"https:\/\/roveyayinevi.com.tr\/index.php\/urun\/dunya-savas-tarihi-cilt-3-imparatorluk-cagi-1776-1914\/","title":{"rendered":"D\u00fcnya Sava\u015f Tarihi Cilt 3 &#8211; \u0130mparatorluk \u00c7a\u011f\u0131 (1776-1914)"},"content":{"rendered":"<p>D\u00fcnya Sava\u015f Tarihi serisi, Orta\u00e7a\u011f ve Erken Modern \u00c7a\u011f&#8217;\u0131n ard\u0131ndan \u0130mparatorluk \u00c7a\u011f\u0131&#8217;yla devam ediyor. 1776&#8217;dan 1914&#8217;e, Afrika, Asya, Avrupa ve Kuzey Amerika&#8217;daki muharebe y\u00f6ntemlerini inceleyen muhte\u015fem bir eser.D\u00fcnya Sava\u015f Tarihi: \u0130mparatorluklar \u00c7a\u011f\u0131, 1776&#8217;dan 1914&#8217;e, Afrika, Asya ve Kuzey Amerika&#8217;da ge\u00e7erli muharebe y\u00f6ntemlerini anlat\u0131yor. Kitap, \u0130ngiltere, Fransa ve \u0130spanya&#8217;n\u0131n dev deniza\u015f\u0131r\u0131 imparatorluklar kurduklar\u0131 ve yerli halklar\u0131n ba\u011f\u0131ms\u0131zl\u0131klar\u0131 i\u00e7in s\u00f6m\u00fcrgecilere direndikleri bir \u00e7a\u011fda m\u00fccadeleyi kazanabilmek i\u00e7in gerek duyulan e\u015fsiz taktikleri inceleyip, sava\u015f sanat\u0131nda, bir bak\u0131ma ne kadar az \u015feyin de\u011fi\u015fti\u011fini g\u00f6zler \u00f6n\u00fcne seriyor.Be\u015f b\u00f6l\u00fcmden olu\u015fan kitab\u0131n ilk b\u00f6l\u00fcm\u00fc, imparatorluklar \u00e7a\u011f\u0131 ordular\u0131n\u0131n belkemi\u011fini te\u015fkil eden piyadeleri, bunlar\u0131n giydi\u011fi k\u0131yafetler ile kulland\u0131klar\u0131 te\u00e7hizat\u0131 ve nas\u0131l harp ettiklerini, de\u011fi\u015fen teknolojinin sa\u011flad\u0131\u011f\u0131 avantajlar\u0131 inceliyor. \u0130kinci s\u0131rada, s\u00fcvarilerin oynad\u0131klar\u0131 rol, \u00f6zellikle de hareket \u00fcst\u00fcnl\u00fckleri ve istihbarat toplama yeteneklerinin s\u00f6m\u00fcrge sava\u015flar\u0131 \u00fcst\u00fcndeki etkisi mercek alt\u0131na al\u0131n\u0131yor. G\u00fcney Amerika&#8217;ya ba\u011f\u0131ms\u0131zl\u0131\u011f\u0131n\u0131 kazand\u0131ran tayin edici Ayacucho Muharebesi (1824) bu b\u00f6l\u00fcmde inceleniyor. M\u00fcttefik \u0130ngiliz-Frans\u0131z ordusunun \u00c7in imparatorunun yazl\u0131k saray\u0131n\u0131 ya\u011fmalamas\u0131yla sonu\u00e7lanan Balikiyao Muharebesi (1860) ve Adova&#8217;daki feci \u0130talyan bozgununu (1896) sahneye ta\u015f\u0131yan \u00fc\u00e7\u00fcnc\u00fc b\u00f6l\u00fcm, imparatorluklar \u00e7a\u011f\u0131nda profesyonel subaylar\u0131n \u00f6nemini ve talim ile terbiyenin etkisini tart\u0131\u015f\u0131yor. Kitab\u0131n d\u00f6rd\u00fcnc\u00fc b\u00f6l\u00fcm\u00fc, imparatorluklar \u00e7a\u011f\u0131na kagir perde surlar ve geleneksel tekniklerle ba\u015flayan ku\u015fatma harbinin teknolojik d\u00f6n\u00fc\u015f\u00fcmle beraber topra\u011fa kaz\u0131lan siperler ve dikenli tel barikatlar\u0131na evrimini anlat\u0131yor. Amerika Birle\u015fik Devletleri&#8217;nin ba\u011f\u0131ms\u0131zl\u0131\u011f\u0131n\u0131 garantileyen Yorktown Ku\u015fatmas\u0131 (1780) ve efsanevi Alamo Savunmas\u0131 (1836) da bu b\u00f6l\u00fcmde yer al\u0131yor. Son b\u00f6l\u00fcm, bahriyelerin imparatorluk in\u015faat\u0131nda oynad\u0131klar\u0131 d\u00fc\u015f\u00fck profilli ama hayati rol\u00fc konu ediniyor. Buharl\u0131 gemilerin ortaya \u00e7\u0131k\u0131\u015f\u0131yla, bat\u0131l\u0131lar\u0131n o zamana dek giremedikleri Asya ve Afrika&#8217;n\u0131n kalbine nehir yollar\u0131ndan ilerleyi\u015fi, \u00fcst\u00fcn ate\u015f g\u00fcc\u00fc ve z\u0131rh levhalar sayesinde adeta yenilmez olan yeni bat\u0131l\u0131 sava\u015f gemilerinin \u0130skenderiye Bombard\u0131man\u0131 (1882) gibi &#8220;gambot diplomasisi&#8221; faaliyetleriyle yerk\u00fcre \u00fcst\u00fcnde bask\u0131 kurmalar\u0131, Garp Ocaklar\u0131 korsanlar\u0131 ile Afrika k\u0131y\u0131lar\u0131ndaki k\u00f6le t\u00fcccarlar\u0131na kar\u015f\u0131 y\u00fcr\u00fct\u00fclen polis faaliyetleri etrafl\u0131ca anlat\u0131l\u0131yor. D\u00fcnya Sava\u015f Tarihi: \u0130mparatorluklar \u00c7a\u011f\u0131, \u00e7a\u011f\u0131n sava\u015f, silah ve taktiklerini tasvir eden \u00f6zel olarak haz\u0131rlanm\u0131\u015f renkli ve siyah beyaz \u00e7izimler e\u015fli\u011finde, -S\u00f6m\u00fcrgeci g\u00fc\u00e7lerin renkli ordular\u0131, Habe\u015f imparatorlar\u0131 ve top\u00e7eker filotillalar\u0131 gibi- d\u00fc\u015fmanlar\u0131 kar\u015f\u0131s\u0131nda zafere ula\u015fan ordular\u0131n kulland\u0131\u011f\u0131 y\u00f6ntemleri ve di\u011fer ordular\u0131n neden bu denli ba\u015far\u0131l\u0131 olamad\u0131klar\u0131n\u0131 b\u00fct\u00fcn ayr\u0131nt\u0131lar\u0131yla betimliyor. Bu kitap, imparatorluklar \u00e7a\u011f\u0131n\u0131n destans\u0131 askeri seferlerine ilgi duyanlar\u0131n en s\u0131k\u0131 dostlar\u0131ndan biri olacakt\u0131r.<\/p>\n","protected":false},"excerpt":{"rendered":"<p>D\u00fcnya Sava\u015f Tarihi serisi, Orta\u00e7a\u011f ve Erken Modern \u00c7a\u011f&#8217;\u0131n ard\u0131ndan \u0130mparatorluk \u00c7a\u011f\u0131&#8217;yla devam ediyor. 1776&#8217;dan 1914&#8217;e, Afrika, Asya, Avrupa ve Kuzey Amerika&#8217;daki muharebe y\u00f6ntemlerini inceleyen muhte\u015fem<span class=\"excerpt-hellip\"> [\u2026]<\/span><\/p>\n","protected":false},"featured_media":0,"template":"","meta":{"_monsterinsights_skip_tracking":false,"_monsterinsights_sitenote_active":false,"_monsterinsights_sitenote_note":"","_monsterinsights_sitenote_category":0},"product_brand":[],"product_cat":[12305,12304],"product_tag":[],"class_list":{"0":"post-693562","1":"product","2":"type-product","3":"status-publish","5":"product_cat-dunya-tarihi","6":"product_cat-tarih","7":"pa_cilt-ciltli","8":"pa_tur-kitap","9":"pa_yayinevi-timas-yayinlari","10":"pa_yazar-stuart-reid","12":"first","13":"instock","14":"sale","15":"shipping-taxable","16":"purchasable","17":"product-type-simple"},"_links":{"self":[{"href":"https:\/\/roveyayinevi.com.tr\/index.php\/wp-json\/wp\/v2\/product\/693562","targetHints":{"allow":["GET"]}}],"collection":[{"href":"https:\/\/roveyayinevi.com.tr\/index.php\/wp-json\/wp\/v2\/product"}],"about":[{"href":"https:\/\/roveyayinevi.com.tr\/index.php\/wp-json\/wp\/v2\/types\/product"}],"wp:attachment":[{"href":"https:\/\/roveyayinevi.com.tr\/index.php\/wp-json\/wp\/v2\/media?parent=693562"}],"wp:term":[{"taxonomy":"product_brand","embeddable":true,"href":"https:\/\/roveyayinevi.com.tr\/index.php\/wp-json\/wp\/v2\/product_brand?post=693562"},{"taxonomy":"product_cat","embeddable":true,"href":"https:\/\/roveyayinevi.com.tr\/index.php\/wp-json\/wp\/v2\/product_cat?post=693562"},{"taxonomy":"product_tag","embeddable":true,"href":"https:\/\/roveyayinevi.com.tr\/index.php\/wp-json\/wp\/v2\/product_tag?post=693562"}],"curies":[{"name":"wp","href":"https:\/\/api.w.org\/{rel}","templated":true}]}}