{"id":693559,"date":"2025-08-27T14:15:01","date_gmt":"2025-08-27T11:15:01","guid":{"rendered":"https:\/\/roveyayinevi.com.tr\/index.php\/urun\/dunya-savas-tarihi-cilt-4-1-dunya-savasinda-osmanli\/"},"modified":"2026-04-16T02:03:10","modified_gmt":"2026-04-15T23:03:10","slug":"dunya-savas-tarihi-cilt-4-1-dunya-savasinda-osmanli","status":"publish","type":"product","link":"https:\/\/roveyayinevi.com.tr\/index.php\/urun\/dunya-savas-tarihi-cilt-4-1-dunya-savasinda-osmanli\/","title":{"rendered":"D\u00fcnya Sava\u015f Tarihi Cilt 4: 1. D\u00fcnya Sava\u015f\u0131\u2019nda Osmanl\u0131"},"content":{"rendered":"<p>Sar\u0131kam\u0131\u015f, \u00c7anakkale, Filistin, S\u00fcvey\u015f, Irak, K\u00fct\u00fclammare&#8230;Birinci D\u00fcnya Sava\u015f\u0131&#8217;nda Osmanl\u0131&#8217;n\u0131n sava\u015ft\u0131\u011f\u0131 cephelere dair detayl\u0131 bilgiler&#8230; D\u00fcnyan\u0131n \u00f6nde gelen askeri tarih\u00e7ilerden Edward J. Erickson, Osmanl\u0131&#8217;n\u0131n 1400&#8217;lerden beri elinde tuttu\u011fu topraklar ve halklar \u00fczerinde h\u00e2kimiyet kurmak i\u00e7in T\u00fcrkler, \u0130ngilizler, Frans\u0131zlar ve Ruslar aras\u0131nda ge\u00e7en m\u00fccadeleyi ilk defa yay\u0131nlanan foto\u011fraf ve \u00f6zel \u00e7izim renkli haritalarla destekleyerek anlat\u0131yor.Osmanl\u0131 \u0130mparatorlu\u011fu &#8220;Avrupa&#8217;n\u0131n hasta adam\u0131&#8221; olarak g\u00f6r\u00fcl\u00fcyordu; fakat h\u00e2l\u00e2 t\u00fcm Avrupa \u00fclkelerinin g\u00f6z\u00fcn\u00fcn oldu\u011fu en \u00f6nemli b\u00f6lgeleri idare ediyordu. Sava\u015f\u0131n ba\u015flang\u0131c\u0131nda Osmanl\u0131 \u0130mparatorlu\u011fu tarafs\u0131z davransa da Almanya&#8217;n\u0131n yo\u011fun diplomatik bask\u0131s\u0131na dayanamayarak Ekim 1914&#8217;te \u0130ttifak Devletleri&#8217;ne kat\u0131lma karar\u0131 ald\u0131.Osmanl\u0131 ordular\u0131n\u0131 bozulmu\u015f ve etkisiz olarak g\u00f6ren yayg\u0131n \u00f6nyarg\u0131 ile hesapla\u015fan kitap, S\u00fcvey\u015f Kanal\u0131&#8217;na yap\u0131lan taarruzlar\u0131, \u00c7anakkale&#8217;nin ba\u015far\u0131l\u0131 m\u00fcdafaas\u0131n\u0131 ve \u0130ngilizlerin felaketle sonlanan Kut ma\u011flubiyetini, Ba\u011fdat&#8217;\u0131n, Kud\u00fcs&#8217;\u00fcn ve \u015eam&#8217;\u0131n ele ge\u00e7irilmesini, Lawrance ve Arap \u0130syan\u0131&#8217;n\u0131, \u0130slam Ordusu&#8217;nu ve Osmanl\u0131 \u0130mparatorlu\u011fu&#8217;nun sonunu anlat\u0131yor.Bu Kitapta Bulacaklar\u0131n\u0131z:Osmanl\u0131 ordular\u0131n\u0131n sava\u015fa girdi\u011fi b\u00fct\u00fcn harekat alanlar\u0131nda Birinci D\u00fcnya Sava\u015f\u0131&#8217;n\u0131n arka plan\u0131 ve gidi\u015fat\u0131na dair detayl\u0131 bir k\u0131lavuz sunmakta.200&#8217;den fazla \u00e7arp\u0131c\u0131 foto\u011fraf ve \u00e7izim.D\u00fc\u015fman kuvvetleri, lider komutanlar ve seferlerde ge\u00e7en en \u00f6nemli muharebeler ayr\u0131nt\u0131l\u0131 bir \u015fekilde anlat\u0131lmakta.Kafkaslar, \u00c7anakkale, Mezopotamya ve Filistin de dahil Osmanl\u0131&#8217;n\u0131n ana cephelerini ve sava\u015flar\u0131 g\u00f6steren 20 \u00f6zel \u00e7izim, renkli harita.<\/p>\n","protected":false},"excerpt":{"rendered":"<p>Sar\u0131kam\u0131\u015f, \u00c7anakkale, Filistin, S\u00fcvey\u015f, Irak, K\u00fct\u00fclammare&#8230;Birinci D\u00fcnya Sava\u015f\u0131&#8217;nda Osmanl\u0131&#8217;n\u0131n sava\u015ft\u0131\u011f\u0131 cephelere dair detayl\u0131 bilgiler&#8230; D\u00fcnyan\u0131n \u00f6nde gelen askeri tarih\u00e7ilerden Edward J. Erickson, Osmanl\u0131&#8217;n\u0131n 1400&#8217;lerden beri elinde<span class=\"excerpt-hellip\"> [\u2026]<\/span><\/p>\n","protected":false},"featured_media":0,"template":"","meta":{"_monsterinsights_skip_tracking":false,"_monsterinsights_sitenote_active":false,"_monsterinsights_sitenote_note":"","_monsterinsights_sitenote_category":0},"product_brand":[],"product_cat":[12370,12304],"product_tag":[],"class_list":{"0":"post-693559","1":"product","2":"type-product","3":"status-publish","5":"product_cat-arastirma-inceleme","6":"product_cat-tarih","7":"pa_cilt-ciltli","8":"pa_tur-kitap","9":"pa_yayinevi-timas-yayinlari","10":"pa_yazar-edward-j-erickson","12":"first","13":"instock","14":"sale","15":"shipping-taxable","16":"purchasable","17":"product-type-simple"},"_links":{"self":[{"href":"https:\/\/roveyayinevi.com.tr\/index.php\/wp-json\/wp\/v2\/product\/693559","targetHints":{"allow":["GET"]}}],"collection":[{"href":"https:\/\/roveyayinevi.com.tr\/index.php\/wp-json\/wp\/v2\/product"}],"about":[{"href":"https:\/\/roveyayinevi.com.tr\/index.php\/wp-json\/wp\/v2\/types\/product"}],"wp:attachment":[{"href":"https:\/\/roveyayinevi.com.tr\/index.php\/wp-json\/wp\/v2\/media?parent=693559"}],"wp:term":[{"taxonomy":"product_brand","embeddable":true,"href":"https:\/\/roveyayinevi.com.tr\/index.php\/wp-json\/wp\/v2\/product_brand?post=693559"},{"taxonomy":"product_cat","embeddable":true,"href":"https:\/\/roveyayinevi.com.tr\/index.php\/wp-json\/wp\/v2\/product_cat?post=693559"},{"taxonomy":"product_tag","embeddable":true,"href":"https:\/\/roveyayinevi.com.tr\/index.php\/wp-json\/wp\/v2\/product_tag?post=693559"}],"curies":[{"name":"wp","href":"https:\/\/api.w.org\/{rel}","templated":true}]}}