{"id":693556,"date":"2025-08-27T14:15:00","date_gmt":"2025-08-27T11:15:00","guid":{"rendered":"https:\/\/roveyayinevi.com.tr\/index.php\/urun\/col-deniz-hz-hatice\/"},"modified":"2026-04-16T02:03:10","modified_gmt":"2026-04-15T23:03:10","slug":"col-deniz-hz-hatice","status":"publish","type":"product","link":"https:\/\/roveyayinevi.com.tr\/index.php\/urun\/col-deniz-hz-hatice\/","title":{"rendered":"\u00c7\u00f6l Deniz Hz. Hatice"},"content":{"rendered":"<p>Peygamber Efendimizin e\u015fi Hz Hatice hakk\u0131nda yaz\u0131lm\u0131\u015f \u00e7ok \u00f6zel bir \u00e7al\u0131\u015fma!Hz. Muhammed\u2019i (sav) peygamberli\u011finden evvel tan\u0131y\u0131p seven ve O\u2019na ilk iman eden, m\u00fcminlerin annesi Hz. Hatice\u2019nin hayat\u0131na farkl\u0131 bir bak\u0131\u015f\u2026Sadakatin, sevginin, g\u00fcvenin zirvesi bir kad\u0131n\u2026\u00d6l\u00fcm\u00fcne dek vefayla ba\u011fl\u0131 oldu\u011fu ve kendisine vefayla ba\u011fl\u0131 olan Son Peygamber\u2019in e\u015fi\u2026M\u00fcsl\u00fcman kad\u0131nlar i\u00e7in bir \u00f6rnek olan bu emsalsiz kad\u0131n\u0131n hayat\u0131n\u0131, Sibel Eraslan, uzun bir ara\u015ft\u0131rma d\u00f6neminin ard\u0131ndan, \u015fimdiye dek bilinen ve bilinmeyen t\u00fcm y\u00f6nleriyle yazd\u0131.Hz. Hatice\u2019nin hayat\u0131na farkl\u0131 bir pencereden bakmak isteyenleri, \u00fcslubu ve anlat\u0131m\u0131yla ku\u015fatacak bir kitap!<\/p>\n","protected":false},"excerpt":{"rendered":"<p>Peygamber Efendimizin e\u015fi Hz Hatice hakk\u0131nda yaz\u0131lm\u0131\u015f \u00e7ok \u00f6zel bir \u00e7al\u0131\u015fma!Hz. Muhammed\u2019i (sav) peygamberli\u011finden evvel tan\u0131y\u0131p seven ve O\u2019na ilk iman eden, m\u00fcminlerin annesi Hz. Hatice\u2019nin<span class=\"excerpt-hellip\"> [\u2026]<\/span><\/p>\n","protected":false},"featured_media":0,"template":"","meta":{"_monsterinsights_skip_tracking":false,"_monsterinsights_sitenote_active":false,"_monsterinsights_sitenote_note":"","_monsterinsights_sitenote_category":0},"product_brand":[],"product_cat":[12718,18102,12719],"product_tag":[],"class_list":{"0":"post-693556","1":"product","2":"type-product","3":"status-publish","5":"product_cat-din","6":"product_cat-edebiyat-roman","7":"product_cat-islam","8":"pa_cilt-ciltsiz","9":"pa_tur-kitap","10":"pa_yayinevi-timas-yayinlari","11":"pa_yazar-sibel-eraslan","13":"first","14":"instock","15":"sale","16":"shipping-taxable","17":"purchasable","18":"product-type-simple"},"_links":{"self":[{"href":"https:\/\/roveyayinevi.com.tr\/index.php\/wp-json\/wp\/v2\/product\/693556","targetHints":{"allow":["GET"]}}],"collection":[{"href":"https:\/\/roveyayinevi.com.tr\/index.php\/wp-json\/wp\/v2\/product"}],"about":[{"href":"https:\/\/roveyayinevi.com.tr\/index.php\/wp-json\/wp\/v2\/types\/product"}],"wp:attachment":[{"href":"https:\/\/roveyayinevi.com.tr\/index.php\/wp-json\/wp\/v2\/media?parent=693556"}],"wp:term":[{"taxonomy":"product_brand","embeddable":true,"href":"https:\/\/roveyayinevi.com.tr\/index.php\/wp-json\/wp\/v2\/product_brand?post=693556"},{"taxonomy":"product_cat","embeddable":true,"href":"https:\/\/roveyayinevi.com.tr\/index.php\/wp-json\/wp\/v2\/product_cat?post=693556"},{"taxonomy":"product_tag","embeddable":true,"href":"https:\/\/roveyayinevi.com.tr\/index.php\/wp-json\/wp\/v2\/product_tag?post=693556"}],"curies":[{"name":"wp","href":"https:\/\/api.w.org\/{rel}","templated":true}]}}