{"id":693552,"date":"2025-08-27T14:14:59","date_gmt":"2025-08-27T11:14:59","guid":{"rendered":"https:\/\/roveyayinevi.com.tr\/index.php\/urun\/derin-okyanuslar-eglenceli-bilgi\/"},"modified":"2026-04-16T02:03:10","modified_gmt":"2026-04-15T23:03:10","slug":"derin-okyanuslar-eglenceli-bilgi","status":"publish","type":"product","link":"https:\/\/roveyayinevi.com.tr\/index.php\/urun\/derin-okyanuslar-eglenceli-bilgi\/","title":{"rendered":"Derin Okyanuslar E\u011flenceli Bilgi"},"content":{"rendered":"<p>Tek ba\u015f\u0131n\u0131za \u0131ss\u0131z bir adaya d\u00fc\u015fseniz yan\u0131n\u0131za alaca\u011f\u0131n\u0131z \u00fc\u00e7 \u015fey ne olurdu? Bir cep telefonu? Diz\u00fcst\u00fc bilgisayar? Benim daha iyi bir fikrim var. Heyecan verici, e\u011flenceli ve s\u00fcr\u00fckleyici bir \u015feyler olmal\u0131 yan\u0131n\u0131zda&#8230; Mesela capcanl\u0131 resimleriyle size yaln\u0131zl\u0131\u011f\u0131n\u0131z\u0131 unutturmal\u0131, a\u011flamaya y\u00fcz tutmu\u015fken esprileriyle sizi g\u00fcld\u00fcrmeli, bir de t\u00fcm bu e\u011flencenin \u00fcst\u00fcne verdi\u011fi bilgilerle size rehberlik etmeli\u2026 Hem \u015farj\u0131 da hi\u00e7 bitmemeli\u2026 M\u00fcrekkep kokusu yosun kokusuyla birle\u015fmeli ortam \u015fenlenmeli\u2026 \u0130\u015fte d\u00fcnyan\u0131n en \u0131ss\u0131z adas\u0131 Tristan da Cunha\u2019dayken yan\u0131n\u0131za alman\u0131z gereken \u00fc\u00e7 \u015feyden kesinlikle biri\u2026 \u00d6yle ya!.. \u201cDerin Okyanus\u201dlar\u0131n kocaman dalgalar\u0131 aras\u0131nda yepyeni bir d\u00fcnya ile ba\u015f ba\u015fa kalm\u0131\u015fken ancak b\u00f6yle bir rehber seni tehlikelerden kurtarabilir. Saatler ge\u00e7ip hava karard\u0131\u011f\u0131nda \u00fcstelik karn\u0131n muhte\u015fem orkestras\u0131yla zil \u00e7almaya ba\u015flad\u0131\u011f\u0131nda bir kirpi bal\u0131\u011f\u0131n\u0131 asla avlamaman gerekti\u011fini nas\u0131l bilebilirsin? Peki, sen k\u00f6pek bal\u0131klar\u0131n\u0131n keskin di\u015flerine yem olmaktan korkarken as\u0131l tehlikenin bir kutu denizanas\u0131n\u0131n zehirli dokuna\u00e7lar\u0131 aras\u0131nda olabilece\u011fini?.. Ufuklara el sallay\u0131\u015f\u0131n bo\u015funa dostum\u2026 Titanik \u00e7oktan tarih oldu! Seni ancak insafl\u0131 bir korsan gemisi \u00e7ekip buralardan kurtarabilir. \u0130yisi mi sen, o gelene kadar bu kitab\u0131 ba\u015fucundan ay\u0131rma. Ruhun maceradan maceraya dald\u0131k\u00e7a \u201cDerin Okyanuslar\u201d her zaman sana en iyi pusula! Kim, ba\u015f\u0131na ne gelece\u011fini bilebilmi\u015f ki?<\/p>\n","protected":false},"excerpt":{"rendered":"<p>Tek ba\u015f\u0131n\u0131za \u0131ss\u0131z bir adaya d\u00fc\u015fseniz yan\u0131n\u0131za alaca\u011f\u0131n\u0131z \u00fc\u00e7 \u015fey ne olurdu? Bir cep telefonu? Diz\u00fcst\u00fc bilgisayar? Benim daha iyi bir fikrim var. Heyecan verici, e\u011flenceli<span class=\"excerpt-hellip\"> [\u2026]<\/span><\/p>\n","protected":false},"featured_media":0,"template":"","meta":{"_monsterinsights_skip_tracking":false,"_monsterinsights_sitenote_active":false,"_monsterinsights_sitenote_note":"","_monsterinsights_sitenote_category":0},"product_brand":[],"product_cat":[12477,12364],"product_tag":[],"class_list":{"0":"post-693552","1":"product","2":"type-product","3":"status-publish","5":"product_cat-eglence-mizah","6":"product_cat-genel-konular","7":"pa_cilt-ciltsiz","8":"pa_tur-kitap","9":"pa_yayinevi-eglenceli-bilgi-yayinlari","10":"pa_yazar-anita-ganeri","12":"first","13":"instock","14":"sale","15":"shipping-taxable","16":"purchasable","17":"product-type-simple"},"_links":{"self":[{"href":"https:\/\/roveyayinevi.com.tr\/index.php\/wp-json\/wp\/v2\/product\/693552","targetHints":{"allow":["GET"]}}],"collection":[{"href":"https:\/\/roveyayinevi.com.tr\/index.php\/wp-json\/wp\/v2\/product"}],"about":[{"href":"https:\/\/roveyayinevi.com.tr\/index.php\/wp-json\/wp\/v2\/types\/product"}],"wp:attachment":[{"href":"https:\/\/roveyayinevi.com.tr\/index.php\/wp-json\/wp\/v2\/media?parent=693552"}],"wp:term":[{"taxonomy":"product_brand","embeddable":true,"href":"https:\/\/roveyayinevi.com.tr\/index.php\/wp-json\/wp\/v2\/product_brand?post=693552"},{"taxonomy":"product_cat","embeddable":true,"href":"https:\/\/roveyayinevi.com.tr\/index.php\/wp-json\/wp\/v2\/product_cat?post=693552"},{"taxonomy":"product_tag","embeddable":true,"href":"https:\/\/roveyayinevi.com.tr\/index.php\/wp-json\/wp\/v2\/product_tag?post=693552"}],"curies":[{"name":"wp","href":"https:\/\/api.w.org\/{rel}","templated":true}]}}