{"id":693551,"date":"2025-08-27T14:14:59","date_gmt":"2025-08-27T11:14:59","guid":{"rendered":"https:\/\/roveyayinevi.com.tr\/index.php\/urun\/depresyon-vaka-ornekleri-ve-cikis-yollari\/"},"modified":"2026-04-16T02:03:10","modified_gmt":"2026-04-15T23:03:10","slug":"depresyon-vaka-ornekleri-ve-cikis-yollari","status":"publish","type":"product","link":"https:\/\/roveyayinevi.com.tr\/index.php\/urun\/depresyon-vaka-ornekleri-ve-cikis-yollari\/","title":{"rendered":"Depresyon Vaka \u00d6rnekleri ve \u00c7\u0131k\u0131\u015f Yollar\u0131"},"content":{"rendered":"<p>Psikiyatri Uzman\u0131 Dr. O\u011fuz Tan, depresyon konusunda merak edilen t\u00fcm sorular\u0131 yan\u0131tl\u0131yor. Kitapta, hastalar\u0131n ve doktorlar\u0131n dilinden vaka \u00f6rnekleriyle depresyonun sebepleri, belirtileri ve tedavi y\u00f6ntemleri ele al\u0131n\u0131yor. Depresyondan kurtulu\u015fta profesyonel tedavinin yan\u0131 s\u0131ra, ki\u015finin d\u00fc\u015f\u00fcnce sisteminin de\u011fi\u015ftirilmesinin de son derece \u00f6nemli oldu\u011funu vurgulayan yazar, sundu\u011fu pratik \u00e7\u00f6z\u00fcmlerle depresyonu alt etme yollar\u0131n\u0131 g\u00f6steriyor. Kitapta ayr\u0131ca, depresyonun z\u0131dd\u0131 diyebilece\u011fimi mani hastal\u0131\u011f\u0131 da vaka \u00f6rnekleriyle ortaya konuyor. <\/p>\n","protected":false},"excerpt":{"rendered":"<p>Psikiyatri Uzman\u0131 Dr. O\u011fuz Tan, depresyon konusunda merak edilen t\u00fcm sorular\u0131 yan\u0131tl\u0131yor. Kitapta, hastalar\u0131n ve doktorlar\u0131n dilinden vaka \u00f6rnekleriyle depresyonun sebepleri, belirtileri ve tedavi y\u00f6ntemleri ele<span class=\"excerpt-hellip\"> [\u2026]<\/span><\/p>\n","protected":false},"featured_media":0,"template":"","meta":{"_monsterinsights_skip_tracking":false,"_monsterinsights_sitenote_active":false,"_monsterinsights_sitenote_note":"","_monsterinsights_sitenote_category":0},"product_brand":[],"product_cat":[12358,12357],"product_tag":[],"class_list":{"0":"post-693551","1":"product","2":"type-product","3":"status-publish","5":"product_cat-genel-psikoloji","6":"product_cat-psikoloji","7":"pa_cilt-ciltsiz","8":"pa_tur-kitap","9":"pa_yayinevi-timas-yayinlari","10":"pa_yazar-oguz-tan","12":"first","13":"instock","14":"sale","15":"shipping-taxable","16":"purchasable","17":"product-type-simple"},"_links":{"self":[{"href":"https:\/\/roveyayinevi.com.tr\/index.php\/wp-json\/wp\/v2\/product\/693551","targetHints":{"allow":["GET"]}}],"collection":[{"href":"https:\/\/roveyayinevi.com.tr\/index.php\/wp-json\/wp\/v2\/product"}],"about":[{"href":"https:\/\/roveyayinevi.com.tr\/index.php\/wp-json\/wp\/v2\/types\/product"}],"wp:attachment":[{"href":"https:\/\/roveyayinevi.com.tr\/index.php\/wp-json\/wp\/v2\/media?parent=693551"}],"wp:term":[{"taxonomy":"product_brand","embeddable":true,"href":"https:\/\/roveyayinevi.com.tr\/index.php\/wp-json\/wp\/v2\/product_brand?post=693551"},{"taxonomy":"product_cat","embeddable":true,"href":"https:\/\/roveyayinevi.com.tr\/index.php\/wp-json\/wp\/v2\/product_cat?post=693551"},{"taxonomy":"product_tag","embeddable":true,"href":"https:\/\/roveyayinevi.com.tr\/index.php\/wp-json\/wp\/v2\/product_tag?post=693551"}],"curies":[{"name":"wp","href":"https:\/\/api.w.org\/{rel}","templated":true}]}}