{"id":693548,"date":"2025-08-27T14:14:59","date_gmt":"2025-08-27T11:14:59","guid":{"rendered":"https:\/\/roveyayinevi.com.tr\/index.php\/urun\/dallar-meyveye-durdu\/"},"modified":"2026-04-16T02:03:10","modified_gmt":"2026-04-15T23:03:10","slug":"dallar-meyveye-durdu","status":"publish","type":"product","link":"https:\/\/roveyayinevi.com.tr\/index.php\/urun\/dallar-meyveye-durdu\/","title":{"rendered":"Dallar Meyveye Durdu"},"content":{"rendered":"<p>Hayat, herkesin kendi hikayesini yazd\u0131\u011f\u0131 bir seyir defteri.. \u0130lk kez kar\u015f\u0131la\u015ft\u0131klar\u0131n\u0131z daha \u00f6nce ya\u015famad\u0131\u011f\u0131n\u0131z \u015feyler olunca baz\u0131 kal\u0131plar\u0131 k\u0131rman\u0131z daha zor oluyor; t\u0131pk\u0131 tohumun ilk kez \u00e7atlamas\u0131nda oldu\u011fu gibi. Oysa tohumlar\u0131n ye\u015fermesi, dallar\u0131n hayat\u0131 kucaklamas\u0131 ne kadar \u00f6zledi\u011fimiz bir\u015feydir. Ahmed G\u00fcnbay Y\u0131ld\u0131z\u2018\u0131n k\u0131sa bir s\u00fcrede \u00fcst \u00fcste bask\u0131 yapan bu eserinde, r\u00fczgar\u0131n kendi topra\u011f\u0131n\u0131 bulup kabu\u011funu k\u0131rmas\u0131na \u015fahit olacaks\u0131n\u0131z. Hem de ba\u015fkalar\u0131n\u0131n hikayesinde kendi hikayenizden izleri yakalayarak&#8230; \ufffcTan\u0131t\u0131m Metni<\/p>\n","protected":false},"excerpt":{"rendered":"<p>Hayat, herkesin kendi hikayesini yazd\u0131\u011f\u0131 bir seyir defteri.. \u0130lk kez kar\u015f\u0131la\u015ft\u0131klar\u0131n\u0131z daha \u00f6nce ya\u015famad\u0131\u011f\u0131n\u0131z \u015feyler olunca baz\u0131 kal\u0131plar\u0131 k\u0131rman\u0131z daha zor oluyor; t\u0131pk\u0131 tohumun ilk kez<span class=\"excerpt-hellip\"> [\u2026]<\/span><\/p>\n","protected":false},"featured_media":0,"template":"","meta":{"_monsterinsights_skip_tracking":false,"_monsterinsights_sitenote_active":false,"_monsterinsights_sitenote_note":"","_monsterinsights_sitenote_category":0},"product_brand":[],"product_cat":[12291,12292],"product_tag":[],"class_list":{"0":"post-693548","1":"product","2":"type-product","3":"status-publish","5":"product_cat-edebiyat","6":"product_cat-turk-edebiyati","7":"pa_cilt-ciltsiz","8":"pa_tur-kitap","9":"pa_yayinevi-timas-yayinlari","10":"pa_yazar-ahmed-gunbay-yildiz","12":"first","13":"instock","14":"sale","15":"shipping-taxable","16":"purchasable","17":"product-type-simple"},"_links":{"self":[{"href":"https:\/\/roveyayinevi.com.tr\/index.php\/wp-json\/wp\/v2\/product\/693548","targetHints":{"allow":["GET"]}}],"collection":[{"href":"https:\/\/roveyayinevi.com.tr\/index.php\/wp-json\/wp\/v2\/product"}],"about":[{"href":"https:\/\/roveyayinevi.com.tr\/index.php\/wp-json\/wp\/v2\/types\/product"}],"wp:attachment":[{"href":"https:\/\/roveyayinevi.com.tr\/index.php\/wp-json\/wp\/v2\/media?parent=693548"}],"wp:term":[{"taxonomy":"product_brand","embeddable":true,"href":"https:\/\/roveyayinevi.com.tr\/index.php\/wp-json\/wp\/v2\/product_brand?post=693548"},{"taxonomy":"product_cat","embeddable":true,"href":"https:\/\/roveyayinevi.com.tr\/index.php\/wp-json\/wp\/v2\/product_cat?post=693548"},{"taxonomy":"product_tag","embeddable":true,"href":"https:\/\/roveyayinevi.com.tr\/index.php\/wp-json\/wp\/v2\/product_tag?post=693548"}],"curies":[{"name":"wp","href":"https:\/\/api.w.org\/{rel}","templated":true}]}}