{"id":693545,"date":"2025-08-27T14:14:58","date_gmt":"2025-08-27T11:14:58","guid":{"rendered":"https:\/\/roveyayinevi.com.tr\/index.php\/urun\/cok-ozel-sozel-zeka\/"},"modified":"2026-04-16T02:03:10","modified_gmt":"2026-04-15T23:03:10","slug":"cok-ozel-sozel-zeka","status":"publish","type":"product","link":"https:\/\/roveyayinevi.com.tr\/index.php\/urun\/cok-ozel-sozel-zeka\/","title":{"rendered":"\u00c7ok \u00d6zel S\u00f6zel Zeka"},"content":{"rendered":"<p>E\u011fer kelime bilgini \u00f6l\u00e7mek ve geli\u015ftirmek istiyorsan, Atas\u00f6zleri ve deyimleri g\u00f6r\u00fcnce dut yemi\u015f b\u00fclb\u00fcle d\u00f6n\u00fcyorsan, Hangisi e\u015f anlaml\u0131 hangisi z\u0131t anlaml\u0131 diye d\u00fc\u015f\u00fcn\u00fcrken kelimeler anlams\u0131zla\u015f\u0131yorsa, Kavramlar\u0131 s\u0131n\u0131flamaya \u00e7al\u0131\u015f\u0131rken sen \u00e7\u0131ld\u0131ranlar kategorisine giriyorsan, Kendini anlat\u0131rken ifade- i meramda acze d\u00fc\u015f\u00fcyorsan, (Buna s\u00f6zl\u00fckten bak\u0131n derim.), Bir kelime hayal d\u00fcnyanda ba\u015fka kelimelere kap\u0131 aralam\u0131yorsa, S\u00f6zc\u00fckleri asl\u0131 gibi yazmada problem ya\u015f\u0131yorum diyorsan, \u00c7ok \u00d6zel S\u00f6zel ZEKA tam sana g\u00f6re. Elindeki kitapta kelime t\u00fcretme, kelimelerle anlamlar\u0131n\u0131 e\u015fle\u015ftirme, e\u015f anlaml\u0131 ve z\u0131t anlaml\u0131 kelimeleri belirleme, hikaye tamamlama, atas\u00f6zleri ve deyimlerin anlamlar\u0131n\u0131 bulma, kavramlar\u0131 s\u0131n\u0131fland\u0131rma, kelime ve c\u00fcmleleri do\u011fru yazma, hayal g\u00fcc\u00fcn\u00fc geli\u015ftirme etkinliklerini bulacaks\u0131n. \ufffcTan\u0131t\u0131m Metni<\/p>\n","protected":false},"excerpt":{"rendered":"<p>E\u011fer kelime bilgini \u00f6l\u00e7mek ve geli\u015ftirmek istiyorsan, Atas\u00f6zleri ve deyimleri g\u00f6r\u00fcnce dut yemi\u015f b\u00fclb\u00fcle d\u00f6n\u00fcyorsan, Hangisi e\u015f anlaml\u0131 hangisi z\u0131t anlaml\u0131 diye d\u00fc\u015f\u00fcn\u00fcrken kelimeler anlams\u0131zla\u015f\u0131yorsa, Kavramlar\u0131<span class=\"excerpt-hellip\"> [\u2026]<\/span><\/p>\n","protected":false},"featured_media":0,"template":"","meta":{"_monsterinsights_skip_tracking":false,"_monsterinsights_sitenote_active":false,"_monsterinsights_sitenote_note":"","_monsterinsights_sitenote_category":0},"product_brand":[],"product_cat":[16943,15563],"product_tag":[],"class_list":{"0":"post-693545","1":"product","2":"type-product","3":"status-publish","5":"product_cat-bilmeceler-bulmacalar","6":"product_cat-hobi","7":"pa_tur-kitap","8":"pa_yayinevi-timas-yayinlari","9":"pa_yazar-suleyman-kahramanoglu","11":"first","12":"instock","13":"sale","14":"shipping-taxable","15":"purchasable","16":"product-type-simple"},"_links":{"self":[{"href":"https:\/\/roveyayinevi.com.tr\/index.php\/wp-json\/wp\/v2\/product\/693545","targetHints":{"allow":["GET"]}}],"collection":[{"href":"https:\/\/roveyayinevi.com.tr\/index.php\/wp-json\/wp\/v2\/product"}],"about":[{"href":"https:\/\/roveyayinevi.com.tr\/index.php\/wp-json\/wp\/v2\/types\/product"}],"wp:attachment":[{"href":"https:\/\/roveyayinevi.com.tr\/index.php\/wp-json\/wp\/v2\/media?parent=693545"}],"wp:term":[{"taxonomy":"product_brand","embeddable":true,"href":"https:\/\/roveyayinevi.com.tr\/index.php\/wp-json\/wp\/v2\/product_brand?post=693545"},{"taxonomy":"product_cat","embeddable":true,"href":"https:\/\/roveyayinevi.com.tr\/index.php\/wp-json\/wp\/v2\/product_cat?post=693545"},{"taxonomy":"product_tag","embeddable":true,"href":"https:\/\/roveyayinevi.com.tr\/index.php\/wp-json\/wp\/v2\/product_tag?post=693545"}],"curies":[{"name":"wp","href":"https:\/\/api.w.org\/{rel}","templated":true}]}}