{"id":693543,"date":"2025-08-27T14:14:57","date_gmt":"2025-08-27T11:14:57","guid":{"rendered":"https:\/\/roveyayinevi.com.tr\/index.php\/urun\/cumle-kapisi\/"},"modified":"2026-04-16T02:03:10","modified_gmt":"2026-04-15T23:03:10","slug":"cumle-kapisi","status":"publish","type":"product","link":"https:\/\/roveyayinevi.com.tr\/index.php\/urun\/cumle-kapisi\/","title":{"rendered":"C\u00fcmle Kap\u0131s\u0131"},"content":{"rendered":"<p>Kelimeyle de\u011fil, c\u00fcmleyle d\u00fc\u015f\u00fcnd\u00fc\u011f\u00fcm\u00fc fark ettim ben. Muhal farz bile olsa \u2018\u2018Her \u015feyi \u00f6zetleyecek bir c\u00fcmle\u2018\u2018 tutkum, mana biriminin c\u00fcmle olmas\u0131ndan. karma\u015f\u0131k c\u00fcmlelerle konu\u015fmay\u0131 sevmem, \u00f6yle d\u00fc\u015f\u00fcnmemden. Ba\u015fka t\u00fcrl\u00fc anlatam\u0131yorum, bu y\u00fczden mazurum ben. Faturalar\u0131n, makbuzlar\u0131n, ihbarnamelerin arkas\u0131na. Mektup zarflar\u0131n\u0131n, davetiyelerin, program kartlar\u0131n\u0131n bo\u015fluklar\u0131na. Pe\u00e7etelerin \u00fczerine. Kitaplar\u0131n, kenar sular\u0131na, kapak i\u00e7lerine. Defterlerin, sahifelerine de\u011fil k\u0131y\u0131lar\u0131na k\u00f6\u015felerine. Yaz\u0131l\u0131p da b\u0131rak\u0131lm\u0131\u015f; bilin\u00e7 kendine bile h\u0131rs\u0131z, kim bilir baz\u0131lar\u0131 hat\u0131rlanm\u0131\u015fta sonradan unutulmu\u015f bunca c\u00fcmleyi bir yerlerden bulup da \u00e7\u0131karmam. Burada b\u00f6yle bir kap\u0131 a\u00e7mam. C\u00fcmle Kap\u0131s\u0131: Kalbin Kap\u0131s\u0131 Sonra, sebebi malum s\u0131rr\u0131 me\u00e7hul, yani bana muamma, tutup bu kap\u0131y\u0131 kapatmam. E\u011fer beni okuyanla payla\u015f\u0131m iste\u011fi ve daha yak\u0131ndan tan\u0131\u015fma beklentisinden de\u011filse, defterimde kalan c\u00fcmlelerden kurtulma iste\u011fimden. Bir \u015fey de\u011fil, yeni bir \u015fey s\u00f6ylemek i\u00e7in. \ufffcTan\u0131t\u0131m Metni<\/p>\n","protected":false},"excerpt":{"rendered":"<p>Kelimeyle de\u011fil, c\u00fcmleyle d\u00fc\u015f\u00fcnd\u00fc\u011f\u00fcm\u00fc fark ettim ben. Muhal farz bile olsa \u2018\u2018Her \u015feyi \u00f6zetleyecek bir c\u00fcmle\u2018\u2018 tutkum, mana biriminin c\u00fcmle olmas\u0131ndan. karma\u015f\u0131k c\u00fcmlelerle konu\u015fmay\u0131 sevmem, \u00f6yle<span class=\"excerpt-hellip\"> [\u2026]<\/span><\/p>\n","protected":false},"featured_media":0,"template":"","meta":{"_monsterinsights_skip_tracking":false,"_monsterinsights_sitenote_active":false,"_monsterinsights_sitenote_note":"","_monsterinsights_sitenote_category":0},"product_brand":[],"product_cat":[12777,12291],"product_tag":[],"class_list":{"0":"post-693543","1":"product","2":"type-product","3":"status-publish","5":"product_cat-deneme","6":"product_cat-edebiyat","7":"pa_cilt-ciltsiz","8":"pa_tur-kitap","9":"pa_yayinevi-timas-yayinlari","10":"pa_yazar-nazan-bekiroglu","12":"first","13":"instock","14":"sale","15":"shipping-taxable","16":"purchasable","17":"product-type-simple"},"_links":{"self":[{"href":"https:\/\/roveyayinevi.com.tr\/index.php\/wp-json\/wp\/v2\/product\/693543","targetHints":{"allow":["GET"]}}],"collection":[{"href":"https:\/\/roveyayinevi.com.tr\/index.php\/wp-json\/wp\/v2\/product"}],"about":[{"href":"https:\/\/roveyayinevi.com.tr\/index.php\/wp-json\/wp\/v2\/types\/product"}],"wp:attachment":[{"href":"https:\/\/roveyayinevi.com.tr\/index.php\/wp-json\/wp\/v2\/media?parent=693543"}],"wp:term":[{"taxonomy":"product_brand","embeddable":true,"href":"https:\/\/roveyayinevi.com.tr\/index.php\/wp-json\/wp\/v2\/product_brand?post=693543"},{"taxonomy":"product_cat","embeddable":true,"href":"https:\/\/roveyayinevi.com.tr\/index.php\/wp-json\/wp\/v2\/product_cat?post=693543"},{"taxonomy":"product_tag","embeddable":true,"href":"https:\/\/roveyayinevi.com.tr\/index.php\/wp-json\/wp\/v2\/product_tag?post=693543"}],"curies":[{"name":"wp","href":"https:\/\/api.w.org\/{rel}","templated":true}]}}