{"id":693540,"date":"2025-08-27T14:14:57","date_gmt":"2025-08-27T11:14:57","guid":{"rendered":"https:\/\/roveyayinevi.com.tr\/index.php\/urun\/canakkale-destani-gercek-efsanelerin-oykusu\/"},"modified":"2026-04-16T02:03:10","modified_gmt":"2026-04-15T23:03:10","slug":"canakkale-destani-gercek-efsanelerin-oykusu","status":"publish","type":"product","link":"https:\/\/roveyayinevi.com.tr\/index.php\/urun\/canakkale-destani-gercek-efsanelerin-oykusu\/","title":{"rendered":"\u00c7anakkale Destan\u0131 Ger\u00e7ek Efsanelerin \u00d6yk\u00fcs\u00fc"},"content":{"rendered":"<p>Bu kitab\u0131 okurken; Mehmet\u00e7i\u011fin sava\u015fta bile d\u00fc\u015fman askerine olan merhametine \u015fahit olacak, 276 kiloluk mermiyi kald\u0131ran, Seyit Onba\u015f\u0131\u2018ya hayran kalacak, Nusrat May\u0131n Gemisinin, o bo\u011faz\u0131 d\u00fc\u015fmana dar eden ufac\u0131k bir geminin hik\u00e2yesini okurken, g\u00f6zya\u015flar\u0131n\u0131z\u0131 tutamayacaks\u0131n\u0131z&#8230; \ufffcTan\u0131t\u0131m Metni<\/p>\n","protected":false},"excerpt":{"rendered":"<p>Bu kitab\u0131 okurken; Mehmet\u00e7i\u011fin sava\u015fta bile d\u00fc\u015fman askerine olan merhametine \u015fahit olacak, 276 kiloluk mermiyi kald\u0131ran, Seyit Onba\u015f\u0131\u2018ya hayran kalacak, Nusrat May\u0131n Gemisinin, o bo\u011faz\u0131 d\u00fc\u015fmana<span class=\"excerpt-hellip\"> [\u2026]<\/span><\/p>\n","protected":false},"featured_media":0,"template":"","meta":{"_monsterinsights_skip_tracking":false,"_monsterinsights_sitenote_active":false,"_monsterinsights_sitenote_note":"","_monsterinsights_sitenote_category":0},"product_brand":[],"product_cat":[13517,12304],"product_tag":[],"class_list":{"0":"post-693540","1":"product","2":"type-product","3":"status-publish","5":"product_cat-osmanli-tarihi","6":"product_cat-tarih","7":"pa_cilt-ciltsiz","8":"pa_tur-kitap","9":"pa_yayinevi-timas-yayinlari","10":"pa_yazar-ismail-bilgin","12":"first","13":"instock","14":"sale","15":"shipping-taxable","16":"purchasable","17":"product-type-simple"},"_links":{"self":[{"href":"https:\/\/roveyayinevi.com.tr\/index.php\/wp-json\/wp\/v2\/product\/693540","targetHints":{"allow":["GET"]}}],"collection":[{"href":"https:\/\/roveyayinevi.com.tr\/index.php\/wp-json\/wp\/v2\/product"}],"about":[{"href":"https:\/\/roveyayinevi.com.tr\/index.php\/wp-json\/wp\/v2\/types\/product"}],"wp:attachment":[{"href":"https:\/\/roveyayinevi.com.tr\/index.php\/wp-json\/wp\/v2\/media?parent=693540"}],"wp:term":[{"taxonomy":"product_brand","embeddable":true,"href":"https:\/\/roveyayinevi.com.tr\/index.php\/wp-json\/wp\/v2\/product_brand?post=693540"},{"taxonomy":"product_cat","embeddable":true,"href":"https:\/\/roveyayinevi.com.tr\/index.php\/wp-json\/wp\/v2\/product_cat?post=693540"},{"taxonomy":"product_tag","embeddable":true,"href":"https:\/\/roveyayinevi.com.tr\/index.php\/wp-json\/wp\/v2\/product_tag?post=693540"}],"curies":[{"name":"wp","href":"https:\/\/api.w.org\/{rel}","templated":true}]}}