{"id":693539,"date":"2025-08-27T14:14:57","date_gmt":"2025-08-27T11:14:57","guid":{"rendered":"https:\/\/roveyayinevi.com.tr\/index.php\/urun\/beyaz-atli\/"},"modified":"2026-04-16T02:03:10","modified_gmt":"2026-04-15T23:03:10","slug":"beyaz-atli","status":"publish","type":"product","link":"https:\/\/roveyayinevi.com.tr\/index.php\/urun\/beyaz-atli\/","title":{"rendered":"Beyaz Atl\u0131"},"content":{"rendered":"<p>Ahmed G\u00fcnbay Y\u0131ld\u0131z, i\u00e7 i\u00e7e ge\u00e7en hikayelerle kurdu\u011fu yeni roman\u0131 Beyaz Atl\u0131\u2019da gen\u00e7lere sesleniyor: Umutlar\u0131n t\u00fckendi\u011fi yerde hayat da t\u00fckenir. Gen\u00e7lik h\u00fclyalar\u0131n\u0131n insan\u0131 ku\u015fatt\u0131\u011f\u0131, k\u00f6t\u00fcl\u00fcklerin kol gezdi\u011fi bir d\u00fcnyada her \u015feye ve herkese ra\u011fmen kararl\u0131 ad\u0131mlar atmak, zorluklara g\u00f6\u011f\u00fcs germek ve do\u011fru sonuca ula\u015fmak sab\u0131r gerektirir. \ufffc<\/p>\n","protected":false},"excerpt":{"rendered":"<p>Ahmed G\u00fcnbay Y\u0131ld\u0131z, i\u00e7 i\u00e7e ge\u00e7en hikayelerle kurdu\u011fu yeni roman\u0131 Beyaz Atl\u0131\u2019da gen\u00e7lere sesleniyor: Umutlar\u0131n t\u00fckendi\u011fi yerde hayat da t\u00fckenir. Gen\u00e7lik h\u00fclyalar\u0131n\u0131n insan\u0131 ku\u015fatt\u0131\u011f\u0131, k\u00f6t\u00fcl\u00fcklerin kol<span class=\"excerpt-hellip\"> [\u2026]<\/span><\/p>\n","protected":false},"featured_media":0,"template":"","meta":{"_monsterinsights_skip_tracking":false,"_monsterinsights_sitenote_active":false,"_monsterinsights_sitenote_note":"","_monsterinsights_sitenote_category":0},"product_brand":[],"product_cat":[12291,12292],"product_tag":[],"class_list":{"0":"post-693539","1":"product","2":"type-product","3":"status-publish","5":"product_cat-edebiyat","6":"product_cat-turk-edebiyati","7":"pa_cilt-ciltsiz","8":"pa_tur-kitap","9":"pa_yayinevi-timas-yayinlari","10":"pa_yazar-ahmed-gunbay-yildiz","12":"first","13":"instock","14":"sale","15":"shipping-taxable","16":"purchasable","17":"product-type-simple"},"_links":{"self":[{"href":"https:\/\/roveyayinevi.com.tr\/index.php\/wp-json\/wp\/v2\/product\/693539","targetHints":{"allow":["GET"]}}],"collection":[{"href":"https:\/\/roveyayinevi.com.tr\/index.php\/wp-json\/wp\/v2\/product"}],"about":[{"href":"https:\/\/roveyayinevi.com.tr\/index.php\/wp-json\/wp\/v2\/types\/product"}],"wp:attachment":[{"href":"https:\/\/roveyayinevi.com.tr\/index.php\/wp-json\/wp\/v2\/media?parent=693539"}],"wp:term":[{"taxonomy":"product_brand","embeddable":true,"href":"https:\/\/roveyayinevi.com.tr\/index.php\/wp-json\/wp\/v2\/product_brand?post=693539"},{"taxonomy":"product_cat","embeddable":true,"href":"https:\/\/roveyayinevi.com.tr\/index.php\/wp-json\/wp\/v2\/product_cat?post=693539"},{"taxonomy":"product_tag","embeddable":true,"href":"https:\/\/roveyayinevi.com.tr\/index.php\/wp-json\/wp\/v2\/product_tag?post=693539"}],"curies":[{"name":"wp","href":"https:\/\/api.w.org\/{rel}","templated":true}]}}