{"id":693527,"date":"2025-08-27T14:14:54","date_gmt":"2025-08-27T11:14:54","guid":{"rendered":"https:\/\/roveyayinevi.com.tr\/index.php\/urun\/gelenek-ve-modernlik-arasinda\/"},"modified":"2026-04-16T02:03:10","modified_gmt":"2026-04-15T23:03:10","slug":"gelenek-ve-modernlik-arasinda","status":"publish","type":"product","link":"https:\/\/roveyayinevi.com.tr\/index.php\/urun\/gelenek-ve-modernlik-arasinda\/","title":{"rendered":"Gelenek ve Modernlik Aras\u0131nda"},"content":{"rendered":"<p>Osmanl\u0131 tarihi, yak\u0131n tarih, bilim felsefesi, \u0130sl\u00e2m ve bilim, gelenek ve \u015fehir \u00e7al\u0131\u015fmalar\u0131ndan tan\u0131d\u0131\u011f\u0131n\u0131z Mustafa Arma\u011fan, bu defa gelenek ve modernli\u011fi sorgulayan yaz\u0131lar\u0131yla selaml\u0131yor okurunu. <\/p>\n","protected":false},"excerpt":{"rendered":"<p>Osmanl\u0131 tarihi, yak\u0131n tarih, bilim felsefesi, \u0130sl\u00e2m ve bilim, gelenek ve \u015fehir \u00e7al\u0131\u015fmalar\u0131ndan tan\u0131d\u0131\u011f\u0131n\u0131z Mustafa Arma\u011fan, bu defa gelenek ve modernli\u011fi sorgulayan yaz\u0131lar\u0131yla selaml\u0131yor okurunu.<\/p>\n","protected":false},"featured_media":0,"template":"","meta":{"_monsterinsights_skip_tracking":false,"_monsterinsights_sitenote_active":false,"_monsterinsights_sitenote_note":"","_monsterinsights_sitenote_category":0},"product_brand":[],"product_cat":[13633,12324],"product_tag":[],"class_list":{"0":"post-693527","1":"product","2":"type-product","3":"status-publish","5":"product_cat-kultur-ve-bilim","6":"product_cat-sosyoloji","7":"pa_tur-kitap","8":"pa_yayinevi-timas-yayinlari","9":"pa_yazar-mustafa-armagan","11":"first","12":"instock","13":"sale","14":"shipping-taxable","15":"purchasable","16":"product-type-simple"},"_links":{"self":[{"href":"https:\/\/roveyayinevi.com.tr\/index.php\/wp-json\/wp\/v2\/product\/693527","targetHints":{"allow":["GET"]}}],"collection":[{"href":"https:\/\/roveyayinevi.com.tr\/index.php\/wp-json\/wp\/v2\/product"}],"about":[{"href":"https:\/\/roveyayinevi.com.tr\/index.php\/wp-json\/wp\/v2\/types\/product"}],"wp:attachment":[{"href":"https:\/\/roveyayinevi.com.tr\/index.php\/wp-json\/wp\/v2\/media?parent=693527"}],"wp:term":[{"taxonomy":"product_brand","embeddable":true,"href":"https:\/\/roveyayinevi.com.tr\/index.php\/wp-json\/wp\/v2\/product_brand?post=693527"},{"taxonomy":"product_cat","embeddable":true,"href":"https:\/\/roveyayinevi.com.tr\/index.php\/wp-json\/wp\/v2\/product_cat?post=693527"},{"taxonomy":"product_tag","embeddable":true,"href":"https:\/\/roveyayinevi.com.tr\/index.php\/wp-json\/wp\/v2\/product_tag?post=693527"}],"curies":[{"name":"wp","href":"https:\/\/api.w.org\/{rel}","templated":true}]}}