{"id":693525,"date":"2025-08-27T14:14:54","date_gmt":"2025-08-27T11:14:54","guid":{"rendered":"https:\/\/roveyayinevi.com.tr\/index.php\/urun\/canakkale-gecilmez-bir-destanin-oykusu\/"},"modified":"2026-02-03T02:05:19","modified_gmt":"2026-02-02T23:05:19","slug":"canakkale-gecilmez-bir-destanin-oykusu","status":"publish","type":"product","link":"https:\/\/roveyayinevi.com.tr\/index.php\/urun\/canakkale-gecilmez-bir-destanin-oykusu\/","title":{"rendered":"\u00c7anakkale Ge\u00e7ilmez Bir Destan\u0131n \u00d6yk\u00fcs\u00fc"},"content":{"rendered":"<p>Harita ve foto\u011fraflarla desteklenen \u00c7anakale Ge\u00e7ilmez, titiz bir \u00e7al\u0131\u015fman\u0131n \u00fcr\u00fcn\u00fc. Kitapta,  Bu vatan ya senindir ya da hi\u00e7 kimsenin!  \u015fiar\u0131yla kazan\u0131lan \u00c7anakkale Sava\u015f\u0131\u2018n\u0131n sebepleri, sonu\u00e7lar\u0131, d\u00fc\u015fman kuvvetlerin sahip oldu\u011fu muazzam silah g\u00fcc\u00fc, sava\u015fta ya\u015fanan duygulu anlar, Anadolu insan\u0131n\u0131n cesareti, fedak\u00e2rl\u0131\u011f\u0131, vatan sevgisi ve sabr\u0131 t\u00fcm canl\u0131l\u0131\u011f\u0131 ile sat\u0131rlara yans\u0131t\u0131l\u0131yor. Mehmet\u00e7i\u011fin e\u015fsiz kahramanl\u0131\u011f\u0131n\u0131 ve fedak\u00e2rl\u0131\u011f\u0131n\u0131 ortaya koyan \u00c7anakale Ge\u00e7ilmez, tarihini ara\u015ft\u0131rmay\u0131 sevenler, ecdad\u0131n\u0131n fedak\u00e2rl\u0131klar\u0131n\u0131, o engin merhametini merak edenler ve atalar\u0131na vefa borcunu bir par\u00e7a da olsa \u00f6demek isteyenler i\u00e7in vazge\u00e7ilmez bir eser. Var Olma M\u00fccadelesini Yans\u0131tan Birka\u00e7 Sat\u0131r \u00c7anakale Ge\u00e7ilmez, arkada\u015f\u0131 Emin\u2018e  Yaz gelecek, k\u0131\u015f gelecek, ya\u011fmur ya\u011facak, \u00e7i\u00e7ekler a\u00e7acak, ot bitecek, \u00e7al\u0131 bitecek \u00fcst\u00fcm\u00fczde. Her g\u00fcn biraz daha topra\u011fa kar\u0131\u015faca\u011f\u0131z. Nas\u0131l d\u00f6v\u00fc\u015ft\u00fc\u011f\u00fcm\u00fcz\u00fc anlat, anlat atan\u0131n, oban\u0131n ba\u015f\u0131n\u0131 e\u011fdirmedi\u011fimizi  diyen isimsiz kahramanlar\u0131n, \u00f6l\u00fcme gidilen, \u00f6l\u00fcmden d\u00f6n\u00fclen yerler olan siperlerin hik\u00e2yesi&#8230; \u00c7anakale Ge\u00e7ilmez,  \u00c7ekiyorum teti\u011fi&#8230; \u00c7ekiyorum&#8230; \u00c7ekiyorum&#8230; T\u00fcfek patlam\u0131yor, ate\u015f etmiyor&#8230; T\u00fcfek bozuldu herhalde dedim, bak hele dedim yan\u0131mdaki arkada\u015f\u0131ma, benim t\u00fcfek bozulmu\u015f&#8230; Bir bakt\u0131 benden yana. Senin parmak gitmi\u015f&#8230; dedi  diyerek yapt\u0131\u011f\u0131 o b\u00fcy\u00fck fedakarl\u0131\u011f\u0131, mahcup bir \u015fekilde anlatan Ezineli Halil\u2018in hik\u00e2yesi&#8230; <\/p>\n","protected":false},"excerpt":{"rendered":"<p>Harita ve foto\u011fraflarla desteklenen \u00c7anakale Ge\u00e7ilmez, titiz bir \u00e7al\u0131\u015fman\u0131n \u00fcr\u00fcn\u00fc. Kitapta, Bu vatan ya senindir ya da hi\u00e7 kimsenin! \u015fiar\u0131yla kazan\u0131lan \u00c7anakkale Sava\u015f\u0131\u2018n\u0131n sebepleri, sonu\u00e7lar\u0131, d\u00fc\u015fman<span class=\"excerpt-hellip\"> [\u2026]<\/span><\/p>\n","protected":false},"featured_media":0,"template":"","meta":{"_monsterinsights_skip_tracking":false,"_monsterinsights_sitenote_active":false,"_monsterinsights_sitenote_note":"","_monsterinsights_sitenote_category":0},"product_brand":[],"product_cat":[13517,12304],"product_tag":[],"class_list":{"0":"post-693525","1":"product","2":"type-product","3":"status-publish","5":"product_cat-osmanli-tarihi","6":"product_cat-tarih","7":"pa_tur-kitap","8":"pa_yayinevi-timas-yayinlari","9":"pa_yazar-recep-sukru-apuhan","11":"first","12":"instock","13":"sale","14":"shipping-taxable","15":"purchasable","16":"product-type-simple"},"_links":{"self":[{"href":"https:\/\/roveyayinevi.com.tr\/index.php\/wp-json\/wp\/v2\/product\/693525","targetHints":{"allow":["GET"]}}],"collection":[{"href":"https:\/\/roveyayinevi.com.tr\/index.php\/wp-json\/wp\/v2\/product"}],"about":[{"href":"https:\/\/roveyayinevi.com.tr\/index.php\/wp-json\/wp\/v2\/types\/product"}],"wp:attachment":[{"href":"https:\/\/roveyayinevi.com.tr\/index.php\/wp-json\/wp\/v2\/media?parent=693525"}],"wp:term":[{"taxonomy":"product_brand","embeddable":true,"href":"https:\/\/roveyayinevi.com.tr\/index.php\/wp-json\/wp\/v2\/product_brand?post=693525"},{"taxonomy":"product_cat","embeddable":true,"href":"https:\/\/roveyayinevi.com.tr\/index.php\/wp-json\/wp\/v2\/product_cat?post=693525"},{"taxonomy":"product_tag","embeddable":true,"href":"https:\/\/roveyayinevi.com.tr\/index.php\/wp-json\/wp\/v2\/product_tag?post=693525"}],"curies":[{"name":"wp","href":"https:\/\/api.w.org\/{rel}","templated":true}]}}