{"id":693522,"date":"2025-08-27T14:14:53","date_gmt":"2025-08-27T11:14:53","guid":{"rendered":"https:\/\/roveyayinevi.com.tr\/index.php\/urun\/calkanti-ve-dalga\/"},"modified":"2026-04-16T02:03:10","modified_gmt":"2026-04-15T23:03:10","slug":"calkanti-ve-dalga","status":"publish","type":"product","link":"https:\/\/roveyayinevi.com.tr\/index.php\/urun\/calkanti-ve-dalga\/","title":{"rendered":"\u00c7alkant\u0131 ve Dalga"},"content":{"rendered":"<p>Kimlik \u015fimdilerde, \u2018\u00f6teki\u2018 \u00fczerinden aranmakta. Bu y\u00f6ntemde, sorgulanan ba\u015fkalar\u0131 oluyor. \u00d6zellikle, kendini tan\u0131mak i\u00e7in nefis muhasebesine ba\u015fvurmaktan ka\u00e7\u0131nan   modern insan beni  nin ba\u015fkas\u0131 \u00fczerinden olu\u015fturulmas\u0131 tercih ediliyor. \u0130nsan\u0131n kendisi hakk\u0131nda da \u2018\u00f6teki\u2018 olarak d\u00fc\u015f\u00fcnmesini zenginle\u015ftiren y\u00f6ntemler ortaya \u00e7\u0131kt\u0131. Ger\u00e7i insan kendisine \u00f6teki olarak bakarken en kritik yerlerde ho\u015fg\u00f6r\u00fc damarlar\u0131 a\u00e7\u0131\u011fa \u00e7\u0131kar, affedici olur. Bu \u2018\u00f6teki\u2018 kavram\u0131, \u2018ben\u2018 \u00fczerine a\u015f\u0131r\u0131 y\u00fck bindirmi\u015f olmaktan, nefis muhasebesinin \u00f6telendi\u011fi d\u00fcnyada bir g\u00fcnah ke\u00e7isini s\u00fcrekli yan\u0131nda bulundurmak ihtiyac\u0131ndan do\u011fmu\u015f olabilir mi? <\/p>\n","protected":false},"excerpt":{"rendered":"<p>Kimlik \u015fimdilerde, \u2018\u00f6teki\u2018 \u00fczerinden aranmakta. Bu y\u00f6ntemde, sorgulanan ba\u015fkalar\u0131 oluyor. \u00d6zellikle, kendini tan\u0131mak i\u00e7in nefis muhasebesine ba\u015fvurmaktan ka\u00e7\u0131nan modern insan beni nin ba\u015fkas\u0131 \u00fczerinden olu\u015fturulmas\u0131 tercih<span class=\"excerpt-hellip\"> [\u2026]<\/span><\/p>\n","protected":false},"featured_media":0,"template":"","meta":{"_monsterinsights_skip_tracking":false,"_monsterinsights_sitenote_active":false,"_monsterinsights_sitenote_note":"","_monsterinsights_sitenote_category":0},"product_brand":[],"product_cat":[12777,12291],"product_tag":[],"class_list":{"0":"post-693522","1":"product","2":"type-product","3":"status-publish","5":"product_cat-deneme","6":"product_cat-edebiyat","7":"pa_tur-kitap","8":"pa_yayinevi-timas-yayinlari","9":"pa_yazar-ebubekir-eroglu","11":"first","12":"instock","13":"sale","14":"shipping-taxable","15":"purchasable","16":"product-type-simple"},"_links":{"self":[{"href":"https:\/\/roveyayinevi.com.tr\/index.php\/wp-json\/wp\/v2\/product\/693522","targetHints":{"allow":["GET"]}}],"collection":[{"href":"https:\/\/roveyayinevi.com.tr\/index.php\/wp-json\/wp\/v2\/product"}],"about":[{"href":"https:\/\/roveyayinevi.com.tr\/index.php\/wp-json\/wp\/v2\/types\/product"}],"wp:attachment":[{"href":"https:\/\/roveyayinevi.com.tr\/index.php\/wp-json\/wp\/v2\/media?parent=693522"}],"wp:term":[{"taxonomy":"product_brand","embeddable":true,"href":"https:\/\/roveyayinevi.com.tr\/index.php\/wp-json\/wp\/v2\/product_brand?post=693522"},{"taxonomy":"product_cat","embeddable":true,"href":"https:\/\/roveyayinevi.com.tr\/index.php\/wp-json\/wp\/v2\/product_cat?post=693522"},{"taxonomy":"product_tag","embeddable":true,"href":"https:\/\/roveyayinevi.com.tr\/index.php\/wp-json\/wp\/v2\/product_tag?post=693522"}],"curies":[{"name":"wp","href":"https:\/\/api.w.org\/{rel}","templated":true}]}}