{"id":693521,"date":"2025-08-27T14:14:53","date_gmt":"2025-08-27T11:14:53","guid":{"rendered":"https:\/\/roveyayinevi.com.tr\/index.php\/urun\/cihad-ve-musiad\/"},"modified":"2026-04-16T02:03:10","modified_gmt":"2026-04-15T23:03:10","slug":"cihad-ve-musiad","status":"publish","type":"product","link":"https:\/\/roveyayinevi.com.tr\/index.php\/urun\/cihad-ve-musiad\/","title":{"rendered":"Cihad ve M\u00fcsiad"},"content":{"rendered":"<p>T\u00fcrkiye&#8217;nin \u00f6nc\u00fc sivil toplum kurulu\u015flard\u0131ndan biri olan M\u00dcS\u0130AD&#8217;da 2008-2012 y\u0131llar\u0131aras\u0131nda genel ba\u015fkanl\u0131k g\u00f6revini \u00fcstlenen \u00d6mer Cihad Vardan, ilk kez ya\u015fad\u0131klar\u0131n\u0131, tecr\u00fcbelerini, duygular\u0131n\u0131 ve M\u00dcS\u0130AD&#8217;\u0131n 22 y\u0131ll\u0131k tarihini bu kitapta bir araya getiriyor. <\/p>\n","protected":false},"excerpt":{"rendered":"<p>T\u00fcrkiye&#8217;nin \u00f6nc\u00fc sivil toplum kurulu\u015flard\u0131ndan biri olan M\u00dcS\u0130AD&#8217;da 2008-2012 y\u0131llar\u0131aras\u0131nda genel ba\u015fkanl\u0131k g\u00f6revini \u00fcstlenen \u00d6mer Cihad Vardan, ilk kez ya\u015fad\u0131klar\u0131n\u0131, tecr\u00fcbelerini, duygular\u0131n\u0131 ve M\u00dcS\u0130AD&#8217;\u0131n 22 y\u0131ll\u0131k<span class=\"excerpt-hellip\"> [\u2026]<\/span><\/p>\n","protected":false},"featured_media":0,"template":"","meta":{"_monsterinsights_skip_tracking":false,"_monsterinsights_sitenote_active":false,"_monsterinsights_sitenote_note":"","_monsterinsights_sitenote_category":0},"product_brand":[],"product_cat":[13278,12324],"product_tag":[],"class_list":{"0":"post-693521","1":"product","2":"type-product","3":"status-publish","5":"product_cat-sivil-toplum-kuruluslari","6":"product_cat-sosyoloji","7":"pa_tur-kitap","8":"pa_yayinevi-timas-yayinlari","9":"pa_yazar-omer-cihad-vardan","11":"first","12":"instock","13":"sale","14":"shipping-taxable","15":"purchasable","16":"product-type-simple"},"_links":{"self":[{"href":"https:\/\/roveyayinevi.com.tr\/index.php\/wp-json\/wp\/v2\/product\/693521","targetHints":{"allow":["GET"]}}],"collection":[{"href":"https:\/\/roveyayinevi.com.tr\/index.php\/wp-json\/wp\/v2\/product"}],"about":[{"href":"https:\/\/roveyayinevi.com.tr\/index.php\/wp-json\/wp\/v2\/types\/product"}],"wp:attachment":[{"href":"https:\/\/roveyayinevi.com.tr\/index.php\/wp-json\/wp\/v2\/media?parent=693521"}],"wp:term":[{"taxonomy":"product_brand","embeddable":true,"href":"https:\/\/roveyayinevi.com.tr\/index.php\/wp-json\/wp\/v2\/product_brand?post=693521"},{"taxonomy":"product_cat","embeddable":true,"href":"https:\/\/roveyayinevi.com.tr\/index.php\/wp-json\/wp\/v2\/product_cat?post=693521"},{"taxonomy":"product_tag","embeddable":true,"href":"https:\/\/roveyayinevi.com.tr\/index.php\/wp-json\/wp\/v2\/product_tag?post=693521"}],"curies":[{"name":"wp","href":"https:\/\/api.w.org\/{rel}","templated":true}]}}