{"id":693520,"date":"2025-08-27T14:14:53","date_gmt":"2025-08-27T11:14:53","guid":{"rendered":"https:\/\/roveyayinevi.com.tr\/index.php\/urun\/buyuk-oyun\/"},"modified":"2026-04-16T02:03:10","modified_gmt":"2026-04-15T23:03:10","slug":"buyuk-oyun","status":"publish","type":"product","link":"https:\/\/roveyayinevi.com.tr\/index.php\/urun\/buyuk-oyun\/","title":{"rendered":"B\u00fcy\u00fck Oyun"},"content":{"rendered":"<p>Kuran-\u0131 Kerim yok edilmedik\u00e7e Avrupa\u2018ya bar\u0131\u015f gelmeyecektir  -William Ewart Gladstone- 19. Y\u00fczy\u0131l&#8230; K\u0131r\u0131m Sava\u015f\u0131\u2018nda kar\u015f\u0131n\u0131za \u00e7\u0131kar. Eflak ve Bo\u011fdan\u2018\u0131n ba\u011f\u0131ms\u0131zl\u0131k m\u00fccadelesinde kar\u015f\u0131n\u0131za \u00e7\u0131kar. Bulgaristan olaylar\u0131nda, M\u0131s\u0131r\u2018\u0131n i\u015fgalinde kar\u015f\u0131n\u0131za \u00e7\u0131kar. Ermeni sorununun uluslararas\u0131 alana ta\u015f\u0131nmas\u0131nda, Yahudilerin Filistin\u2018e yerle\u015ftirilmeleri s\u00fcrecinde de kar\u015f\u0131n\u0131za \u00e7\u0131kar. O T\u00fcrkleri Avrupa\u2018dan atmaya \u00e7al\u0131\u015fan bir Ha\u00e7l\u0131 Sava\u015f\u00e7\u0131s\u0131&#8230; O \u0130ngiltere Ba\u015fbakan\u0131 William Ewart Gladstone. Uzun y\u0131llar Sultan Abd\u00fclaziz ve Abd\u00fclhamid\u2018le m\u00fccadele eden, Osmanl\u0131 Devleti\u2018ni y\u0131kma planlar\u0131 yapan \u0130ngiliz siyaset\u00e7i&#8230; 19. Y\u00fczy\u0131l emperyalizmin doruk noktas\u0131nda uyguland\u0131\u011f\u0131 bir y\u00fczy\u0131ld\u0131. Bat\u0131l\u0131 devletlerin aralar\u0131nda yapt\u0131klar\u0131 bu emperyal m\u00fccadele yine Avrupal\u0131 tarih\u00e7iler taraf\u0131ndan  B\u00fcy\u00fck Oyun  olarak tan\u0131mland\u0131. Hi\u00e7 \u015f\u00fcphesiz emperyal politikalar\u0131n\u0131n oda\u011f\u0131nda Osmanl\u0131 Devleti bulunuyordu. \u0130ngiltere\u2018nin d\u0131\u015f politikas\u0131n\u0131 de\u011fi\u015ftirerek Osmanl\u0131 Devleti\u2018ni y\u0131k\u0131ma s\u00fcr\u00fckleyen en \u00f6nemli isim ise William Ewart Gladstone oldu. Prof. Dr. Taha Niyazi Karaca uzun y\u0131llar Gladstone\u2018u ara\u015ft\u0131rd\u0131, \u00f6\u011frencilik y\u0131llar\u0131n\u0131, \u00fcniversite e\u011fitimini, politik ya\u015fam\u0131n\u0131 inceledi ve en \u00f6nemlisi Osmanl\u0131 Devleti\u2018nin par\u00e7alanmas\u0131ndaki rol\u00fcn\u00fc t\u00fcm detaylar\u0131yla yazd\u0131. Bir \u0130mparatorlu\u011fun y\u0131k\u0131l\u0131\u015f\u0131n\u0131n nedenlerini g\u00f6rmek ve 19. y\u00fczy\u0131lda \u00e7izilen ve g\u00fcn\u00fcm\u00fcze kadar gelen yeni d\u00fcnya d\u00fczenini anlayabilmek i\u00e7in B\u00fcy\u00fck Oyun\u2018u mutlaka okumal\u0131s\u0131n\u0131z. <\/p>\n","protected":false},"excerpt":{"rendered":"<p>Kuran-\u0131 Kerim yok edilmedik\u00e7e Avrupa\u2018ya bar\u0131\u015f gelmeyecektir -William Ewart Gladstone- 19. Y\u00fczy\u0131l&#8230; K\u0131r\u0131m Sava\u015f\u0131\u2018nda kar\u015f\u0131n\u0131za \u00e7\u0131kar. Eflak ve Bo\u011fdan\u2018\u0131n ba\u011f\u0131ms\u0131zl\u0131k m\u00fccadelesinde kar\u015f\u0131n\u0131za \u00e7\u0131kar. Bulgaristan olaylar\u0131nda, M\u0131s\u0131r\u2018\u0131n<span class=\"excerpt-hellip\"> [\u2026]<\/span><\/p>\n","protected":false},"featured_media":0,"template":"","meta":{"_monsterinsights_skip_tracking":false,"_monsterinsights_sitenote_active":false,"_monsterinsights_sitenote_note":"","_monsterinsights_sitenote_category":0},"product_brand":[],"product_cat":[13517,12304],"product_tag":[],"class_list":{"0":"post-693520","1":"product","2":"type-product","3":"status-publish","5":"product_cat-osmanli-tarihi","6":"product_cat-tarih","7":"pa_cilt-ciltsiz","8":"pa_tur-kitap","9":"pa_yayinevi-timas-yayinlari","10":"pa_yazar-taha-niyazi-karaca","12":"first","13":"instock","14":"sale","15":"shipping-taxable","16":"purchasable","17":"product-type-simple"},"_links":{"self":[{"href":"https:\/\/roveyayinevi.com.tr\/index.php\/wp-json\/wp\/v2\/product\/693520","targetHints":{"allow":["GET"]}}],"collection":[{"href":"https:\/\/roveyayinevi.com.tr\/index.php\/wp-json\/wp\/v2\/product"}],"about":[{"href":"https:\/\/roveyayinevi.com.tr\/index.php\/wp-json\/wp\/v2\/types\/product"}],"wp:attachment":[{"href":"https:\/\/roveyayinevi.com.tr\/index.php\/wp-json\/wp\/v2\/media?parent=693520"}],"wp:term":[{"taxonomy":"product_brand","embeddable":true,"href":"https:\/\/roveyayinevi.com.tr\/index.php\/wp-json\/wp\/v2\/product_brand?post=693520"},{"taxonomy":"product_cat","embeddable":true,"href":"https:\/\/roveyayinevi.com.tr\/index.php\/wp-json\/wp\/v2\/product_cat?post=693520"},{"taxonomy":"product_tag","embeddable":true,"href":"https:\/\/roveyayinevi.com.tr\/index.php\/wp-json\/wp\/v2\/product_tag?post=693520"}],"curies":[{"name":"wp","href":"https:\/\/api.w.org\/{rel}","templated":true}]}}