{"id":693519,"date":"2025-08-27T14:14:52","date_gmt":"2025-08-27T11:14:52","guid":{"rendered":"https:\/\/roveyayinevi.com.tr\/index.php\/urun\/bize-ne-oldu\/"},"modified":"2026-04-16T02:03:10","modified_gmt":"2026-04-15T23:03:10","slug":"bize-ne-oldu","status":"publish","type":"product","link":"https:\/\/roveyayinevi.com.tr\/index.php\/urun\/bize-ne-oldu\/","title":{"rendered":"Bize Ne Oldu?"},"content":{"rendered":"<p>Yaz\u0131lar\u0131n bir k\u0131sm\u0131n\u0131 Sibel Eraslan&#8217;\u0131n kaleme ald\u0131\u011f\u0131 Bize Ne Oldu, \u015eule Y\u00fcksel&#8217;in 68 ku\u015fa\u011f\u0131 i\u00e7in yapt\u0131\u011f\u0131 rol modellikten bahsediyor. Sibel Eraslan bu yaz\u0131lar\u0131nda \u015eule Y\u00fcksel \u00f6rne\u011fi \u00fczerinden var olan \u201ckonu\u015fan ve yazan kad\u0131n\u201d imaj\u0131n\u0131n 1968 y\u0131l\u0131ndan 2010&#8217;a \u00e7izilen zaman hatt\u0131nda neleri de\u011fi\u015ftirdi\u011fini anlat\u0131yor ve bu de\u011fi\u015fikliklerin g\u00fcn\u00fcm\u00fcze yapt\u0131\u011f\u0131 etkiden bahsediyor. \u015eule Y\u00fcksel&#8217;in modernle gelenek aras\u0131ndaki ba\u011flam hareketinden yola \u00e7\u0131karak bir k\u00f6pr\u00fc vazifesi g\u00f6rd\u00fc\u011f\u00fcn\u00fc belirtiyor. \u015eule Y\u00fcksel&#8217;le ba\u015flayan bu \u0130slami Kad\u0131n Hareketi \u00fczerinden M\u00fcsl\u00fcman kad\u0131nlar\u0131n okuma ve yaz\u0131m ser\u00fcveninin tahlilini yap\u0131yor. Kitab\u0131n geri kalan b\u00f6l\u00fcm\u00fc ise \u015eule Y\u00fcksel&#8217;in 1968-1978 y\u0131llar\u0131 aras\u0131nda kaleme ald\u0131\u011f\u0131 maneviyata dair yaz\u0131lardan, 70&#8217;li y\u0131llara dair \u00e7izdi\u011fi kad\u0131n portrelerinden ve E\u015fref Edip Fergan&#8217;la mektupla\u015fmalar\u0131ndan olu\u015fuyor.<\/p>\n","protected":false},"excerpt":{"rendered":"<p>Yaz\u0131lar\u0131n bir k\u0131sm\u0131n\u0131 Sibel Eraslan&#8217;\u0131n kaleme ald\u0131\u011f\u0131 Bize Ne Oldu, \u015eule Y\u00fcksel&#8217;in 68 ku\u015fa\u011f\u0131 i\u00e7in yapt\u0131\u011f\u0131 rol modellikten bahsediyor. Sibel Eraslan bu yaz\u0131lar\u0131nda \u015eule Y\u00fcksel \u00f6rne\u011fi<span class=\"excerpt-hellip\"> [\u2026]<\/span><\/p>\n","protected":false},"featured_media":0,"template":"","meta":{"_monsterinsights_skip_tracking":false,"_monsterinsights_sitenote_active":false,"_monsterinsights_sitenote_note":"","_monsterinsights_sitenote_category":0},"product_brand":[],"product_cat":[12718],"product_tag":[],"class_list":{"0":"post-693519","1":"product","2":"type-product","3":"status-publish","5":"product_cat-din","6":"pa_cilt-ciltsiz","7":"pa_tur-kitap","8":"pa_yayinevi-timas-yayinlari","9":"pa_yazar-sule-yuksel-senler","11":"first","12":"instock","13":"sale","14":"shipping-taxable","15":"purchasable","16":"product-type-simple"},"_links":{"self":[{"href":"https:\/\/roveyayinevi.com.tr\/index.php\/wp-json\/wp\/v2\/product\/693519","targetHints":{"allow":["GET"]}}],"collection":[{"href":"https:\/\/roveyayinevi.com.tr\/index.php\/wp-json\/wp\/v2\/product"}],"about":[{"href":"https:\/\/roveyayinevi.com.tr\/index.php\/wp-json\/wp\/v2\/types\/product"}],"wp:attachment":[{"href":"https:\/\/roveyayinevi.com.tr\/index.php\/wp-json\/wp\/v2\/media?parent=693519"}],"wp:term":[{"taxonomy":"product_brand","embeddable":true,"href":"https:\/\/roveyayinevi.com.tr\/index.php\/wp-json\/wp\/v2\/product_brand?post=693519"},{"taxonomy":"product_cat","embeddable":true,"href":"https:\/\/roveyayinevi.com.tr\/index.php\/wp-json\/wp\/v2\/product_cat?post=693519"},{"taxonomy":"product_tag","embeddable":true,"href":"https:\/\/roveyayinevi.com.tr\/index.php\/wp-json\/wp\/v2\/product_tag?post=693519"}],"curies":[{"name":"wp","href":"https:\/\/api.w.org\/{rel}","templated":true}]}}