{"id":693513,"date":"2025-08-27T14:14:51","date_gmt":"2025-08-27T11:14:51","guid":{"rendered":"https:\/\/roveyayinevi.com.tr\/index.php\/urun\/hanedanin-surgun-oykusu\/"},"modified":"2026-04-16T02:03:09","modified_gmt":"2026-04-15T23:03:09","slug":"hanedanin-surgun-oykusu","status":"publish","type":"product","link":"https:\/\/roveyayinevi.com.tr\/index.php\/urun\/hanedanin-surgun-oykusu\/","title":{"rendered":"Hanedan\u2019\u0131n S\u00fcrg\u00fcn \u00d6yk\u00fcs\u00fc"},"content":{"rendered":"<p>\u201cOsmano\u011flu&#8217;nun S\u00fcrg\u00fcn\u00fc\u201d belgeseliyle Osmanl\u0131 Hanedan Vakf\u0131 taraf\u0131ndan onursal \u00fcyeli\u011fe kabul edilen Kerime Seny\u00fccel, ya\u015fayan Son Osmanl\u0131lar\u0131n, s\u00fcrg\u00fcne bizzat tan\u0131k olmu\u015f hanedan \u00fcyelerinin anlatt\u0131klar\u0131n\u0131 birinci a\u011f\u0131zdan kaleme ald\u0131. Osmanl\u0131 Hanedan\u0131&#8217;n\u0131n s\u00fcrg\u00fcn g\u00fcnlerini ya\u015fayan son mensuplar\u0131 ve onlarla yap\u0131lan son r\u00f6portajlar&#8230; Sultan II. Abd\u00fclhamid&#8217;in torunu Ertu\u011frul Osman Osmano\u011flu; Sultan II. Abd\u00fchamid&#8217;in k\u0131z\u0131 Ay\u015fe Osmano\u011flu&#8217;nun o\u011flu Osman Nami Osmano\u011flu; Sultan I. Abd\u00fclmecid&#8217;in k\u0131z\u0131 Mediha Sultan&#8217;\u0131n torunu, Damat Ferit Pa\u015fa&#8217;n\u0131n \u00fcvey torunu Fethi Sami Baltalimal\u0131 ve di\u011ferleri&#8230; 600 y\u0131ll\u0131k imparatorlu\u011fun varisleri, hanedan\u0131n s\u00fcrg\u00fcnde ya\u015fad\u0131klar\u0131, bilinmeyen y\u0131llar&#8230; <\/p>\n","protected":false},"excerpt":{"rendered":"<p>\u201cOsmano\u011flu&#8217;nun S\u00fcrg\u00fcn\u00fc\u201d belgeseliyle Osmanl\u0131 Hanedan Vakf\u0131 taraf\u0131ndan onursal \u00fcyeli\u011fe kabul edilen Kerime Seny\u00fccel, ya\u015fayan Son Osmanl\u0131lar\u0131n, s\u00fcrg\u00fcne bizzat tan\u0131k olmu\u015f hanedan \u00fcyelerinin anlatt\u0131klar\u0131n\u0131 birinci a\u011f\u0131zdan kaleme<span class=\"excerpt-hellip\"> [\u2026]<\/span><\/p>\n","protected":false},"featured_media":0,"template":"","meta":{"_monsterinsights_skip_tracking":false,"_monsterinsights_sitenote_active":false,"_monsterinsights_sitenote_note":"","_monsterinsights_sitenote_category":0},"product_brand":[],"product_cat":[13517,12304],"product_tag":[],"class_list":{"0":"post-693513","1":"product","2":"type-product","3":"status-publish","5":"product_cat-osmanli-tarihi","6":"product_cat-tarih","7":"pa_tur-kitap","8":"pa_yayinevi-timas-yayinlari","9":"pa_yazar-kolektif","11":"first","12":"instock","13":"sale","14":"shipping-taxable","15":"purchasable","16":"product-type-simple"},"_links":{"self":[{"href":"https:\/\/roveyayinevi.com.tr\/index.php\/wp-json\/wp\/v2\/product\/693513","targetHints":{"allow":["GET"]}}],"collection":[{"href":"https:\/\/roveyayinevi.com.tr\/index.php\/wp-json\/wp\/v2\/product"}],"about":[{"href":"https:\/\/roveyayinevi.com.tr\/index.php\/wp-json\/wp\/v2\/types\/product"}],"wp:attachment":[{"href":"https:\/\/roveyayinevi.com.tr\/index.php\/wp-json\/wp\/v2\/media?parent=693513"}],"wp:term":[{"taxonomy":"product_brand","embeddable":true,"href":"https:\/\/roveyayinevi.com.tr\/index.php\/wp-json\/wp\/v2\/product_brand?post=693513"},{"taxonomy":"product_cat","embeddable":true,"href":"https:\/\/roveyayinevi.com.tr\/index.php\/wp-json\/wp\/v2\/product_cat?post=693513"},{"taxonomy":"product_tag","embeddable":true,"href":"https:\/\/roveyayinevi.com.tr\/index.php\/wp-json\/wp\/v2\/product_tag?post=693513"}],"curies":[{"name":"wp","href":"https:\/\/api.w.org\/{rel}","templated":true}]}}