{"id":693512,"date":"2025-08-27T14:14:51","date_gmt":"2025-08-27T11:14:51","guid":{"rendered":"https:\/\/roveyayinevi.com.tr\/index.php\/urun\/gozupek-kasifler\/"},"modified":"2026-04-16T02:03:09","modified_gmt":"2026-04-15T23:03:09","slug":"gozupek-kasifler","status":"publish","type":"product","link":"https:\/\/roveyayinevi.com.tr\/index.php\/urun\/gozupek-kasifler\/","title":{"rendered":"G\u00f6z\u00fcpek Ka\u015fifler"},"content":{"rendered":"<p>G\u00f6z\u00fcpek Ka\u015fifler kitab\u0131n\u0131 aralarken, geride b\u0131rakt\u0131\u011f\u0131n\u0131z s\u0131k\u0131c\u0131 co\u011frafya derslerine el sallayabilirsiniz&#8230; Silkeleneceksiniz! James Cook\u2018un macera dolu hayat\u0131&#8230; B\u00fcy\u00fcleneceksiniz! Ferdinand Macellan\u2018\u0131n d\u00fcnyan\u0131n etraf\u0131n\u0131 ilk kez dola\u015fmas\u0131&#8230; Buz keseceksiniz! Kaptan Scott\u2018un G\u00fcney Kutbuna kadar gidip orada kendisine b\u0131rak\u0131lm\u0131\u015f bir not bulmas\u0131&#8230; Etkileneceksiniz! \u0130bn-i Battuta\u2018n\u0131n 30 y\u0131l evinden uzak kalmas\u0131&#8230; Ve t\u00fcm bunlar sizi yeterince heyecanland\u0131rmad\u0131ysa, kimi ka\u015fiflerin haritalar\u0131 olmadan yollar\u0131n\u0131 nas\u0131l bulabildiklerini, neden di\u011ferlerinin hep k\u0131l\u0131k de\u011fi\u015ftirerek yolculuk etmek zorunda kald\u0131klar\u0131n\u0131 ve kendi gizli g\u00fcnl\u00fcklerinde ger\u00e7ekte neler oldu\u011funu okuyun. Yeri titretecek heyecanda bir ser\u00fcvene haz\u0131rlan\u0131n! Co\u011frafya hi\u00e7 bu kadar e\u011flenceli olmam\u0131\u015ft\u0131! \ufffcTan\u0131t\u0131m Metni<\/p>\n","protected":false},"excerpt":{"rendered":"<p>G\u00f6z\u00fcpek Ka\u015fifler kitab\u0131n\u0131 aralarken, geride b\u0131rakt\u0131\u011f\u0131n\u0131z s\u0131k\u0131c\u0131 co\u011frafya derslerine el sallayabilirsiniz&#8230; Silkeleneceksiniz! James Cook\u2018un macera dolu hayat\u0131&#8230; B\u00fcy\u00fcleneceksiniz! Ferdinand Macellan\u2018\u0131n d\u00fcnyan\u0131n etraf\u0131n\u0131 ilk kez dola\u015fmas\u0131&#8230; Buz<span class=\"excerpt-hellip\"> [\u2026]<\/span><\/p>\n","protected":false},"featured_media":0,"template":"","meta":{"_monsterinsights_skip_tracking":false,"_monsterinsights_sitenote_active":false,"_monsterinsights_sitenote_note":"","_monsterinsights_sitenote_category":0},"product_brand":[],"product_cat":[12274,14573],"product_tag":[],"class_list":{"0":"post-693512","1":"product","2":"type-product","3":"status-publish","5":"product_cat-cocuk-ve-genclik-kitaplari","6":"product_cat-referans-kitaplar-cocuk-ve-genclik-kitaplari","7":"pa_tur-kitap","8":"pa_yayinevi-timas-yayinlari","9":"pa_yazar-anita-ganeri","11":"first","12":"instock","13":"sale","14":"shipping-taxable","15":"purchasable","16":"product-type-simple"},"_links":{"self":[{"href":"https:\/\/roveyayinevi.com.tr\/index.php\/wp-json\/wp\/v2\/product\/693512","targetHints":{"allow":["GET"]}}],"collection":[{"href":"https:\/\/roveyayinevi.com.tr\/index.php\/wp-json\/wp\/v2\/product"}],"about":[{"href":"https:\/\/roveyayinevi.com.tr\/index.php\/wp-json\/wp\/v2\/types\/product"}],"wp:attachment":[{"href":"https:\/\/roveyayinevi.com.tr\/index.php\/wp-json\/wp\/v2\/media?parent=693512"}],"wp:term":[{"taxonomy":"product_brand","embeddable":true,"href":"https:\/\/roveyayinevi.com.tr\/index.php\/wp-json\/wp\/v2\/product_brand?post=693512"},{"taxonomy":"product_cat","embeddable":true,"href":"https:\/\/roveyayinevi.com.tr\/index.php\/wp-json\/wp\/v2\/product_cat?post=693512"},{"taxonomy":"product_tag","embeddable":true,"href":"https:\/\/roveyayinevi.com.tr\/index.php\/wp-json\/wp\/v2\/product_tag?post=693512"}],"curies":[{"name":"wp","href":"https:\/\/api.w.org\/{rel}","templated":true}]}}