{"id":693510,"date":"2025-08-27T14:14:51","date_gmt":"2025-08-27T11:14:51","guid":{"rendered":"https:\/\/roveyayinevi.com.tr\/index.php\/urun\/gizli-hazineler-mumyalar-ve-arkeoloji-eglenceli-bilgi-19\/"},"modified":"2026-04-16T02:03:09","modified_gmt":"2026-04-15T23:03:09","slug":"gizli-hazineler-mumyalar-ve-arkeoloji-eglenceli-bilgi-19","status":"publish","type":"product","link":"https:\/\/roveyayinevi.com.tr\/index.php\/urun\/gizli-hazineler-mumyalar-ve-arkeoloji-eglenceli-bilgi-19\/","title":{"rendered":"Gizli Hazineler, Mumyalar ve Arkeoloji E\u011flenceli Bilgi &#8211; 19"},"content":{"rendered":"<p>G\u00f6z\u00fcpek sualt\u0131 arkeologlar\u0131yla \u00f6l\u00fcm ma\u011faras\u0131na dal; Kafatas\u0131na bakarak bir insan\u0131n y\u00fcz\u00fcn\u00fcn nas\u0131l oldu\u011funu ke\u015ffet; Batakl\u0131kta cesetlerin deh\u015fet verici s\u0131rlar\u0131n\u0131 a\u00e7\u0131\u011fa \u00e7\u0131kar. Dahas\u0131, bir zaman dedektifi olmak i\u00e7in rehberimizle beraber ge\u00e7mi\u015fin derinliklerine dal! E\u011fer arkeolojik kaz\u0131lar yapmak ve baz\u0131 t\u00fcyler \u00fcrpertici s\u0131rlar\u0131 ortaya \u00e7\u0131karmak istiyorsan, bu kitap mutlaka okunmas\u0131 gereken m\u00fckemmel bir rehber! \ufffcTan\u0131t\u0131m Metni<\/p>\n","protected":false},"excerpt":{"rendered":"<p>G\u00f6z\u00fcpek sualt\u0131 arkeologlar\u0131yla \u00f6l\u00fcm ma\u011faras\u0131na dal; Kafatas\u0131na bakarak bir insan\u0131n y\u00fcz\u00fcn\u00fcn nas\u0131l oldu\u011funu ke\u015ffet; Batakl\u0131kta cesetlerin deh\u015fet verici s\u0131rlar\u0131n\u0131 a\u00e7\u0131\u011fa \u00e7\u0131kar. Dahas\u0131, bir zaman dedektifi olmak<span class=\"excerpt-hellip\"> [\u2026]<\/span><\/p>\n","protected":false},"featured_media":0,"template":"","meta":{"_monsterinsights_skip_tracking":false,"_monsterinsights_sitenote_active":false,"_monsterinsights_sitenote_note":"","_monsterinsights_sitenote_category":0},"product_brand":[],"product_cat":[12274,12631],"product_tag":[],"class_list":{"0":"post-693510","1":"product","2":"type-product","3":"status-publish","5":"product_cat-cocuk-ve-genclik-kitaplari","6":"product_cat-diger-cocuk-ve-genclik-kitaplari","7":"pa_cilt-ciltsiz","8":"pa_tur-kitap","9":"pa_yayinevi-timas-yayinlari","10":"pa_yazar-nick-arnold","12":"first","13":"instock","14":"sale","15":"shipping-taxable","16":"purchasable","17":"product-type-simple"},"_links":{"self":[{"href":"https:\/\/roveyayinevi.com.tr\/index.php\/wp-json\/wp\/v2\/product\/693510","targetHints":{"allow":["GET"]}}],"collection":[{"href":"https:\/\/roveyayinevi.com.tr\/index.php\/wp-json\/wp\/v2\/product"}],"about":[{"href":"https:\/\/roveyayinevi.com.tr\/index.php\/wp-json\/wp\/v2\/types\/product"}],"wp:attachment":[{"href":"https:\/\/roveyayinevi.com.tr\/index.php\/wp-json\/wp\/v2\/media?parent=693510"}],"wp:term":[{"taxonomy":"product_brand","embeddable":true,"href":"https:\/\/roveyayinevi.com.tr\/index.php\/wp-json\/wp\/v2\/product_brand?post=693510"},{"taxonomy":"product_cat","embeddable":true,"href":"https:\/\/roveyayinevi.com.tr\/index.php\/wp-json\/wp\/v2\/product_cat?post=693510"},{"taxonomy":"product_tag","embeddable":true,"href":"https:\/\/roveyayinevi.com.tr\/index.php\/wp-json\/wp\/v2\/product_tag?post=693510"}],"curies":[{"name":"wp","href":"https:\/\/api.w.org\/{rel}","templated":true}]}}