{"id":693509,"date":"2025-08-27T14:14:50","date_gmt":"2025-08-27T11:14:50","guid":{"rendered":"https:\/\/roveyayinevi.com.tr\/index.php\/urun\/gorme-bahcesi\/"},"modified":"2026-04-16T02:03:09","modified_gmt":"2026-04-15T23:03:09","slug":"gorme-bahcesi","status":"publish","type":"product","link":"https:\/\/roveyayinevi.com.tr\/index.php\/urun\/gorme-bahcesi\/","title":{"rendered":"G\u00f6rme Bah\u00e7esi"},"content":{"rendered":"<p>Uluslararas\u0131 siyaset arenas\u0131 giderek daha b\u00fcy\u00fck d\u00f6v\u00fc\u015flere sahne olmaya ba\u015flad\u0131. Kapal\u0131 kap\u0131lar ard\u0131nda yap\u0131lan pazarl\u0131klar sadece s\u0131n\u0131rlar\u0131 de\u011fi\u015ftirmekle kalm\u0131yor, ortak de\u011ferlere sahip halklar\u0131 birbirinden iyice uzakla\u015ft\u0131r\u0131yor. Bar\u0131\u015f ve karde\u015flik tohumlar\u0131 \u00fczerinde kopan f\u0131rt\u0131na ard\u0131nda kin, d\u00fc\u015fmanl\u0131k b\u0131rak\u0131yor. Ezen daha \u00e7ok eziyor, ezilen daha \u00e7ok eziliyor. T\u00fcrkiye de uzun y\u0131llard\u0131r bu f\u0131rt\u0131nadan nasibini al\u0131yor; y\u00fczlerce y\u0131ld\u0131r bir arada ya\u015fam\u0131\u015f T\u00fcrk ve K\u00fcrt halklar\u0131 aras\u0131nda a\u00e7\u0131lan \u00e7ukur giderek bir u\u00e7urum haline geliyor. <\/p>\n","protected":false},"excerpt":{"rendered":"<p>Uluslararas\u0131 siyaset arenas\u0131 giderek daha b\u00fcy\u00fck d\u00f6v\u00fc\u015flere sahne olmaya ba\u015flad\u0131. Kapal\u0131 kap\u0131lar ard\u0131nda yap\u0131lan pazarl\u0131klar sadece s\u0131n\u0131rlar\u0131 de\u011fi\u015ftirmekle kalm\u0131yor, ortak de\u011ferlere sahip halklar\u0131 birbirinden iyice uzakla\u015ft\u0131r\u0131yor.<span class=\"excerpt-hellip\"> [\u2026]<\/span><\/p>\n","protected":false},"featured_media":0,"template":"","meta":{"_monsterinsights_skip_tracking":false,"_monsterinsights_sitenote_active":false,"_monsterinsights_sitenote_note":"","_monsterinsights_sitenote_category":0},"product_brand":[],"product_cat":[13596,12337],"product_tag":[],"class_list":{"0":"post-693509","1":"product","2":"type-product","3":"status-publish","5":"product_cat-avrupa-birligi","6":"product_cat-politika-siyaset","7":"pa_tur-kitap","8":"pa_yayinevi-timas-yayinlari","9":"pa_yazar-yildiz-ramazanoglu","11":"first","12":"instock","13":"sale","14":"shipping-taxable","15":"purchasable","16":"product-type-simple"},"_links":{"self":[{"href":"https:\/\/roveyayinevi.com.tr\/index.php\/wp-json\/wp\/v2\/product\/693509","targetHints":{"allow":["GET"]}}],"collection":[{"href":"https:\/\/roveyayinevi.com.tr\/index.php\/wp-json\/wp\/v2\/product"}],"about":[{"href":"https:\/\/roveyayinevi.com.tr\/index.php\/wp-json\/wp\/v2\/types\/product"}],"wp:attachment":[{"href":"https:\/\/roveyayinevi.com.tr\/index.php\/wp-json\/wp\/v2\/media?parent=693509"}],"wp:term":[{"taxonomy":"product_brand","embeddable":true,"href":"https:\/\/roveyayinevi.com.tr\/index.php\/wp-json\/wp\/v2\/product_brand?post=693509"},{"taxonomy":"product_cat","embeddable":true,"href":"https:\/\/roveyayinevi.com.tr\/index.php\/wp-json\/wp\/v2\/product_cat?post=693509"},{"taxonomy":"product_tag","embeddable":true,"href":"https:\/\/roveyayinevi.com.tr\/index.php\/wp-json\/wp\/v2\/product_tag?post=693509"}],"curies":[{"name":"wp","href":"https:\/\/api.w.org\/{rel}","templated":true}]}}