{"id":693508,"date":"2025-08-27T14:14:50","date_gmt":"2025-08-27T11:14:50","guid":{"rendered":"https:\/\/roveyayinevi.com.tr\/index.php\/urun\/gocebe\/"},"modified":"2026-04-16T02:03:09","modified_gmt":"2026-04-15T23:03:09","slug":"gocebe","status":"publish","type":"product","link":"https:\/\/roveyayinevi.com.tr\/index.php\/urun\/gocebe\/","title":{"rendered":"G\u00f6\u00e7ebe"},"content":{"rendered":"<p>Nobel \u00f6d\u00fcll\u00fc Yazar Knut Hamsun\u2032dan insana ve hayata dair bir roman&#8230; \u201cG\u00f6\u00e7ebe, \u00fc\u00e7 b\u00f6l\u00fcml\u00fck b\u00fcy\u00fck romana yazar\u0131n verdi\u011fi genel isimdir. \u0130lk kitap Sonbahar Y\u0131ld\u0131zlar\u0131 alt\u0131nda 1906\u2019da, H\u00fcz\u00fcnl\u00fc Havalar 1909\u2019da, Son Mutluluk 1912\u2019de yaz\u0131ld\u0131. \u00dc\u00e7 b\u00f6l\u00fcm\u00fcn \u00fc\u00e7 ayr\u0131 ad\u0131 var, ama asl\u0131nda \u00fc\u00e7 b\u00f6l\u00fcm\u00fcn \u00fc\u00e7\u00fc de birer \u201ch\u00fcz\u00fcnl\u00fc hava\u201dd\u0131r; \u00fc\u00e7\u00fcn\u00fcn de kahraman\u0131 ayn\u0131 ki\u015fi. Hamsun\u2019un as\u0131l ad\u0131 olan Knud Pedersen\u2019in a\u011fz\u0131ndan anlat\u0131l\u0131r olaylar. Art\u0131k b\u00fcy\u00fck \u015fehirlerden bezmi\u015f, i\u00e7 s\u0131k\u0131nt\u0131lar\u0131n\u0131 k\u0131rlarda, ormanlarda, \u015fehirden uzak yerlerde da\u011f\u0131tmaya \u00e7al\u0131\u015fan, kay\u0131p gen\u00e7li\u011fi pe\u015finde avare, orta ya\u015fl\u0131 bir h\u00fclya adam\u0131d\u0131r kahraman. \u015eehrin g\u00fcr\u00fclt\u00fc ve uygarl\u0131\u011f\u0131ndan ka\u00e7arak tabiat\u0131n ba\u011fr\u0131nda, y\u0131ld\u0131zlar\u0131n alt\u0131nda ruhuna s\u00fck\u00fbn ve \u015fifa arayan, kan\u0131n\u0131n \u00e7a\u011f\u0131lt\u0131s\u0131n\u0131 k\u0131rlar\u0131n solu\u011funda yat\u0131\u015ft\u0131rmak isteyen, \u015fair ruhlu birisi.\u201d Beh\u00e7et Necatigil<\/p>\n","protected":false},"excerpt":{"rendered":"<p>Nobel \u00f6d\u00fcll\u00fc Yazar Knut Hamsun\u2032dan insana ve hayata dair bir roman&#8230; \u201cG\u00f6\u00e7ebe, \u00fc\u00e7 b\u00f6l\u00fcml\u00fck b\u00fcy\u00fck romana yazar\u0131n verdi\u011fi genel isimdir. \u0130lk kitap Sonbahar Y\u0131ld\u0131zlar\u0131 alt\u0131nda 1906\u2019da,<span class=\"excerpt-hellip\"> [\u2026]<\/span><\/p>\n","protected":false},"featured_media":0,"template":"","meta":{"_monsterinsights_skip_tracking":false,"_monsterinsights_sitenote_active":false,"_monsterinsights_sitenote_note":"","_monsterinsights_sitenote_category":0},"product_brand":[],"product_cat":[12291,12711],"product_tag":[],"class_list":{"0":"post-693508","1":"product","2":"type-product","3":"status-publish","5":"product_cat-edebiyat","6":"product_cat-roman-oyku","7":"pa_tur-kitap","8":"pa_yayinevi-timas-yayinlari","9":"pa_yazar-knut-hamsun","11":"first","12":"instock","13":"sale","14":"shipping-taxable","15":"purchasable","16":"product-type-simple"},"_links":{"self":[{"href":"https:\/\/roveyayinevi.com.tr\/index.php\/wp-json\/wp\/v2\/product\/693508","targetHints":{"allow":["GET"]}}],"collection":[{"href":"https:\/\/roveyayinevi.com.tr\/index.php\/wp-json\/wp\/v2\/product"}],"about":[{"href":"https:\/\/roveyayinevi.com.tr\/index.php\/wp-json\/wp\/v2\/types\/product"}],"wp:attachment":[{"href":"https:\/\/roveyayinevi.com.tr\/index.php\/wp-json\/wp\/v2\/media?parent=693508"}],"wp:term":[{"taxonomy":"product_brand","embeddable":true,"href":"https:\/\/roveyayinevi.com.tr\/index.php\/wp-json\/wp\/v2\/product_brand?post=693508"},{"taxonomy":"product_cat","embeddable":true,"href":"https:\/\/roveyayinevi.com.tr\/index.php\/wp-json\/wp\/v2\/product_cat?post=693508"},{"taxonomy":"product_tag","embeddable":true,"href":"https:\/\/roveyayinevi.com.tr\/index.php\/wp-json\/wp\/v2\/product_tag?post=693508"}],"curies":[{"name":"wp","href":"https:\/\/api.w.org\/{rel}","templated":true}]}}