{"id":693507,"date":"2025-08-27T14:14:50","date_gmt":"2025-08-27T11:14:50","guid":{"rendered":"https:\/\/roveyayinevi.com.tr\/index.php\/urun\/genciz-biz\/"},"modified":"2026-04-16T02:03:09","modified_gmt":"2026-04-15T23:03:09","slug":"genciz-biz","status":"publish","type":"product","link":"https:\/\/roveyayinevi.com.tr\/index.php\/urun\/genciz-biz\/","title":{"rendered":"Genciz Biz"},"content":{"rendered":"<p>&#8220;Bu kitab\u0131 inceledikten sonra gen\u00e7lerin, yak\u0131nlar\u0131n\u0131n ve gen\u00e7lere emek veren herkesin \u2018Hah i\u015fte!\u2019 diyeceklerini tahmin ediyorum.Genciz Biz\u2019de gen\u00e7lerin psikolojik \u00f6nceliklerinden s\u0131nav stresine, ba\u011f\u0131ml\u0131l\u0131ktan e\u011flence k\u00fclt\u00fcr\u00fcne, d\u00fc\u015f\u00fcnce teknolojisinden medikal bak\u0131\u015fa kadar \u00f6nemli konular aras\u0131nda kalem oynatan bir yazar g\u00f6r\u00fcyoruz. K\u00e2h bilim insan\u0131, k\u00e2h kanka, zaman zaman baba, zaman zaman gen\u00e7lerle birlikte oyun oynayan psikolog portresi olduk\u00e7a empatik ve \u015fiirsel olmu\u015f.Psikolog Orhan G\u00fcm\u00fc\u015fel 1990\u2019l\u0131 y\u0131llardan bug\u00fcne aram\u0131zda ve tak\u0131m\u0131m\u0131z\u0131n iyi bir eleman\u0131. Bu kitab\u0131 yazmakta \u00e7ok ge\u00e7 bile kald\u0131. \u2018\u00d6SS kazand\u0131ran psikolog\u2019 olarak tan\u0131d\u0131\u011f\u0131m\u0131z Orhan\u2019\u0131n kaleminin bu derece ak\u0131c\u0131 ve g\u00fc\u00e7l\u00fc olaca\u011f\u0131n\u0131 tahmin etmiyordum; kendisini g\u00f6n\u00fclden kutlar\u0131m.Gen\u00e7lerin ruh halini en iyi \u015fekilde yans\u0131tan ak\u0131c\u0131 \u00fcslup kitab\u0131 zevkle okunur hale getirmi\u015f. 12-22 ya\u015f grubu ile \u00e7al\u0131\u015fanlara ve ebeveynlere yeni ve yerli, ak\u0131c\u0131 ve ne\u015feli bu eseri kitapseverlere kazand\u0131rd\u0131\u011f\u0131 i\u00e7in Orhan G\u00fcm\u00fc\u015fel\u2019e te\u015fekk\u00fcr ederim.\u201dProf. Dr. Nevzat Tarhan <\/p>\n","protected":false},"excerpt":{"rendered":"<p>&#8220;Bu kitab\u0131 inceledikten sonra gen\u00e7lerin, yak\u0131nlar\u0131n\u0131n ve gen\u00e7lere emek veren herkesin \u2018Hah i\u015fte!\u2019 diyeceklerini tahmin ediyorum.Genciz Biz\u2019de gen\u00e7lerin psikolojik \u00f6nceliklerinden s\u0131nav stresine, ba\u011f\u0131ml\u0131l\u0131ktan e\u011flence k\u00fclt\u00fcr\u00fcne, d\u00fc\u015f\u00fcnce<span class=\"excerpt-hellip\"> [\u2026]<\/span><\/p>\n","protected":false},"featured_media":0,"template":"","meta":{"_monsterinsights_skip_tracking":false,"_monsterinsights_sitenote_active":false,"_monsterinsights_sitenote_note":"","_monsterinsights_sitenote_category":0},"product_brand":[],"product_cat":[12291,15117],"product_tag":[],"class_list":{"0":"post-693507","1":"product","2":"type-product","3":"status-publish","5":"product_cat-edebiyat","6":"product_cat-genclik-edebiyati","7":"pa_cilt-ciltsiz","8":"pa_tur-kitap","9":"pa_yayinevi-timas-yayinlari","10":"pa_yazar-orhan-gumusel","12":"first","13":"instock","14":"sale","15":"shipping-taxable","16":"purchasable","17":"product-type-simple"},"_links":{"self":[{"href":"https:\/\/roveyayinevi.com.tr\/index.php\/wp-json\/wp\/v2\/product\/693507","targetHints":{"allow":["GET"]}}],"collection":[{"href":"https:\/\/roveyayinevi.com.tr\/index.php\/wp-json\/wp\/v2\/product"}],"about":[{"href":"https:\/\/roveyayinevi.com.tr\/index.php\/wp-json\/wp\/v2\/types\/product"}],"wp:attachment":[{"href":"https:\/\/roveyayinevi.com.tr\/index.php\/wp-json\/wp\/v2\/media?parent=693507"}],"wp:term":[{"taxonomy":"product_brand","embeddable":true,"href":"https:\/\/roveyayinevi.com.tr\/index.php\/wp-json\/wp\/v2\/product_brand?post=693507"},{"taxonomy":"product_cat","embeddable":true,"href":"https:\/\/roveyayinevi.com.tr\/index.php\/wp-json\/wp\/v2\/product_cat?post=693507"},{"taxonomy":"product_tag","embeddable":true,"href":"https:\/\/roveyayinevi.com.tr\/index.php\/wp-json\/wp\/v2\/product_tag?post=693507"}],"curies":[{"name":"wp","href":"https:\/\/api.w.org\/{rel}","templated":true}]}}