{"id":693505,"date":"2025-08-27T14:14:49","date_gmt":"2025-08-27T11:14:49","guid":{"rendered":"https:\/\/roveyayinevi.com.tr\/index.php\/urun\/acitan-acilar\/"},"modified":"2026-04-16T02:03:09","modified_gmt":"2026-04-15T23:03:09","slug":"acitan-acilar","status":"publish","type":"product","link":"https:\/\/roveyayinevi.com.tr\/index.php\/urun\/acitan-acilar\/","title":{"rendered":"Ac\u0131tan A\u00e7\u0131lar"},"content":{"rendered":"<p>Sizden \u00f6nce trigonometri g\u00f6rm\u00fc\u015f olanlardan \u201cOff! Tam bir k\u00e2bus!\u201d, \u201cS\u0131n\u0131fta kimse anlamad\u0131! Muhte\u015fem zek\u00e2mla ben bile!..\u201d gibi korkutucu s\u00f6zler, yak\u0131nmalar duymu\u015fsunuzdur. G\u00f6zleriniz korkmu\u015f, dudaklar\u0131n\u0131z u\u00e7uklam\u0131\u015ft\u0131r. Bu gizemli konuyu korkarak merak etmi\u015fsinizdir.Neyse ki b\u00fct\u00fcn korkular\u0131 bitirecek bir \u00e7are bulundu! Bu sayede trigonometrinin \u00fcstesinden gelmekle kalmayacak, bildiklerinizle \u00f6\u011fretmenlerinizi \u015fa\u015f\u0131rtacak, arkada\u015flar\u0131n\u0131za parmak \u0131s\u0131rtacaks\u0131n\u0131z!Ac\u0131tan A\u00e7\u0131lar\u2019da Profes\u00f6r Fiendish\u2019in icad\u0131 Her A\u00e7\u0131y\u0131 \u00d6l\u00e7er\u2019in h\u0131z\u0131yla yar\u0131\u015farak hesaplamalar yapacak, hesap makinenizin daha \u00f6nce hi\u00e7 bilmedi\u011finiz tu\u015flar\u0131n\u0131 ke\u015ffedeceksiniz. Profes\u00f6r\u2019e kar\u015f\u0131 sava\u015f\u0131n\u0131zda size S\u00fcper Sin, Cosk\u0131z ve K\u00f6pek Tan yard\u0131m edecek.Trigonometrik oranlar, \u00f6zel \u00fc\u00e7genler, asl\u0131nda gayet basit form\u00fcller sizi \u00e7ok e\u011flendirecek. Sin\u00fcs, kosin\u00fcs ve tanjant dalgalar\u0131 ile bir m\u00fczik aleti nas\u0131l \u00e7al\u0131\u015f\u0131r; \u00f6\u011frenince \u00e7ok \u015fa\u015f\u0131racaks\u0131n\u0131z.Soluksuz okuyaca\u011f\u0131n\u0131z bu k\u0131p\u0131r k\u0131p\u0131r kitab\u0131 bitirdi\u011finizde trigonometrinin korkulacak bir \u015fey olmad\u0131\u011f\u0131n\u0131 anlayacaks\u0131n\u0131z.Garanti: Bu kitap b\u0131kt\u0131r\u0131c\u0131 problemler ve s\u0131k\u0131c\u0131 i\u015flemler i\u00e7ermez! Trigonometri hi\u00e7 bu kadar e\u011flenceli olmam\u0131\u015ft\u0131!<\/p>\n","protected":false},"excerpt":{"rendered":"<p>Sizden \u00f6nce trigonometri g\u00f6rm\u00fc\u015f olanlardan \u201cOff! Tam bir k\u00e2bus!\u201d, \u201cS\u0131n\u0131fta kimse anlamad\u0131! Muhte\u015fem zek\u00e2mla ben bile!..\u201d gibi korkutucu s\u00f6zler, yak\u0131nmalar duymu\u015fsunuzdur. G\u00f6zleriniz korkmu\u015f, dudaklar\u0131n\u0131z u\u00e7uklam\u0131\u015ft\u0131r. Bu<span class=\"excerpt-hellip\"> [\u2026]<\/span><\/p>\n","protected":false},"featured_media":0,"template":"","meta":{"_monsterinsights_skip_tracking":false,"_monsterinsights_sitenote_active":false,"_monsterinsights_sitenote_note":"","_monsterinsights_sitenote_category":0},"product_brand":[],"product_cat":[12492,12274],"product_tag":[],"class_list":{"0":"post-693505","1":"product","2":"type-product","3":"status-publish","5":"product_cat-bilmece-bulmaca","6":"product_cat-cocuk-ve-genclik-kitaplari","7":"pa_cilt-ciltsiz","8":"pa_tur-kitap","9":"pa_yayinevi-timas-yayinlari","10":"pa_yazar-kjartan-poskitt","12":"first","13":"instock","14":"sale","15":"shipping-taxable","16":"purchasable","17":"product-type-simple"},"_links":{"self":[{"href":"https:\/\/roveyayinevi.com.tr\/index.php\/wp-json\/wp\/v2\/product\/693505","targetHints":{"allow":["GET"]}}],"collection":[{"href":"https:\/\/roveyayinevi.com.tr\/index.php\/wp-json\/wp\/v2\/product"}],"about":[{"href":"https:\/\/roveyayinevi.com.tr\/index.php\/wp-json\/wp\/v2\/types\/product"}],"wp:attachment":[{"href":"https:\/\/roveyayinevi.com.tr\/index.php\/wp-json\/wp\/v2\/media?parent=693505"}],"wp:term":[{"taxonomy":"product_brand","embeddable":true,"href":"https:\/\/roveyayinevi.com.tr\/index.php\/wp-json\/wp\/v2\/product_brand?post=693505"},{"taxonomy":"product_cat","embeddable":true,"href":"https:\/\/roveyayinevi.com.tr\/index.php\/wp-json\/wp\/v2\/product_cat?post=693505"},{"taxonomy":"product_tag","embeddable":true,"href":"https:\/\/roveyayinevi.com.tr\/index.php\/wp-json\/wp\/v2\/product_tag?post=693505"}],"curies":[{"name":"wp","href":"https:\/\/api.w.org\/{rel}","templated":true}]}}