{"id":693504,"date":"2025-08-27T14:14:49","date_gmt":"2025-08-27T11:14:49","guid":{"rendered":"https:\/\/roveyayinevi.com.tr\/index.php\/urun\/gollerin-suyu-cikti\/"},"modified":"2026-04-16T02:03:09","modified_gmt":"2026-04-15T23:03:09","slug":"gollerin-suyu-cikti","status":"publish","type":"product","link":"https:\/\/roveyayinevi.com.tr\/index.php\/urun\/gollerin-suyu-cikti\/","title":{"rendered":"G\u00f6llerin Suyu \u00c7\u0131kt\u0131"},"content":{"rendered":"<p>Herkes co\u011frafyan\u0131n korkun\u00e7 oldu\u011funu d\u00fc\u015f\u00fcnebilir. Neyseki t\u00fcm co\u011frafya konular\u0131 \u0131slak, dondurucu ya da anla\u015f\u0131lmaz de\u011fildir. Hatta baz\u0131 k\u0131s\u0131mlar\u0131 olduk\u00e7a heyecan vericidir. \u00d6rne\u011fin, devasa g\u00f6lleri ele alal\u0131m.   G\u00f6llerin Suyu \u00c7\u0131kt\u0131\u2018daki g\u00f6ller gezegendeki en b\u00fcy\u00fck, en y\u00fcksek, en derin ve ak\u0131llara en durgunluk veren t\u00fcrdendir. \u00dcstelik bu gizemli g\u00f6llerin baz\u0131lar\u0131n\u0131n g\u00f6l canavarlar\u0131n\u0131n evleri oldu\u011fu s\u00f6ylenir. Onlar\u0131 biraz daha yak\u0131ndan tan\u0131mak istersen cesarete ihtiyac\u0131n olacak. <\/p>\n","protected":false},"excerpt":{"rendered":"<p>Herkes co\u011frafyan\u0131n korkun\u00e7 oldu\u011funu d\u00fc\u015f\u00fcnebilir. Neyseki t\u00fcm co\u011frafya konular\u0131 \u0131slak, dondurucu ya da anla\u015f\u0131lmaz de\u011fildir. Hatta baz\u0131 k\u0131s\u0131mlar\u0131 olduk\u00e7a heyecan vericidir. \u00d6rne\u011fin, devasa g\u00f6lleri ele alal\u0131m.<span class=\"excerpt-hellip\"> [\u2026]<\/span><\/p>\n","protected":false},"featured_media":0,"template":"","meta":{"_monsterinsights_skip_tracking":false,"_monsterinsights_sitenote_active":false,"_monsterinsights_sitenote_note":"","_monsterinsights_sitenote_category":0},"product_brand":[],"product_cat":[12492,12274],"product_tag":[],"class_list":{"0":"post-693504","1":"product","2":"type-product","3":"status-publish","5":"product_cat-bilmece-bulmaca","6":"product_cat-cocuk-ve-genclik-kitaplari","7":"pa_cilt-ciltsiz","8":"pa_tur-kitap","9":"pa_yayinevi-timas-yayinlari","10":"pa_yazar-anita-ganeri","12":"first","13":"instock","14":"sale","15":"shipping-taxable","16":"purchasable","17":"product-type-simple"},"_links":{"self":[{"href":"https:\/\/roveyayinevi.com.tr\/index.php\/wp-json\/wp\/v2\/product\/693504","targetHints":{"allow":["GET"]}}],"collection":[{"href":"https:\/\/roveyayinevi.com.tr\/index.php\/wp-json\/wp\/v2\/product"}],"about":[{"href":"https:\/\/roveyayinevi.com.tr\/index.php\/wp-json\/wp\/v2\/types\/product"}],"wp:attachment":[{"href":"https:\/\/roveyayinevi.com.tr\/index.php\/wp-json\/wp\/v2\/media?parent=693504"}],"wp:term":[{"taxonomy":"product_brand","embeddable":true,"href":"https:\/\/roveyayinevi.com.tr\/index.php\/wp-json\/wp\/v2\/product_brand?post=693504"},{"taxonomy":"product_cat","embeddable":true,"href":"https:\/\/roveyayinevi.com.tr\/index.php\/wp-json\/wp\/v2\/product_cat?post=693504"},{"taxonomy":"product_tag","embeddable":true,"href":"https:\/\/roveyayinevi.com.tr\/index.php\/wp-json\/wp\/v2\/product_tag?post=693504"}],"curies":[{"name":"wp","href":"https:\/\/api.w.org\/{rel}","templated":true}]}}