{"id":693503,"date":"2025-08-27T14:14:49","date_gmt":"2025-08-27T11:14:49","guid":{"rendered":"https:\/\/roveyayinevi.com.tr\/index.php\/urun\/gicik-bilgisayarlar\/"},"modified":"2026-04-16T02:03:09","modified_gmt":"2026-04-15T23:03:09","slug":"gicik-bilgisayarlar","status":"publish","type":"product","link":"https:\/\/roveyayinevi.com.tr\/index.php\/urun\/gicik-bilgisayarlar\/","title":{"rendered":"G\u0131c\u0131k Bilgisayarlar"},"content":{"rendered":"<p>\u0130lk ba\u015fta bilgisayarlar \u00fc\u00e7 ton a\u011f\u0131rl\u0131\u011f\u0131ndayd\u0131 ve sadece ikiyle ikiyi toplayabiliyordu. Sonra mikro\u00e7ipler ve ki\u015fisel bilgisayarlar \u00fcretildi. \u015eimdi de k\u00fc\u00e7\u00fck, h\u0131zl\u0131 bilgisayarlar d\u00fcnyam\u0131z\u0131 ele ge\u00e7irdi&#8230; Ne var ki h\u00e2l\u00e2 bozuluyorlar. Elinizdeki kitapta bilgisayarlar, ilgin\u00e7 oyunlar, \u015fa\u015f\u0131rt\u0131c\u0131 robotlar, bilgisayar korsanlar\u0131 ve sanal ger\u00e7eklik hakk\u0131nda hi\u00e7bir yerde bulamayaca\u011f\u0131n\u0131z bilgiler okuyabilirsiniz. \u0130nternette s\u00f6rf yapmak ve e-postaya mesajla\u015fmak hi\u00e7 bu kadar e\u011flenceli olmam\u0131\u015ft\u0131! Bilgisayarlar\u0131n sizden daha zeki olup olmad\u0131\u011f\u0131n\u0131 bu kitapla ke\u015ffedin!<\/p>\n","protected":false},"excerpt":{"rendered":"<p>\u0130lk ba\u015fta bilgisayarlar \u00fc\u00e7 ton a\u011f\u0131rl\u0131\u011f\u0131ndayd\u0131 ve sadece ikiyle ikiyi toplayabiliyordu. Sonra mikro\u00e7ipler ve ki\u015fisel bilgisayarlar \u00fcretildi. \u015eimdi de k\u00fc\u00e7\u00fck, h\u0131zl\u0131 bilgisayarlar d\u00fcnyam\u0131z\u0131 ele ge\u00e7irdi&#8230; Ne<span class=\"excerpt-hellip\"> [\u2026]<\/span><\/p>\n","protected":false},"featured_media":0,"template":"","meta":{"_monsterinsights_skip_tracking":false,"_monsterinsights_sitenote_active":false,"_monsterinsights_sitenote_note":"","_monsterinsights_sitenote_category":0},"product_brand":[],"product_cat":[22249,13527],"product_tag":[],"class_list":{"0":"post-693503","1":"product","2":"type-product","3":"status-publish","5":"product_cat-bilim","6":"product_cat-sureli-yayinlar","7":"pa_cilt-ciltsiz","8":"pa_tur-kitap","9":"pa_yayinevi-eglenceli-bilgi-yayinlari","10":"pa_yazar-michael-coleman","12":"first","13":"instock","14":"sale","15":"shipping-taxable","16":"purchasable","17":"product-type-simple"},"_links":{"self":[{"href":"https:\/\/roveyayinevi.com.tr\/index.php\/wp-json\/wp\/v2\/product\/693503","targetHints":{"allow":["GET"]}}],"collection":[{"href":"https:\/\/roveyayinevi.com.tr\/index.php\/wp-json\/wp\/v2\/product"}],"about":[{"href":"https:\/\/roveyayinevi.com.tr\/index.php\/wp-json\/wp\/v2\/types\/product"}],"wp:attachment":[{"href":"https:\/\/roveyayinevi.com.tr\/index.php\/wp-json\/wp\/v2\/media?parent=693503"}],"wp:term":[{"taxonomy":"product_brand","embeddable":true,"href":"https:\/\/roveyayinevi.com.tr\/index.php\/wp-json\/wp\/v2\/product_brand?post=693503"},{"taxonomy":"product_cat","embeddable":true,"href":"https:\/\/roveyayinevi.com.tr\/index.php\/wp-json\/wp\/v2\/product_cat?post=693503"},{"taxonomy":"product_tag","embeddable":true,"href":"https:\/\/roveyayinevi.com.tr\/index.php\/wp-json\/wp\/v2\/product_tag?post=693503"}],"curies":[{"name":"wp","href":"https:\/\/api.w.org\/{rel}","templated":true}]}}