{"id":693501,"date":"2025-08-27T14:14:49","date_gmt":"2025-08-27T11:14:49","guid":{"rendered":"https:\/\/roveyayinevi.com.tr\/index.php\/urun\/cankurtaran-tip-eglenceli-bilgi\/"},"modified":"2026-04-16T02:03:09","modified_gmt":"2026-04-15T23:03:09","slug":"cankurtaran-tip-eglenceli-bilgi","status":"publish","type":"product","link":"https:\/\/roveyayinevi.com.tr\/index.php\/urun\/cankurtaran-tip-eglenceli-bilgi\/","title":{"rendered":"Cankurtaran T\u0131p  E\u011flenceli Bilgi"},"content":{"rendered":"<p>T\u0131bb\u0131n acayip tarihini \u00f6\u011frenme zaman\u0131n\u0131z geldi! Bunlar\u0131 \u00f6\u011frenmeye haz\u0131r m\u0131s\u0131n\u0131z? Hangi deh\u015fet verici cerrah bir devin cesedini \u00e7ald\u0131? Neden baz\u0131 \u00e7atlak doktorlar hastalar\u0131n\u0131n idrar\u0131n\u0131n tad\u0131na bakard\u0131? Eski M\u0131s\u0131rl\u0131lar kaplumba\u011fa beyniyle ne yapard\u0131? Bilimin hastal\u0131kl\u0131 yan\u0131n\u0131 midem kald\u0131r\u0131r diyorsan\u0131z, o zaman t\u0131bb\u0131n \u00e7\u0131lg\u0131n d\u00fcnyas\u0131na ad\u0131m at\u0131p, okumaya ba\u015flay\u0131n. Eski zaman re\u00e7etelerine g\u00f6z at\u0131p, berbat hastaneleri ziyaret edin ve cerrahl\u0131k yetene\u011finizi test edin. Neyle mi? Bir karpuzla! M\u00fcthi\u015f bilgi dosyalar\u0131, korkun\u00e7 testler, \u00e7\u0131lg\u0131n karikat\u00fcrler sizi bekliyor. Bu kitap kesinlikle size iyi gelecek!Bilim, hi\u00e7 bu kadar e\u011flenceli olmam\u0131\u015ft\u0131! <\/p>\n","protected":false},"excerpt":{"rendered":"<p>T\u0131bb\u0131n acayip tarihini \u00f6\u011frenme zaman\u0131n\u0131z geldi! Bunlar\u0131 \u00f6\u011frenmeye haz\u0131r m\u0131s\u0131n\u0131z? Hangi deh\u015fet verici cerrah bir devin cesedini \u00e7ald\u0131? Neden baz\u0131 \u00e7atlak doktorlar hastalar\u0131n\u0131n idrar\u0131n\u0131n tad\u0131na bakard\u0131?<span class=\"excerpt-hellip\"> [\u2026]<\/span><\/p>\n","protected":false},"featured_media":0,"template":"","meta":{"_monsterinsights_skip_tracking":false,"_monsterinsights_sitenote_active":false,"_monsterinsights_sitenote_note":"","_monsterinsights_sitenote_category":0},"product_brand":[],"product_cat":[12477,12364],"product_tag":[],"class_list":{"0":"post-693501","1":"product","2":"type-product","3":"status-publish","5":"product_cat-eglence-mizah","6":"product_cat-genel-konular","7":"pa_cilt-ciltsiz","8":"pa_tur-kitap","9":"pa_yayinevi-timas-yayinlari","10":"pa_yazar-nick-arnold","12":"first","13":"instock","14":"sale","15":"shipping-taxable","16":"purchasable","17":"product-type-simple"},"_links":{"self":[{"href":"https:\/\/roveyayinevi.com.tr\/index.php\/wp-json\/wp\/v2\/product\/693501","targetHints":{"allow":["GET"]}}],"collection":[{"href":"https:\/\/roveyayinevi.com.tr\/index.php\/wp-json\/wp\/v2\/product"}],"about":[{"href":"https:\/\/roveyayinevi.com.tr\/index.php\/wp-json\/wp\/v2\/types\/product"}],"wp:attachment":[{"href":"https:\/\/roveyayinevi.com.tr\/index.php\/wp-json\/wp\/v2\/media?parent=693501"}],"wp:term":[{"taxonomy":"product_brand","embeddable":true,"href":"https:\/\/roveyayinevi.com.tr\/index.php\/wp-json\/wp\/v2\/product_brand?post=693501"},{"taxonomy":"product_cat","embeddable":true,"href":"https:\/\/roveyayinevi.com.tr\/index.php\/wp-json\/wp\/v2\/product_cat?post=693501"},{"taxonomy":"product_tag","embeddable":true,"href":"https:\/\/roveyayinevi.com.tr\/index.php\/wp-json\/wp\/v2\/product_tag?post=693501"}],"curies":[{"name":"wp","href":"https:\/\/api.w.org\/{rel}","templated":true}]}}