{"id":693499,"date":"2025-08-27T14:14:48","date_gmt":"2025-08-27T11:14:48","guid":{"rendered":"https:\/\/roveyayinevi.com.tr\/index.php\/urun\/bellegin-kuytularinda\/"},"modified":"2026-04-12T02:03:43","modified_gmt":"2026-04-11T23:03:43","slug":"bellegin-kuytularinda","status":"publish","type":"product","link":"https:\/\/roveyayinevi.com.tr\/index.php\/urun\/bellegin-kuytularinda\/","title":{"rendered":"Belle\u011fin Kuytular\u0131nda"},"content":{"rendered":"<p>Belle\u011fin Kuytular\u0131nda  ile ger\u00e7ekten zor, ama o \u00f6l\u00e7\u00fcde de talihsiz bir i\u015fe giri\u015fti\u011fimin ta ba\u015f\u0131ndan beri fark\u0131nday\u0131m. Bu portrelerin aras\u0131nda dost olduklar\u0131m da, olmad\u0131klar\u0131m da var \u00e7\u00fcnk\u00fc&#8230;  Zor  olan dostlar\u0131 yazmak, talihsiz olan da dost olmayanlar\u0131. Ama \u015funu da belirtmeliyim: Dostlar\u0131m\u0131 yazarken de dost olmayanlar\u0131 yazarken de, kendimce ve olabildi\u011fi kadar\u0131yla mesafeli ve so\u011fukkanl\u0131 olmaya \u00e7al\u0131\u015ft\u0131m. Yine de, ironi ve mizahtan, hem dostlar\u0131n hem de dost olmayanlar\u0131n hisselerine d\u00fc\u015feni ald\u0131klar\u0131n\u0131 s\u00f6ylemeliyim. Bu konuda hi\u00e7 de mesafeli davranmad\u0131m. Duvarc\u0131l\u0131kta, ta\u015f\u0131 gedi\u011fine koymak esast\u0131r!  Beh\u00e7et Necatigil, Hasan \u00c2li Y\u00fccel, Atilla \u0130lhan, \u015eakir Eczac\u0131ba\u015f\u0131, Fethi Gemuhluo\u011flu, Kemal Tahir, Orhan Pamuk, Do\u011fan H\u0131zlan, Cemil Meri\u00e7, Turgut Cansever, Cemal S\u00fcreya, Sezai Karako\u00e7, Tar\u0131k Bu\u011fra, Halit Refi\u011f&#8230; Edebiyata, sanata, k\u0131saca k\u00fclt\u00fcr hayat\u0131m\u0131za y\u00f6n vermi\u015f portreler, Hilmi Yavuz\u2018un d\u00fc\u015f\u00fcnce ve dil ustal\u0131\u011f\u0131yla okurlarla bulu\u015fuyor. <\/p>\n","protected":false},"excerpt":{"rendered":"<p>Belle\u011fin Kuytular\u0131nda ile ger\u00e7ekten zor, ama o \u00f6l\u00e7\u00fcde de talihsiz bir i\u015fe giri\u015fti\u011fimin ta ba\u015f\u0131ndan beri fark\u0131nday\u0131m. Bu portrelerin aras\u0131nda dost olduklar\u0131m da, olmad\u0131klar\u0131m da var<span class=\"excerpt-hellip\"> [\u2026]<\/span><\/p>\n","protected":false},"featured_media":0,"template":"","meta":{"_monsterinsights_skip_tracking":false,"_monsterinsights_sitenote_active":false,"_monsterinsights_sitenote_note":"","_monsterinsights_sitenote_category":0},"product_brand":[],"product_cat":[12777,12291],"product_tag":[],"class_list":{"0":"post-693499","1":"product","2":"type-product","3":"status-publish","5":"product_cat-deneme","6":"product_cat-edebiyat","7":"pa_tur-kitap","8":"pa_yayinevi-timas-yayinlari","9":"pa_yazar-hilmi-yavuz","11":"first","12":"instock","13":"sale","14":"shipping-taxable","15":"purchasable","16":"product-type-simple"},"_links":{"self":[{"href":"https:\/\/roveyayinevi.com.tr\/index.php\/wp-json\/wp\/v2\/product\/693499","targetHints":{"allow":["GET"]}}],"collection":[{"href":"https:\/\/roveyayinevi.com.tr\/index.php\/wp-json\/wp\/v2\/product"}],"about":[{"href":"https:\/\/roveyayinevi.com.tr\/index.php\/wp-json\/wp\/v2\/types\/product"}],"wp:attachment":[{"href":"https:\/\/roveyayinevi.com.tr\/index.php\/wp-json\/wp\/v2\/media?parent=693499"}],"wp:term":[{"taxonomy":"product_brand","embeddable":true,"href":"https:\/\/roveyayinevi.com.tr\/index.php\/wp-json\/wp\/v2\/product_brand?post=693499"},{"taxonomy":"product_cat","embeddable":true,"href":"https:\/\/roveyayinevi.com.tr\/index.php\/wp-json\/wp\/v2\/product_cat?post=693499"},{"taxonomy":"product_tag","embeddable":true,"href":"https:\/\/roveyayinevi.com.tr\/index.php\/wp-json\/wp\/v2\/product_tag?post=693499"}],"curies":[{"name":"wp","href":"https:\/\/api.w.org\/{rel}","templated":true}]}}